{"id":113486,"date":"2023-08-18T00:00:00","date_gmt":"2023-08-18T05:00:00","guid":{"rendered":"http:\/\/gpl-love.com\/es\/?post_type=product&#038;p=113486"},"modified":"2026-03-09T07:24:46","modified_gmt":"2026-03-09T12:24:46","slug":"cost-calculator-wordpress-plugin","status":"publish","type":"product","link":"https:\/\/gpl-love.com\/es\/producto\/cost-calculator-wordpress-plugin\/","title":{"rendered":"Cost Calculator WordPress Plugin 2.4.1"},"content":{"rendered":"<h3>Cost Calculator WordPress Plugin Caracteristicas<\/h3>\n<p>El complemento de WordPress de la calculadora de costos es una herramienta extremadamente ventajosa que permite a los usuarios forjar y exhibir calculadoras de costos en sus sitios web de WordPress. Este complemento optimiza el proceso de producci\u00f3n de calculadoras para una variedad de industrias, que abarca las finanzas, la construcci\u00f3n y el comercio electr\u00f3nico. Con su interfaz f\u00e1cil de usar y sus caracter\u00edsticas personalizables, el complemento de WordPress de la calculadora de costos se puede adaptar meticulosamente para satisfacer cualquier requisito espec\u00edfico. Adem\u00e1s, el complemento est\u00e1 dise\u00f1ado para ser receptivo y amigable con los dispositivos m\u00f3viles, asegurando una experiencia de usuario \u00f3ptima en todos los dispositivos. El resultado producido por el complemento es notablemente preciso, lo que lo convierte en un recurso excepcional para las empresas con el objetivo de proporcionar a sus clientes estimaciones de costos precisas. A fin de cuentas, el complemento de WordPress de la calculadora de costos representa una inversi\u00f3n notable para las empresas ansiosas por fabricar calculadoras de costos para sus sitios web.<\/p>\n<ul>\n<li>F\u00e1cil de instalar e integrar en su sitio web de WordPress<\/li>\n<li>Calcula de manera r\u00e1pida y precisa el costo de los productos o servicios en funci\u00f3n de la entrada del usuario<\/li>\n<li>Totalmente personalizable para que coincida con la apariencia de su sitio web<\/li>\n<li>Admite varias opciones de divisas para adaptar a su audiencia global<\/li>\n<li>La interfaz f\u00e1cil de usar permite una experiencia de usuario perfecta<\/li>\n<li>Proporciona un desglose detallado de los costos y permite el ajuste de entrada<\/li>\n<li>Dise\u00f1ado para empresas de todos los tama\u00f1os, desde nuevas empresas hasta grandes corporaciones<\/li>\n<li>Ahorra tiempo y esfuerzo en c\u00e1lculos de costos manuales<\/li>\n<li>Aumenta la satisfacci\u00f3n del cliente con informaci\u00f3n de precios transparente y precisa.<\/li>\n<\/ul>\n","protected":false},"excerpt":{"rendered":"<p>Experimente la conveniencia y eficiencia incomparables con nuestro complemento de WordPress de la calculadora de costos. Esta herramienta est\u00e1 dise\u00f1ada para integrarse perfectamente con su sitio de WordPress, proporcion\u00e1ndole un m\u00e9todo f\u00e1cil de usar para calcular los costos. Es perfecto para las empresas que necesitan una soluci\u00f3n confiable y f\u00e1cil de usar para estimar el precio de sus bienes o servicios.<\/p>\n<p>El complemento de WordPress de la calculadora de costos es m\u00e1s que una calculadora simple. Ofrece una gama de caracter\u00edsticas adaptadas para uso comercial. Permite precios din\u00e1micos, lo que permite a los usuarios obtener estimaciones de costos en tiempo real en funci\u00f3n de sus entradas. Tambi\u00e9n admite una variedad de tipos de divisas, lo que lo hace ideal para empresas que operan internacionalmente.<\/p>\n<p>Uno de los beneficios clave de nuestro complemento de WordPress es su versatilidad. Ya sea que est\u00e9 administrando una peque\u00f1a empresa o administrando una gran corporaci\u00f3n, nuestra calculadora de costos puede adaptarse a sus necesidades. Est\u00e1 dise\u00f1ado para ser personalizable, lo que le permite ajustar su configuraci\u00f3n de acuerdo con sus preferencias.<\/p>\n<p>El complemento de WordPress de la calculadora de costos tambi\u00e9n es f\u00e1cil de instalar y usar. Incluso si no eres experto en tecnolog\u00eda,<\/p>\n","protected":false},"featured_media":165666,"comment_status":"open","ping_status":"open","template":"","meta":[],"product_brand":[2339],"product_cat":[1214,1206,1211],"product_tag":[1256],"class_list":{"0":"post-113486","1":"product","2":"type-product","3":"status-publish","4":"has-post-thumbnail","6":"product_brand-codecanyon","7":"product_cat-personalizacion","8":"product_cat-plugins","9":"product_cat-wordpress-plugins","10":"product_tag-codecanyon","11":"member-discount","12":"discount-restricted","14":"first","15":"instock","16":"sale","17":"downloadable","18":"virtual","19":"sold-individually","20":"purchasable","21":"product-type-simple"},"_links":{"self":[{"href":"https:\/\/gpl-love.com\/es\/wp-json\/wp\/v2\/product\/113486","targetHints":{"allow":["GET"]}}],"collection":[{"href":"https:\/\/gpl-love.com\/es\/wp-json\/wp\/v2\/product"}],"about":[{"href":"https:\/\/gpl-love.com\/es\/wp-json\/wp\/v2\/types\/product"}],"replies":[{"embeddable":true,"href":"https:\/\/gpl-love.com\/es\/wp-json\/wp\/v2\/comments?post=113486"}],"wp:featuredmedia":[{"embeddable":true,"href":"https:\/\/gpl-love.com\/es\/wp-json\/wp\/v2\/media\/165666"}],"wp:attachment":[{"href":"https:\/\/gpl-love.com\/es\/wp-json\/wp\/v2\/media?parent=113486"}],"wp:term":[{"taxonomy":"product_brand","embeddable":true,"href":"https:\/\/gpl-love.com\/es\/wp-json\/wp\/v2\/product_brand?post=113486"},{"taxonomy":"product_cat","embeddable":true,"href":"https:\/\/gpl-love.com\/es\/wp-json\/wp\/v2\/product_cat?post=113486"},{"taxonomy":"product_tag","embeddable":true,"href":"https:\/\/gpl-love.com\/es\/wp-json\/wp\/v2\/product_tag?post=113486"}],"curies":[{"name":"wp","href":"https:\/\/api.w.org\/{rel}","templated":true}]}}