{"id":113459,"date":"2026-04-16T00:00:00","date_gmt":"2026-04-16T05:00:00","guid":{"rendered":"http:\/\/gpl-love.com\/es\/?post_type=product&#038;p=113459"},"modified":"2026-04-16T17:16:31","modified_gmt":"2026-04-16T22:16:31","slug":"thegem-creative-multi-purpose-high-performance-wordpress-theme","status":"publish","type":"product","link":"https:\/\/gpl-love.com\/es\/producto\/thegem-creative-multi-purpose-high-performance-wordpress-theme\/","title":{"rendered":"TheGem Creative Multi-Purpose High-Performance WordPress Theme 5.12.1.1"},"content":{"rendered":"<h3>TheGem Creative Multi-Purpose High-Performance WordPress Theme Caracteristicas<\/h3>\n<p>El tema de WordPress de alto rendimiento multiprop\u00f3sito creativo de GemM se presenta como una soluci\u00f3n \u00f3ptima para las personas que buscan construir un sitio web imbuido de una est\u00e9tica profesionalmente pulida y contempor\u00e1nea. Con una gran cantidad de caracter\u00edsticas robustas y adaptables, este tema ofrece a los usuarios la capacidad de construir pr\u00e1cticamente cualquier tipo de sitio web imaginable, ya sea una cartera o blog, la presencia web de una entidad corporativa o un emporio de comercio electr\u00f3nico. La filosof\u00eda de dise\u00f1o de TheGem prioriza la facilidad de uso, incorporando un constructor de arrastrar y soltar que simplifica el proceso de dise\u00f1o e implementaci\u00f3n de dise\u00f1os personalizados. Adem\u00e1s, este tema otorga una prima a la optimizaci\u00f3n de la velocidad, asegurando que el tiempo de carga de su sitio web siga siendo expedito y eficiente. Independientemente del nivel de competencia, ya sea ne\u00f3fito incipiente o virtuoso experimentado, thegem se erige inequ\u00edvocamente como la opci\u00f3n preeminente para cualquier persona que busque forjar un sitio web impresionante y fenomenalmente realizado.<\/p>\n<ul>\n<li>Tema multiprop\u00f3sito adecuado para varios tipos de sitios web<\/li>\n<li>Viene con m\u00e1s de 400 plantillas de dise\u00f1o prefabricadas<\/li>\n<li>Totalmente personalizable con Visual Composer Page Builder<\/li>\n<li>Velocidad de carga r\u00e1pida y de alto rendimiento<\/li>\n<li>Admite a WooCommerce para crear tiendas en l\u00ednea<\/li>\n<li>SEO optimizado para una mejor clasificaci\u00f3n del motor de b\u00fasqueda<\/li>\n<li>Compatible con todos los navegadores y dispositivos modernos<\/li>\n<li>Incluye complementos premium como Slider Revolution y CapeSlider<\/li>\n<li>Equipo de apoyo profesional y dedicado<\/li>\n<li>Actualizaciones y mejoras regulares para garantizar la compatibilidad con las \u00faltimas tendencias de la versi\u00f3n y tecnolog\u00eda de WordPress.<\/li>\n<\/ul>\n","protected":false},"excerpt":{"rendered":"<p>Thegem, un tema de WordPress altamente competente, ha sido complejo para satisfacer los requisitos de los profesionales creativos en diversas industrias. La jactancia de su funcionalidad multifac\u00e9tica y capacidades de rendimiento excepcionales, THEGEM supera todas las expectativas en t\u00e9rminos de versatilidad y facilidad de uso. No importa si usted es un dise\u00f1ador, fot\u00f3grafo, escritor o emprendedor, lo que lo equipa con una variedad de herramientas y caracter\u00edsticas indispensables esenciales para construir un sitio web incomparable, visualmente cautivador y pulido profesionalmente que se distingue sin esfuerzo de la multitud. Integrado perfectamente con un creador de p\u00e1ginas instintivo de arrastrar y soltar, elementos de dise\u00f1o personalizables y una amplia selecci\u00f3n de complementos robustos, Thegem le permite ajustar cada aspecto de su sitio web, asegurando que incorpore su visi\u00f3n y estilo distintos sin problemas. Con TheGem a su disposici\u00f3n, su potencial creativo no conoce l\u00edmites a medida que se embarca en un viaje para crear un sitio web que realmente refleje su individualidad y su toque art\u00edstico.<\/p>\n","protected":false},"featured_media":167723,"comment_status":"open","ping_status":"open","template":"","meta":[],"product_brand":[2337],"product_cat":[1239,1237,1238],"product_tag":[1391],"class_list":{"0":"post-113459","1":"product","2":"type-product","3":"status-publish","4":"has-post-thumbnail","6":"product_brand-themeforest","7":"product_cat-de-multiples-fines","8":"product_cat-temas","9":"product_cat-wordpress-temas","10":"product_tag-themeforest","11":"member-discount","12":"discount-restricted","14":"first","15":"instock","16":"sale","17":"downloadable","18":"virtual","19":"sold-individually","20":"purchasable","21":"product-type-simple"},"_links":{"self":[{"href":"https:\/\/gpl-love.com\/es\/wp-json\/wp\/v2\/product\/113459","targetHints":{"allow":["GET"]}}],"collection":[{"href":"https:\/\/gpl-love.com\/es\/wp-json\/wp\/v2\/product"}],"about":[{"href":"https:\/\/gpl-love.com\/es\/wp-json\/wp\/v2\/types\/product"}],"replies":[{"embeddable":true,"href":"https:\/\/gpl-love.com\/es\/wp-json\/wp\/v2\/comments?post=113459"}],"wp:featuredmedia":[{"embeddable":true,"href":"https:\/\/gpl-love.com\/es\/wp-json\/wp\/v2\/media\/167723"}],"wp:attachment":[{"href":"https:\/\/gpl-love.com\/es\/wp-json\/wp\/v2\/media?parent=113459"}],"wp:term":[{"taxonomy":"product_brand","embeddable":true,"href":"https:\/\/gpl-love.com\/es\/wp-json\/wp\/v2\/product_brand?post=113459"},{"taxonomy":"product_cat","embeddable":true,"href":"https:\/\/gpl-love.com\/es\/wp-json\/wp\/v2\/product_cat?post=113459"},{"taxonomy":"product_tag","embeddable":true,"href":"https:\/\/gpl-love.com\/es\/wp-json\/wp\/v2\/product_tag?post=113459"}],"curies":[{"name":"wp","href":"https:\/\/api.w.org\/{rel}","templated":true}]}}