{"id":113452,"date":"2025-10-23T00:00:00","date_gmt":"2025-10-23T05:00:00","guid":{"rendered":"http:\/\/gpl-love.com\/es\/?post_type=product&#038;p=113452"},"modified":"2026-03-13T17:35:44","modified_gmt":"2026-03-13T22:35:44","slug":"zota-elementor-multi-purpose-woocommerce-theme","status":"publish","type":"product","link":"https:\/\/gpl-love.com\/es\/producto\/zota-elementor-multi-purpose-woocommerce-theme\/","title":{"rendered":"Zota Elementor Multi-Purpose WooCommerce Theme 1.3.14"},"content":{"rendered":"<h3>Zota Elementor Multi-Purpose WooCommerce Theme Caracteristicas<\/h3>\n<p>El tema de WooCommerce multiprop\u00f3sito de Zota Elementor se presenta como una resoluci\u00f3n altamente adecuada y ventajosa para las empresas en busca de una plataforma de comercio electr\u00f3nico flexible y adaptable. Con una gama integral de funcionalidades innovadoras y una interfaz extremadamente f\u00e1cil de usar, este tema permite a los usuarios dise\u00f1ar un sitio web impecablemente profesional que sea simult\u00e1neamente utilitario y visualmente cautivador. La incorporaci\u00f3n perfecta de WooCommerce en el marco hace que la administraci\u00f3n de su tienda en l\u00ednea sea un proceso simple y simplificado, mientras que la inclusi\u00f3n del constructor de p\u00e1ginas de elementor le brinda autoridad absoluta sobre la composici\u00f3n est\u00e9tica de su sitio web. Independientemente de si su inventario est\u00e1 compuesto por bienes tangibles o intangibles, el tema de WooCommerce multiprop\u00f3sito Zota Elementador ofrece un mecanismo armonioso y eficiente para mostrar su mercanc\u00eda y establecer interacciones significativas con su clientela.<\/p>\n<ul>\n<li>Un tema vers\u00e1til y personalizable para tiendas en l\u00ednea que utiliza la plataforma WooCommerce<\/li>\n<li>Dise\u00f1ado con el Element Page Builder, lo que permite una f\u00e1cil personalizaci\u00f3n de arrastrar y soltar sin necesidad de conocimientos de codificaci\u00f3n<\/li>\n<li>Incluye m\u00faltiples dise\u00f1os de demostraci\u00f3n previamente construidos para una variedad de industrias y nichos<\/li>\n<li>El dise\u00f1o totalmente receptivo y amigable para los dispositivos m\u00f3viles garantiza una experiencia de compra perfecta para los clientes en cualquier dispositivo<\/li>\n<li>Optimizado para velocidades de carga r\u00e1pidas para mejorar la experiencia del usuario y las clasificaciones de los motores de b\u00fasqueda<\/li>\n<li>Admite una variedad de caracter\u00edsticas populares de WooCommerce, como variaciones de productos, funcionalidad de carrito y pago, e integraci\u00f3n con pasarelas de pago populares<\/li>\n<li>Incluye una gama de opciones de personalizaci\u00f3n para encabezados, pies de p\u00e1gina, widgets y m\u00e1s para crear una tienda en l\u00ednea \u00fanica que se alinee con su marca y estilo<\/li>\n<li>Las actualizaciones y el soporte regulares del equipo de ZOTA aseguran la compatibilidad continua con las actualizaciones de WordPress y WooCommerce y brindan asistencia con cualquier problema o pregunta.<\/li>\n<\/ul>\n","protected":false},"excerpt":{"rendered":"<p>El tema de WooCommerce multiprop\u00f3sito de Zota Elementor, reconocido por su calidad excepcional, es un tema de WordPress de primer nivel dise\u00f1ado para proporcionar a los usuarios una experiencia incomparable en la creaci\u00f3n de tiendas en l\u00ednea visualmente impresionantes y altamente funcionales. Este tema premium cuenta con una multitud de dise\u00f1os y plantillas predise\u00f1ados, meticulosamente elaborados para satisfacer las diversas necesidades y preferencias de sus usuarios. La Pi\u00e8ce de R\u00e9sistance se encuentra dentro de su integraci\u00f3n con el aclamado Builder de p\u00e1ginas de arrastre de elementos de elemento, que faculta a los usuarios personalizar sin esfuerzo sus tiendas en l\u00ednea a la perfecci\u00f3n. Adem\u00e1s, el tema de WooCommerce multiprop\u00f3sito Zota Elementor se sincroniza sin problemas con la plataforma WooCommerce, que garantiza una fusi\u00f3n perfecta de los productos, pedidos y pagos de su tienda. Con Zota a su disposici\u00f3n, la capacidad de dise\u00f1ar una tienda en l\u00ednea que no solo exuda su visi\u00f3n \u00fanica, sino que tambi\u00e9n atiende sin esfuerzo a las necesidades de sus clientes se convierte en realidad, todo sin la necesidad de un conocimiento de codificaci\u00f3n intrincado.<\/p>\n","protected":false},"featured_media":168730,"comment_status":"open","ping_status":"open","template":"","meta":[],"product_brand":[2337],"product_cat":[1263,1469,1237],"product_tag":[1391],"class_list":{"0":"post-113452","1":"product","2":"type-product","3":"status-publish","4":"has-post-thumbnail","6":"product_brand-themeforest","7":"product_cat-comercio-electronico-temas","8":"product_cat-creativo-comercio-electronico-temas","9":"product_cat-temas","10":"product_tag-themeforest","11":"member-discount","12":"discount-restricted","14":"first","15":"instock","16":"sale","17":"downloadable","18":"virtual","19":"sold-individually","20":"purchasable","21":"product-type-simple"},"_links":{"self":[{"href":"https:\/\/gpl-love.com\/es\/wp-json\/wp\/v2\/product\/113452","targetHints":{"allow":["GET"]}}],"collection":[{"href":"https:\/\/gpl-love.com\/es\/wp-json\/wp\/v2\/product"}],"about":[{"href":"https:\/\/gpl-love.com\/es\/wp-json\/wp\/v2\/types\/product"}],"replies":[{"embeddable":true,"href":"https:\/\/gpl-love.com\/es\/wp-json\/wp\/v2\/comments?post=113452"}],"wp:featuredmedia":[{"embeddable":true,"href":"https:\/\/gpl-love.com\/es\/wp-json\/wp\/v2\/media\/168730"}],"wp:attachment":[{"href":"https:\/\/gpl-love.com\/es\/wp-json\/wp\/v2\/media?parent=113452"}],"wp:term":[{"taxonomy":"product_brand","embeddable":true,"href":"https:\/\/gpl-love.com\/es\/wp-json\/wp\/v2\/product_brand?post=113452"},{"taxonomy":"product_cat","embeddable":true,"href":"https:\/\/gpl-love.com\/es\/wp-json\/wp\/v2\/product_cat?post=113452"},{"taxonomy":"product_tag","embeddable":true,"href":"https:\/\/gpl-love.com\/es\/wp-json\/wp\/v2\/product_tag?post=113452"}],"curies":[{"name":"wp","href":"https:\/\/api.w.org\/{rel}","templated":true}]}}