{"id":113450,"date":"2021-08-24T00:00:00","date_gmt":"2021-08-24T05:00:00","guid":{"rendered":"http:\/\/gpl-love.com\/es\/?post_type=product&#038;p=113450"},"modified":"2026-04-10T11:25:43","modified_gmt":"2026-04-10T16:25:43","slug":"stockie-multi-purpose-creative-woocommerce-theme","status":"publish","type":"product","link":"https:\/\/gpl-love.com\/es\/producto\/stockie-multi-purpose-creative-woocommerce-theme\/","title":{"rendered":"Stockie Multi-purpose Creative WooCommerce Theme 1.3.0"},"content":{"rendered":"<h3>Stockie Multi-purpose Creative WooCommerce Theme Caracteristicas<\/h3>\n<p>El tema creativo de WooCommerce multiusos de Stockie es un tema de WordPress incre\u00edblemente flexible y de dise\u00f1o din\u00e1mico que atiende a empresas de todos los tama\u00f1os. Ya sea que se encuentre operando como un minorista en l\u00ednea o una agencia creativa, Stockie garantiza que tenga acceso a una amplia gama de caracter\u00edsticas y funciones personalizables, lo que le permite construir un sitio web que sea distintivo y cautivador. Con un dise\u00f1o elegante y moderno, una interfaz intuitiva de arrastrar y soltar, as\u00ed como una integraci\u00f3n perfecta con WooCommerce, Stockie le permite exhibir sus productos y servicios, aprovechar los leads potenciales y convertir con \u00e9xito visitantes casuales en clientes firmes y dedicados. Independientemente de si aspira a establecer un blog que invita a la reflexi\u00f3n, una tienda en l\u00ednea eficiente o un sitio web de cartera ejemplar, tenga la seguridad de que Stockie presenta una soluci\u00f3n que lo abarca todo lo que posee todas las herramientas y recursos necesarios para transformar sus aspiraciones visionarias en realidades tangibles. . \u00bfPor qu\u00e9 procrastinar por m\u00e1s tiempo? Emprenda un viaje transformador dando un intento de Stockie hoy y personalmente es testigo de por qu\u00e9 se ha ganado leg\u00edtimamente su estimada reputaci\u00f3n como uno de los temas m\u00e1s buscados en el mercado actual.<\/p>\n<ul>\n<li>Un tema vers\u00e1til de WooCommerce dise\u00f1ado para empresas creativas y tiendas en l\u00ednea.<\/li>\n<li>M\u00faltiples demostraciones preconstruidas y un poderoso constructor de p\u00e1ginas personalizable y personalizable para ayudarlo a crear un sitio web \u00fanico para su marca.<\/li>\n<li>Integrado con complementos populares como el Formulario de contacto 7, MailChimp y Yoast SEO para ahorrarle tiempo y esfuerzo para configurar su sitio.<\/li>\n<li>Dise\u00f1o receptivo y rendimiento r\u00e1pido y suave para una gran experiencia de usuario en cualquier dispositivo.<\/li>\n<li>Opciones de personalizaci\u00f3n f\u00e1cil para elementos visuales como fuentes, colores y dise\u00f1os para que coincidan con su marca.<\/li>\n<li>Soporte incorporado para variaciones de productos, cupones y opciones de env\u00edo para optimizar sus operaciones de comercio electr\u00f3nico.<\/li>\n<li>Potentes opciones de b\u00fasqueda y filtrado para ayudar a los clientes a encontrar lo que est\u00e1n buscando de manera r\u00e1pida y f\u00e1cil.<\/li>\n<li>Una gama de plantillas y elementos de p\u00e1gina preconstruidos, que incluyen sobre nosotros, testimonios, tablas de precios y m\u00e1s.<\/li>\n<li>Actualizaciones regulares y excelente atenci\u00f3n al cliente para ayudarlo a mantenerse actualizado y aprovechar al m\u00e1ximo su tema.<\/li>\n<\/ul>\n","protected":false},"excerpt":{"rendered":"<p>Stockie es un tema de WooCommerce incre\u00edblemente vers\u00e1til y altamente creativo que combina perfectamente la funcionalidad y el estilo de una manera realmente notable. Con m\u00faltiples dise\u00f1os de p\u00e1gina de inicio, una amplia gama de plantillas de p\u00e1gina de productos y una amplia gama de opciones de dise\u00f1o personalizables, este tema es sin duda la opci\u00f3n ideal para cualquier tipo de tienda en l\u00ednea o empresa comercial. Adem\u00e1s, vale la pena se\u00f1alar que el tema est\u00e1 meticulosamente dise\u00f1ado para ser completamente receptivo, asegurando que su sitio web permanezca sin esfuerzo y se muestre sin problemas en todos los dispositivos y tama\u00f1os de pantalla. Independientemente de si su objetivo principal es vender productos, mostrar una cartera impresionante o promover efectivamente su gama de servicios, Stockie se erige como la soluci\u00f3n definitiva para todas sus necesidades de comercio electr\u00f3nico. No pierda el tiempo, aproveche esta invaluable oportunidad y catapulte la presencia en l\u00ednea de su marca a alturas sin precedentes al adquirir Stockie sin demora.<\/p>\n","protected":false},"featured_media":167568,"comment_status":"open","ping_status":"open","template":"","meta":[],"product_brand":[2337],"product_cat":[1263,1469,1237],"product_tag":[1391],"class_list":{"0":"post-113450","1":"product","2":"type-product","3":"status-publish","4":"has-post-thumbnail","6":"product_brand-themeforest","7":"product_cat-comercio-electronico-temas","8":"product_cat-creativo-comercio-electronico-temas","9":"product_cat-temas","10":"product_tag-themeforest","11":"member-discount","12":"discount-restricted","14":"first","15":"instock","16":"sale","17":"downloadable","18":"virtual","19":"sold-individually","20":"purchasable","21":"product-type-simple"},"_links":{"self":[{"href":"https:\/\/gpl-love.com\/es\/wp-json\/wp\/v2\/product\/113450","targetHints":{"allow":["GET"]}}],"collection":[{"href":"https:\/\/gpl-love.com\/es\/wp-json\/wp\/v2\/product"}],"about":[{"href":"https:\/\/gpl-love.com\/es\/wp-json\/wp\/v2\/types\/product"}],"replies":[{"embeddable":true,"href":"https:\/\/gpl-love.com\/es\/wp-json\/wp\/v2\/comments?post=113450"}],"wp:featuredmedia":[{"embeddable":true,"href":"https:\/\/gpl-love.com\/es\/wp-json\/wp\/v2\/media\/167568"}],"wp:attachment":[{"href":"https:\/\/gpl-love.com\/es\/wp-json\/wp\/v2\/media?parent=113450"}],"wp:term":[{"taxonomy":"product_brand","embeddable":true,"href":"https:\/\/gpl-love.com\/es\/wp-json\/wp\/v2\/product_brand?post=113450"},{"taxonomy":"product_cat","embeddable":true,"href":"https:\/\/gpl-love.com\/es\/wp-json\/wp\/v2\/product_cat?post=113450"},{"taxonomy":"product_tag","embeddable":true,"href":"https:\/\/gpl-love.com\/es\/wp-json\/wp\/v2\/product_tag?post=113450"}],"curies":[{"name":"wp","href":"https:\/\/api.w.org\/{rel}","templated":true}]}}