{"id":113448,"date":"2021-05-15T00:00:00","date_gmt":"2021-05-15T05:00:00","guid":{"rendered":"http:\/\/gpl-love.com\/es\/?post_type=product&#038;p=113448"},"modified":"2026-03-09T08:26:26","modified_gmt":"2026-03-09T13:26:26","slug":"woocommerce-volume-discount-coupons","status":"publish","type":"product","link":"https:\/\/gpl-love.com\/es\/producto\/woocommerce-volume-discount-coupons\/","title":{"rendered":"WooCommerce Volume Discount Coupons 1.7.0"},"content":{"rendered":"<h3>WooCommerce Volume Discount Coupons Caracteristicas<\/h3>\n<p>Los cupones de descuento de volumen de WooCommerce son un complemento muy robusto y efectivo que empodera a los propietarios de tiendas en l\u00ednea con la capacidad de proporcionar descuentos atractivos a los clientes que realizan compras a granel. Al aprovechar las capacidades de este complemento, los propietarios de tiendas pueden generar y administrar cupones de descuento sin esfuerzo que sirven como poderosos incentivos para que los clientes aumenten sus gastos. Este complemento ofrece la caracter\u00edstica notable de permitir a los usuarios establecer niveles variables de descuentos en funci\u00f3n de la cantidad de productos adquiridos, facilitando as\u00ed el potencial de ventas amplificadas y una mayor lealtad del cliente. Al otorgar a los clientes con descuentos proporcionales a su volumen de compra, los propietarios de tiendas pueden fomentar efectivamente el cultivo de negocios repetidos y fomentar un entorno de mayor satisfacci\u00f3n del cliente. En general, los cupones de descuento de volumen de WooCommerce representan una herramienta indispensable para las personas que buscan reforzar sus cifras de ventas y cultivar un crecimiento exponencial dentro de sus negocios en l\u00ednea.<\/p>\n<ul>\n<li>Descuentos para compras a granel: este producto permite a las empresas ofrecer descuentos de volumen para alentar a los clientes a comprar m\u00e1s art\u00edculos a la vez.<\/li>\n<li>Configuraci\u00f3n f\u00e1cil: el complemento se integra perfectamente en WooCommerce y se puede configurar en solo unos pocos clics.<\/li>\n<li>Condiciones flexibles: las empresas pueden establecer condiciones espec\u00edficas para descuentos, como un monto m\u00ednimo de pedido o una categor\u00eda de producto espec\u00edfica.<\/li>\n<li>Cupones personalizables: las empresas pueden personalizar la apariencia y la redacci\u00f3n de los cupones para adaptarse a su marca.<\/li>\n<li>Promociones sensibles al tiempo: las empresas pueden establecer fechas de vencimiento de descuentos para crear un sentido de urgencia para que los clientes realicen una compra.<\/li>\n<li>Resultados rastreables: las empresas pueden rastrear el \u00e9xito de sus cupones de descuento de volumen a trav\u00e9s de las herramientas de informes de WooCommerce.<\/li>\n<li>Altas tasas de conversi\u00f3n: al ofrecer descuentos para compras a granel, las empresas pueden aumentar su valor de pedido promedio y fomentar compras repetidas.<\/li>\n<\/ul>\n","protected":false},"excerpt":{"rendered":"<p>Los cupones de descuento de volumen de WooCommerce son un complemento incre\u00edblemente robusto y altamente efectivo que le brinda la incre\u00edble capacidad de ofrecer descuentos atractivos a sus estimados clientes en funci\u00f3n de la cantidad de productos que eligen comprar. Al emplear este poderoso complemento, se le otorga la capacidad de crear y personalizar los c\u00f3digos de cup\u00f3n sin esfuerzo que se activan r\u00e1pidamente cuando sus valiosos clientes agregan un n\u00famero espec\u00edfico y predeterminado de art\u00edculos a sus carros de compras virtuales. Esta ingeniosa caracter\u00edstica, en \u00faltima instancia, le permite incentivar y motivar de manera efectiva y motivar las compras a granel, lo que aumenta significativamente y sustancialmente sus ingresos y rendimientos generales de ventas. Adem\u00e1s, este notable complemento est\u00e1 totalmente equipado y equipado con una multitud de caracter\u00edsticas avanzadas y sofisticadas, como la inclusi\u00f3n de cantidades m\u00ednimas y m\u00e1ximas, la incorporaci\u00f3n de fechas de vencimiento y la imposici\u00f3n de restricciones de uso. Estas caracter\u00edsticas invaluables colectivamente y de manera integral le proporcionan un grado de control sin precedentes, lo que le permite adaptar y ajustar meticulosamente la naturaleza precisa de los descuentos que desea ofrecer a su estimada clientela. \u00a1No dude por m\u00e1s tiempo, tome medidas decisivas y eleve su tienda de WooCommerce a nuevas alturas de excelencia y un \u00e9xito inigualable al adquirir de inmediato y ampliamente adquiriendo cupones de descuento de volumen hoy!<\/p>\n","protected":false},"featured_media":168305,"comment_status":"open","ping_status":"open","template":"","meta":[],"product_brand":[2339],"product_cat":[1207,1248,1206],"product_tag":[1256],"class_list":{"0":"post-113448","1":"product","2":"type-product","3":"status-publish","4":"has-post-thumbnail","6":"product_brand-codecanyon","7":"product_cat-comercio-electronico-plugins","8":"product_cat-personalizacion-comercio-electronico-plugins","9":"product_cat-plugins","10":"product_tag-codecanyon","11":"member-discount","12":"discount-restricted","14":"first","15":"instock","16":"sale","17":"downloadable","18":"virtual","19":"sold-individually","20":"purchasable","21":"product-type-simple"},"_links":{"self":[{"href":"https:\/\/gpl-love.com\/es\/wp-json\/wp\/v2\/product\/113448","targetHints":{"allow":["GET"]}}],"collection":[{"href":"https:\/\/gpl-love.com\/es\/wp-json\/wp\/v2\/product"}],"about":[{"href":"https:\/\/gpl-love.com\/es\/wp-json\/wp\/v2\/types\/product"}],"replies":[{"embeddable":true,"href":"https:\/\/gpl-love.com\/es\/wp-json\/wp\/v2\/comments?post=113448"}],"wp:featuredmedia":[{"embeddable":true,"href":"https:\/\/gpl-love.com\/es\/wp-json\/wp\/v2\/media\/168305"}],"wp:attachment":[{"href":"https:\/\/gpl-love.com\/es\/wp-json\/wp\/v2\/media?parent=113448"}],"wp:term":[{"taxonomy":"product_brand","embeddable":true,"href":"https:\/\/gpl-love.com\/es\/wp-json\/wp\/v2\/product_brand?post=113448"},{"taxonomy":"product_cat","embeddable":true,"href":"https:\/\/gpl-love.com\/es\/wp-json\/wp\/v2\/product_cat?post=113448"},{"taxonomy":"product_tag","embeddable":true,"href":"https:\/\/gpl-love.com\/es\/wp-json\/wp\/v2\/product_tag?post=113448"}],"curies":[{"name":"wp","href":"https:\/\/api.w.org\/{rel}","templated":true}]}}