{"id":113446,"date":"2023-02-25T00:00:00","date_gmt":"2023-02-25T05:00:00","guid":{"rendered":"http:\/\/gpl-love.com\/es\/?post_type=product&#038;p=113446"},"modified":"2026-04-10T11:27:12","modified_gmt":"2026-04-10T16:27:12","slug":"taqyeem-wordpress-review-plugin","status":"publish","type":"product","link":"https:\/\/gpl-love.com\/es\/producto\/taqyeem-wordpress-review-plugin\/","title":{"rendered":"Taqyeem WordPress Review Plugin 2.7.0"},"content":{"rendered":"<h3>Taqyeem WordPress Review Plugin Caracteristicas<\/h3>\n<p>El complemento Taqyeem WordPress Review es una herramienta excepcional y altamente eficiente dise\u00f1ada meticulosamente para ayudar a los propietarios de sitios web a integrar cajas de revisi\u00f3n elegantes y totalmente personalizables en sus publicaciones y p\u00e1ginas de WordPress. Este notable complemento faculta a los usuarios para cautivar las cr\u00edticas de moda sin esfuerzo que cautivan la atenci\u00f3n sin esfuerzo, absorbiendo efectivamente a su p\u00fablico objetivo. El complemento en s\u00ed cuenta con una extensa gama de opciones de personalizaci\u00f3n, lo que permite a los usuarios curar meticulosamente sus sistemas de calificaciones deseados, adaptar ingeniosamente colores y fuentes, e incluso incorporar criterios de revisi\u00f3n a medida. Adem\u00e1s, vale la pena se\u00f1alar que el complemento Taqyeem WordPress Review es asombrosamente f\u00e1cil de usar, facilitando la instalaci\u00f3n y la utilizaci\u00f3n sin esfuerzo. En consecuencia, representa indiscutiblemente una opci\u00f3n impecable para los propietarios de sitios web que tienen la intenci\u00f3n de aumentar tanto la participaci\u00f3n del usuario como la experiencia general del usuario. Independientemente de si uno se identifica como un blogger dedicado, vendedor astuto o propietario de negocios visionario, el complemento Taqyeem WordPress Review posee inequ\u00edvocamente la capacidad intr\u00ednseca para elevar y catapultar el contenido de uno a alturas incomparables de \u00e9xito y distinci\u00f3n.<\/p>\n<ul>\n<li>Proceso de instalaci\u00f3n f\u00e1cil para usuarios de WordPress<\/li>\n<li>Proporciona iconos y temas de puntaje de revisi\u00f3n personalizable<\/li>\n<li>Se integra con fragmentos ricos en Google para mejorar los resultados de los motores de b\u00fasqueda<\/li>\n<li>Permite revisiones de criterios m\u00faltiples adem\u00e1s de las clasificaciones de estrellas tradicionales<\/li>\n<li>Proporciona caracter\u00edsticas avanzadas como listas de pros y contras, comentarios de los usuarios y revisi\u00f3n de moderaci\u00f3n<\/li>\n<li>Se puede utilizar para cualquier tipo de revisi\u00f3n, incluidos productos, servicios y empresas.<\/li>\n<li>Compatible con todos los temas y complementos de WordPress<\/li>\n<li>Actualizado regularmente para un rendimiento y seguridad \u00f3ptimos<\/li>\n<\/ul>\n","protected":false},"excerpt":{"rendered":"<p>El complemento Taqyeem WordPress Review es una herramienta muy f\u00e1cil de usar y sin complicaciones que presenta a los usuarios la oportunidad de incorporar cajas de revisi\u00f3n notables y completamente personalizables en su sitio web de WordPress. Al utilizar Taqyeem, los individuos pueden atraer a un mayor n\u00famero de visitantes a su sitio web mediante las calificaciones de revisi\u00f3n cautivadores y llamativos, al tiempo que mejoran el nivel de participaci\u00f3n del usuario a trav\u00e9s de su marco bien dise\u00f1ado y adaptable. Adem\u00e1s, este complemento excepcional, Taqyeem, atiende a las diversas necesidades y preferencias de sus usuarios al ofrecer una multitud de opciones de personalizaci\u00f3n, lo que permite a las personas infundir sus cr\u00edticas con un toque distintivo e individualista que se alinea perfectamente con la identidad de su marca. En resumen, es evidente que Taqyeem sirve como la soluci\u00f3n definitiva e incomparable para blogueros, plataformas de comercio electr\u00f3nico y revisar sitios web que buscan aumentar la experiencia general del cliente e impulsar un aumento significativo en el tr\u00e1fico del sitio web.<\/p>\n","protected":false},"featured_media":167688,"comment_status":"open","ping_status":"open","template":"","meta":[],"product_brand":[2339],"product_cat":[1214,1206,1211],"product_tag":[1256],"class_list":{"0":"post-113446","1":"product","2":"type-product","3":"status-publish","4":"has-post-thumbnail","6":"product_brand-codecanyon","7":"product_cat-personalizacion","8":"product_cat-plugins","9":"product_cat-wordpress-plugins","10":"product_tag-codecanyon","11":"member-discount","12":"discount-restricted","14":"first","15":"instock","16":"sale","17":"downloadable","18":"virtual","19":"sold-individually","20":"purchasable","21":"product-type-simple"},"_links":{"self":[{"href":"https:\/\/gpl-love.com\/es\/wp-json\/wp\/v2\/product\/113446","targetHints":{"allow":["GET"]}}],"collection":[{"href":"https:\/\/gpl-love.com\/es\/wp-json\/wp\/v2\/product"}],"about":[{"href":"https:\/\/gpl-love.com\/es\/wp-json\/wp\/v2\/types\/product"}],"replies":[{"embeddable":true,"href":"https:\/\/gpl-love.com\/es\/wp-json\/wp\/v2\/comments?post=113446"}],"wp:featuredmedia":[{"embeddable":true,"href":"https:\/\/gpl-love.com\/es\/wp-json\/wp\/v2\/media\/167688"}],"wp:attachment":[{"href":"https:\/\/gpl-love.com\/es\/wp-json\/wp\/v2\/media?parent=113446"}],"wp:term":[{"taxonomy":"product_brand","embeddable":true,"href":"https:\/\/gpl-love.com\/es\/wp-json\/wp\/v2\/product_brand?post=113446"},{"taxonomy":"product_cat","embeddable":true,"href":"https:\/\/gpl-love.com\/es\/wp-json\/wp\/v2\/product_cat?post=113446"},{"taxonomy":"product_tag","embeddable":true,"href":"https:\/\/gpl-love.com\/es\/wp-json\/wp\/v2\/product_tag?post=113446"}],"curies":[{"name":"wp","href":"https:\/\/api.w.org\/{rel}","templated":true}]}}