{"id":113444,"date":"2022-02-28T00:00:00","date_gmt":"2022-02-28T05:00:00","guid":{"rendered":"http:\/\/gpl-love.com\/es\/?post_type=product&#038;p=113444"},"modified":"2026-03-13T17:15:09","modified_gmt":"2026-03-13T22:15:09","slug":"907-responsive-multi-purpose-wordpress-theme","status":"publish","type":"product","link":"https:\/\/gpl-love.com\/es\/producto\/907-responsive-multi-purpose-wordpress-theme\/","title":{"rendered":"907 Responsive Multi-Purpose WordPress Theme 5.2.14"},"content":{"rendered":"<h3>907 Responsive Multi-Purpose WordPress Theme Caracteristicas<\/h3>\n<p>El tema de WordPress multiprop\u00f3sito 907 demuestra ser una soluci\u00f3n incre\u00edblemente vers\u00e1til y din\u00e1mica para las personas que buscan crear sitios web, blogs y tiendas en l\u00ednea visualmente impresionantes. Con un dise\u00f1o elegante y moderno, este tema asegura que su contenido se muestre bellamente en todos los dispositivos debido a su total capacidad de respuesta. No solo eso, sino que tambi\u00e9n ofrece una amplia gama de opciones de personalizaci\u00f3n, que van desde varios dise\u00f1os hasta una amplia selecci\u00f3n de fuentes y esquemas de color, lo que le permite crear un sitio \u00fanico y profesionalmente pulido. Adem\u00e1s, este tema est\u00e1 equipado con una variedad de caracter\u00edsticas potentes, incluida la optimizaci\u00f3n de SEO, la integraci\u00f3n perfecta con las plataformas de redes sociales y el soporte integral de comercio electr\u00f3nico, lo que le permite vender directamente sus productos y servicios desde su sitio web. Con su interfaz f\u00e1cil de usar y su documentaci\u00f3n integral, el tema de WordPress multiprop\u00f3sito 907 realmente se erige realmente como la opci\u00f3n ideal para las personas que desean crear un sitio web de alta calidad de alta calidad r\u00e1pida y sin esfuerzo.<\/p>\n<ul>\n<li>907 El tema de WordPress multiprop\u00f3sito sensible es un tema vers\u00e1til y adaptable para los sitios web de WordPress.<\/li>\n<li>El tema es totalmente receptivo y optimizado para dispositivos m\u00f3viles, lo que garantiza que su sitio web se vea muy bien en cualquier dispositivo.<\/li>\n<li>Viene con m\u00e1s de 20 dise\u00f1os de demostraci\u00f3n preconstruidos para elegir, d\u00e1ndole una ventaja en el dise\u00f1o de su sitio web.<\/li>\n<li>El tema es compatible con una amplia gama de complementos de WordPress, incluidos WooCommerce, WPML, Contact Form 7 y Revolution Slider.<\/li>\n<li>Puede personalizar todos los aspectos de su sitio web utilizando el editor intuitivo de arrastrar y soltar y las opciones de vista previa en vivo.<\/li>\n<li>Tambi\u00e9n tiene acceso a una biblioteca de m\u00e1s de 800 fuentes de Google para elegir, lo que le permite crear una tipograf\u00eda \u00fanica y llamativa para su sitio web.<\/li>\n<li>El tema est\u00e1 optimizado para la velocidad y el rendimiento, asegurando que su sitio web se cargue de manera r\u00e1pida y eficiente.<\/li>\n<li>Tambi\u00e9n es amigable con SEO, lo que ayuda a su sitio web a clasificarse m\u00e1s alto en los resultados de los motores de b\u00fasqueda.<\/li>\n<li>El tema viene con documentaci\u00f3n detallada y atenci\u00f3n al cliente, asegurando que tenga toda la ayuda que necesita para crear el sitio web perfecto para su negocio o blog.<\/li>\n<\/ul>\n","protected":false},"excerpt":{"rendered":"<p>El tema de WordPress multiprop\u00f3sito 907 es un tema vers\u00e1til de WordPress, con una notable versatilidad y un poder formidable. Este poderoso tema de WordPress es adecuado para varios tipos de sitios web, asegurando una experiencia de usuario fluida con su dise\u00f1o receptivo. Este tema es m\u00e1s que un tema de WordPress con opciones de personalizaci\u00f3n avanzada; Es una herramienta que proporciona plantillas preconstruidas que le facilitan el creaci\u00f3n de un sitio web distinto y de aspecto profesional.<\/p>\n<p>Este tema personalizado de WordPress es perfecto para blogs, plataformas de comercio electr\u00f3nico, carteras y sitios web de negocios. Con el tema de WordPress 907 todo incluido, puede embarcarse en un viaje a los esfuerzos exitosos en l\u00ednea. Tome este tema exploratorio de WordPress para un giro, y ver\u00e1 por qu\u00e9 se erige como el tema triunfante de WordPress para muchos.<\/p>\n<p>D\u00e9 una oportunidad al tema 907 de WordPress y ver\u00e1 por qu\u00e9 es un tema de WordPress confiable que es muy querido por muchos. \u00a1Conf\u00ede en sus capacidades y deje que el viaje hacia el \u00e9xito con el tema 907 de WordPress comience!<\/p>\n","protected":false},"featured_media":165242,"comment_status":"open","ping_status":"open","template":"","meta":[],"product_brand":[2337],"product_cat":[1239,1237,1238],"product_tag":[1391],"class_list":{"0":"post-113444","1":"product","2":"type-product","3":"status-publish","4":"has-post-thumbnail","6":"product_brand-themeforest","7":"product_cat-de-multiples-fines","8":"product_cat-temas","9":"product_cat-wordpress-temas","10":"product_tag-themeforest","11":"member-discount","12":"discount-restricted","14":"first","15":"instock","16":"sale","17":"downloadable","18":"virtual","19":"sold-individually","20":"purchasable","21":"product-type-simple"},"_links":{"self":[{"href":"https:\/\/gpl-love.com\/es\/wp-json\/wp\/v2\/product\/113444","targetHints":{"allow":["GET"]}}],"collection":[{"href":"https:\/\/gpl-love.com\/es\/wp-json\/wp\/v2\/product"}],"about":[{"href":"https:\/\/gpl-love.com\/es\/wp-json\/wp\/v2\/types\/product"}],"replies":[{"embeddable":true,"href":"https:\/\/gpl-love.com\/es\/wp-json\/wp\/v2\/comments?post=113444"}],"wp:featuredmedia":[{"embeddable":true,"href":"https:\/\/gpl-love.com\/es\/wp-json\/wp\/v2\/media\/165242"}],"wp:attachment":[{"href":"https:\/\/gpl-love.com\/es\/wp-json\/wp\/v2\/media?parent=113444"}],"wp:term":[{"taxonomy":"product_brand","embeddable":true,"href":"https:\/\/gpl-love.com\/es\/wp-json\/wp\/v2\/product_brand?post=113444"},{"taxonomy":"product_cat","embeddable":true,"href":"https:\/\/gpl-love.com\/es\/wp-json\/wp\/v2\/product_cat?post=113444"},{"taxonomy":"product_tag","embeddable":true,"href":"https:\/\/gpl-love.com\/es\/wp-json\/wp\/v2\/product_tag?post=113444"}],"curies":[{"name":"wp","href":"https:\/\/api.w.org\/{rel}","templated":true}]}}