{"id":113442,"date":"2025-10-17T00:00:00","date_gmt":"2025-10-17T05:00:00","guid":{"rendered":"http:\/\/gpl-love.com\/es\/?post_type=product&#038;p=113442"},"modified":"2026-03-13T17:20:41","modified_gmt":"2026-03-13T22:20:41","slug":"exponent-modern-multi-purpose-business-wordpress-theme","status":"publish","type":"product","link":"https:\/\/gpl-love.com\/es\/producto\/exponent-modern-multi-purpose-business-wordpress-theme\/","title":{"rendered":"Exponent Modern Multi-Purpose Business WordPress theme 1.3.1.0"},"content":{"rendered":"<h3>Exponent Modern Multi-Purpose Business WordPress theme Caracteristicas<\/h3>\n<p>El tema de WordPress multiprop\u00f3sito moderno y exponente, con su versatilidad y poder, sirve como un activo invaluable para las empresas que buscan establecer una existencia en l\u00ednea refinada y sofisticada. Ofreciendo una amplia gama de caracter\u00edsticas personalizables y una integraci\u00f3n perfecta con complementos muy buscados como WooCommerce y MailChimp, este tema permite a las empresas dise\u00f1ar un sitio web incomparable y cautivador adaptado precisamente a sus distintos requisitos. Con un dise\u00f1o receptivo y una interfaz f\u00e1cil de usar, el tema del exponente surge como la selecci\u00f3n \u00f3ptima para las empresas que abarcan varios tama\u00f1os e industrias, todos esforzados por elevar su huella digital y forjar conexiones significativas con su codiciado grupo demogr\u00e1fico.<\/p>\n<ul>\n<li>Dise\u00f1o elegante y moderno<\/li>\n<li>Totalmente receptivo y amigable para m\u00f3viles<\/li>\n<li>Compatible con una variedad de navegadores<\/li>\n<li>F\u00e1cil de personalizar y configurar<\/li>\n<li>M\u00faltiples variaciones de la p\u00e1gina de inicio para elegir<\/li>\n<li>Optimizaci\u00f3n de SEO incorporada<\/li>\n<li>Compatible con WPML para soporte multiling\u00fce<\/li>\n<li>Incluye una variedad de p\u00e1ginas y secciones preconstruidas.<\/li>\n<li>Soporte para tipos de publicaciones personalizados y campos personalizados<\/li>\n<li>Panel de administraci\u00f3n intuitivo y f\u00e1cil de usar<\/li>\n<\/ul>\n","protected":false},"excerpt":{"rendered":"<p>El tema de WordPress multiprop\u00f3sito moderno exponente se presenta como la mejor respuesta para las empresas que anhelan establecer una presencia en l\u00ednea profesional y elegante. Con un dise\u00f1o de vanguardia y sofisticado, este tema cuenta con una personalizaci\u00f3n completa, ofreciendo una variedad de caracter\u00edsticas avanzadas que lo hacen exquisitamente adecuado para empresas de todas las magnitudes. Ya sea que su empresa se refiera al reino corporativo, una startup naciente o un establecimiento comercial diminuto, el exponente atiende a sus necesidades con una variedad de herramientas que facilitan la creaci\u00f3n de un sitio web impresionante, seguro de cautivar y cautivar a su p\u00fablico objetivo. Con una profusi\u00f3n de colores y fuentes personalizables a su disposici\u00f3n, junto con m\u00faltiples dise\u00f1os y plantillas, este tema surge como la soluci\u00f3n definitiva para las empresas que se esfuerzan por diferenciarse de sus competidores. No hay necesidad de retrasar m\u00e1s; \u00a1Tome la decisi\u00f3n de adoptar el tema de WordPress multiprop\u00f3sito moderno exponente hoy y impulsar su empresa a alturas incomparables!<\/p>\n","protected":false},"featured_media":166063,"comment_status":"open","ping_status":"open","template":"","meta":[],"product_brand":[2337],"product_cat":[1307,1237,1238],"product_tag":[1391],"class_list":{"0":"post-113442","1":"product","2":"type-product","3":"status-publish","4":"has-post-thumbnail","6":"product_brand-themeforest","7":"product_cat-negocio-wordpress-temas","8":"product_cat-temas","9":"product_cat-wordpress-temas","10":"product_tag-themeforest","11":"member-discount","12":"discount-restricted","14":"first","15":"instock","16":"sale","17":"downloadable","18":"virtual","19":"sold-individually","20":"purchasable","21":"product-type-simple"},"_links":{"self":[{"href":"https:\/\/gpl-love.com\/es\/wp-json\/wp\/v2\/product\/113442","targetHints":{"allow":["GET"]}}],"collection":[{"href":"https:\/\/gpl-love.com\/es\/wp-json\/wp\/v2\/product"}],"about":[{"href":"https:\/\/gpl-love.com\/es\/wp-json\/wp\/v2\/types\/product"}],"replies":[{"embeddable":true,"href":"https:\/\/gpl-love.com\/es\/wp-json\/wp\/v2\/comments?post=113442"}],"wp:featuredmedia":[{"embeddable":true,"href":"https:\/\/gpl-love.com\/es\/wp-json\/wp\/v2\/media\/166063"}],"wp:attachment":[{"href":"https:\/\/gpl-love.com\/es\/wp-json\/wp\/v2\/media?parent=113442"}],"wp:term":[{"taxonomy":"product_brand","embeddable":true,"href":"https:\/\/gpl-love.com\/es\/wp-json\/wp\/v2\/product_brand?post=113442"},{"taxonomy":"product_cat","embeddable":true,"href":"https:\/\/gpl-love.com\/es\/wp-json\/wp\/v2\/product_cat?post=113442"},{"taxonomy":"product_tag","embeddable":true,"href":"https:\/\/gpl-love.com\/es\/wp-json\/wp\/v2\/product_tag?post=113442"}],"curies":[{"name":"wp","href":"https:\/\/api.w.org\/{rel}","templated":true}]}}