{"id":113440,"date":"2022-03-29T00:00:00","date_gmt":"2022-03-29T05:00:00","guid":{"rendered":"http:\/\/gpl-love.com\/es\/?post_type=product&#038;p=113440"},"modified":"2026-03-13T17:15:39","modified_gmt":"2026-03-13T22:15:39","slug":"amely-fashion-shop-wordpress-tema-para-woocommerce","status":"publish","type":"product","link":"https:\/\/gpl-love.com\/es\/producto\/amely-fashion-shop-wordpress-tema-para-woocommerce\/","title":{"rendered":"Amely Fashion Shop WordPress Tema para WooCommerce 2.7.11"},"content":{"rendered":"<h3>Amely Fashion Shop WordPress Tema para WooCommerce Caracteristicas<\/h3>\n<p>El tema de WordPress de la tienda de moda para WooCommerce es una soluci\u00f3n de comercio electr\u00f3nico incre\u00edblemente vers\u00e1til y exquisitamente elegante que atiende a las empresas que buscan establecer una presencia formidable en el \u00e1mbito de la venta en l\u00ednea. Este tema fenomenal ha sido intrincadamente dise\u00f1ado para mostrar impecablemente una variedad de productos de moda de manera irresistiblemente visualmente cautivadora. Con una variedad de m\u00faltiples dise\u00f1os de la p\u00e1gina de inicio, encabezados y pies de p\u00e1gina personalizables, as\u00ed como un dise\u00f1o notablemente receptivo que irradia excelencia en cualquier dispositivo, Amasy Fashion Shop reina suprema en el mundo del comercio en l\u00ednea. Con una integraci\u00f3n perfecta de WooCommerce, este notable tema facilita sin esfuerzo a los usuarios para administrar efectivamente su inventario, procesar sin esfuerzo los pagos y rastrear con precisi\u00f3n las ventas. Adem\u00e1s, el tema se acompa\u00f1a de un extenso repertorio de widgets y c\u00f3digos cortos, lo que permite a los usuarios incorporar a la perfecci\u00f3n \u00edconos de redes sociales, deslizadores de productos e innumerables otras caracter\u00edsticas sorprendentes. Independientemente de si es un blogger prol\u00edfico de moda, un dise\u00f1ador visionario o un minorista pr\u00f3spero, un tema de WordPress de la tienda de moda para WooCommerce personifica el pin\u00e1culo del profesionalismo, proporcionando una plataforma incre\u00edblemente intuitiva y accesible que est\u00e1 garantizada para impulsar su negocio en l\u00ednea a su negocio en l\u00ednea a Alturas de prosperidad sin precedentes.<\/p>\n<ul>\n<li>Un tema de WordPress elegante y moderno perfecto para tiendas de moda<\/li>\n<li>Construido espec\u00edficamente para su uso con WooCommerce, la plataforma de comercio electr\u00f3nico m\u00e1s popular en WordPress<\/li>\n<li>Un dise\u00f1o totalmente receptivo que se ve muy bien en todos los tama\u00f1os de pantalla, desde escritorio hasta m\u00f3vil<\/li>\n<li>Muchas opciones de personalizaci\u00f3n, que incluyen un creador de p\u00e1ginas de arrastrar y soltar y m\u00faltiples plantillas de p\u00e1gina preconstruidas<\/li>\n<li>Caracter\u00edsticas de WooCommerce listas para usar, que incluyen categor\u00edas de productos, un carrito de compras, p\u00e1ginas de pago y m\u00e1s<\/li>\n<li>Gr\u00e1ficos de alta calidad y listos para retina que se ven n\u00edtidos incluso en pantallas de alta resoluci\u00f3n<\/li>\n<li>Dise\u00f1o amigable para SEO que ayuda a su sitio a clasificarse bien en los motores de b\u00fasqueda<\/li>\n<li>F\u00e1cil integraci\u00f3n con plataformas de redes sociales populares como Facebook e Instagram<\/li>\n<li>Actualizaciones regulares y excelente atenci\u00f3n al cliente para garantizar que su sitio se mantenga actualizado y funcionando sin problemas.<\/li>\n<\/ul>\n","protected":false},"excerpt":{"rendered":"<p>Amely Fashion Shop ofrece un tema de WordPress intuitivo y f\u00e1cil de usar dise\u00f1ado espec\u00edficamente para WooCommerce. Este tema mejor calificado es perfecto para los minoristas de moda que buscan una presencia en l\u00ednea moderna y elegante. Est\u00e1 lleno de caracter\u00edsticas como un dise\u00f1o totalmente personalizable, un dise\u00f1o receptivo y opciones de tipograf\u00eda avanzada. Con amely, puede crear una impresionante tienda de moda en l\u00ednea que no solo sea visualmente atractiva sino tambi\u00e9n optimizada para las conversiones. Su integraci\u00f3n perfecta con WooCommerce hace que la gesti\u00f3n de su inventario y el procesamiento de las \u00f3rdenes sea muy f\u00e1cil. Adem\u00e1s, el tema incluye caracter\u00edsticas amigables con SEO, asegurando que su tienda se ubique en los resultados de los motores de b\u00fasqueda. Con el tema de WordPress de la tienda de moda de AMELY, puede ofrecer a sus clientes una experiencia de compra excepcional.<\/p>\n","protected":false},"featured_media":165357,"comment_status":"open","ping_status":"open","template":"","meta":[],"product_brand":[2337],"product_cat":[1263,1469,1237],"product_tag":[1391],"class_list":{"0":"post-113440","1":"product","2":"type-product","3":"status-publish","4":"has-post-thumbnail","6":"product_brand-themeforest","7":"product_cat-comercio-electronico-temas","8":"product_cat-creativo-comercio-electronico-temas","9":"product_cat-temas","10":"product_tag-themeforest","11":"member-discount","12":"discount-restricted","14":"first","15":"instock","16":"sale","17":"downloadable","18":"virtual","19":"sold-individually","20":"purchasable","21":"product-type-simple"},"_links":{"self":[{"href":"https:\/\/gpl-love.com\/es\/wp-json\/wp\/v2\/product\/113440","targetHints":{"allow":["GET"]}}],"collection":[{"href":"https:\/\/gpl-love.com\/es\/wp-json\/wp\/v2\/product"}],"about":[{"href":"https:\/\/gpl-love.com\/es\/wp-json\/wp\/v2\/types\/product"}],"replies":[{"embeddable":true,"href":"https:\/\/gpl-love.com\/es\/wp-json\/wp\/v2\/comments?post=113440"}],"wp:featuredmedia":[{"embeddable":true,"href":"https:\/\/gpl-love.com\/es\/wp-json\/wp\/v2\/media\/165357"}],"wp:attachment":[{"href":"https:\/\/gpl-love.com\/es\/wp-json\/wp\/v2\/media?parent=113440"}],"wp:term":[{"taxonomy":"product_brand","embeddable":true,"href":"https:\/\/gpl-love.com\/es\/wp-json\/wp\/v2\/product_brand?post=113440"},{"taxonomy":"product_cat","embeddable":true,"href":"https:\/\/gpl-love.com\/es\/wp-json\/wp\/v2\/product_cat?post=113440"},{"taxonomy":"product_tag","embeddable":true,"href":"https:\/\/gpl-love.com\/es\/wp-json\/wp\/v2\/product_tag?post=113440"}],"curies":[{"name":"wp","href":"https:\/\/api.w.org\/{rel}","templated":true}]}}