{"id":113415,"date":"2023-01-30T00:00:00","date_gmt":"2023-01-30T05:00:00","guid":{"rendered":"http:\/\/gpl-love.com\/es\/?post_type=product&#038;p=113415"},"modified":"2026-03-13T17:18:31","modified_gmt":"2026-03-13T22:18:31","slug":"css-igniter-neuton-wordpress-theme","status":"publish","type":"product","link":"https:\/\/gpl-love.com\/es\/producto\/css-igniter-neuton-wordpress-theme\/","title":{"rendered":"CSS Igniter Neuton WordPress Theme 1.8.2"},"content":{"rendered":"<h3>CSS Igniter Neuton WordPress Theme Caracteristicas<\/h3>\n<p>El tema de WordPress CSS Igniter Neuton se destaca como una opci\u00f3n excepcional para las personas en busca de un dise\u00f1o elegante y contempor\u00e1neo para su sitio web. Al ofrecer un dise\u00f1o din\u00e1mico y vers\u00e1til, este tema se presta a la personalizaci\u00f3n y personalizaci\u00f3n sin esfuerzo para alinearse perfectamente con los requisitos \u00fanicos de cualquier negocio o individuo. El dise\u00f1o de este tema prioriza la capacidad de respuesta, asegurando que su sitio web exude excelencia en todos los dispositivos. Adem\u00e1s, cuenta con una gran cantidad de caracter\u00edsticas preexistentes, como widgets personalizables, tipos de publicaciones personalizados y c\u00f3digos cortos f\u00e1ciles de usar, todos los cuales contribuyen a una experiencia de usuario sin costura general. Al optar por el tema de WordPress de Neuton, puede construir sin esfuerzo un sitio web profesional y est\u00e9ticamente agradable.<\/p>\n<ul>\n<li>Dise\u00f1o profesional y moderno<\/li>\n<li>Opciones de dise\u00f1o de p\u00e1gina de inicio personalizables<\/li>\n<li>Widgets personalizados para una funcionalidad adicional<\/li>\n<li>Dise\u00f1o receptivo para la compatibilidad m\u00f3vil<\/li>\n<li>Panel de opciones f\u00e1ciles de usar para la personalizaci\u00f3n<\/li>\n<li>Compatible con complementos populares de WordPress<\/li>\n<li>Caracter\u00edsticas de optimizaci\u00f3n de motores de b\u00fasqueda incorporados<\/li>\n<li>Instalaci\u00f3n de contenido de demostraci\u00f3n de un solo clic para una f\u00e1cil configuraci\u00f3n<\/li>\n<li>Velocidad de carga r\u00e1pida para una mejor experiencia de usuario<\/li>\n<li>Actualizaciones regulares y soporte del equipo CSS Igniter.<\/li>\n<\/ul>\n","protected":false},"excerpt":{"rendered":"<p>Experimente el poder de la versatilidad y la personalizaci\u00f3n con el tema de WordPress de Wordon CSS Igniter. Este tema ha sido dise\u00f1ado con un enfoque en la funcionalidad y la experiencia del usuario, lo que lo convierte en la soluci\u00f3n perfecta para blogueros, empresas y creativos por igual.<\/p>\n<p>Las caracter\u00edsticas clave de Neuton incluyen un dise\u00f1o totalmente receptivo, asegurando que su sitio web se ve y realice lo mejor de cualquier dispositivo. Tambi\u00e9n ofrece una variedad de opciones de personalizaci\u00f3n, lo que le permite adaptar la apariencia del sitio a su gusto y estilo \u00fanicos. El tema es amigable con SEO, mejorando la visibilidad de su sitio y aumentando las posibilidades de atraer a m\u00e1s visitantes. Adem\u00e1s, viene con un equipo de atenci\u00f3n al cliente dedicado, listo para ayudarlo cuando necesite ayuda.<\/p>\n<p>\u00a1Explore las infinitas posibilidades del tema CSS Igniter Neuton WordPress y haga que su sitio web se destaque entre la multitud!<\/p>\n","protected":false},"featured_media":165707,"comment_status":"open","ping_status":"open","template":"","meta":[],"product_brand":[2403],"product_cat":[1245,1237,1238],"product_tag":[2134],"class_list":{"0":"post-113415","1":"product","2":"type-product","3":"status-publish","4":"has-post-thumbnail","6":"product_brand-css-igniter","7":"product_cat-blog-revista","8":"product_cat-temas","9":"product_cat-wordpress-temas","10":"product_tag-css-igniter","11":"member-discount","12":"discount-restricted","14":"first","15":"instock","16":"sale","17":"downloadable","18":"virtual","19":"sold-individually","20":"purchasable","21":"product-type-simple"},"_links":{"self":[{"href":"https:\/\/gpl-love.com\/es\/wp-json\/wp\/v2\/product\/113415","targetHints":{"allow":["GET"]}}],"collection":[{"href":"https:\/\/gpl-love.com\/es\/wp-json\/wp\/v2\/product"}],"about":[{"href":"https:\/\/gpl-love.com\/es\/wp-json\/wp\/v2\/types\/product"}],"replies":[{"embeddable":true,"href":"https:\/\/gpl-love.com\/es\/wp-json\/wp\/v2\/comments?post=113415"}],"wp:featuredmedia":[{"embeddable":true,"href":"https:\/\/gpl-love.com\/es\/wp-json\/wp\/v2\/media\/165707"}],"wp:attachment":[{"href":"https:\/\/gpl-love.com\/es\/wp-json\/wp\/v2\/media?parent=113415"}],"wp:term":[{"taxonomy":"product_brand","embeddable":true,"href":"https:\/\/gpl-love.com\/es\/wp-json\/wp\/v2\/product_brand?post=113415"},{"taxonomy":"product_cat","embeddable":true,"href":"https:\/\/gpl-love.com\/es\/wp-json\/wp\/v2\/product_cat?post=113415"},{"taxonomy":"product_tag","embeddable":true,"href":"https:\/\/gpl-love.com\/es\/wp-json\/wp\/v2\/product_tag?post=113415"}],"curies":[{"name":"wp","href":"https:\/\/api.w.org\/{rel}","templated":true}]}}