{"id":113414,"date":"2025-09-22T00:00:00","date_gmt":"2025-09-22T05:00:00","guid":{"rendered":"http:\/\/gpl-love.com\/es\/?post_type=product&#038;p=113414"},"modified":"2026-03-13T17:18:30","modified_gmt":"2026-03-13T22:18:30","slug":"css-igniter-neto-woocommercetheme","status":"publish","type":"product","link":"https:\/\/gpl-love.com\/es\/producto\/css-igniter-neto-woocommercetheme\/","title":{"rendered":"CSS Igniter Neto WooCommerceTheme 1.1.2"},"content":{"rendered":"<h3>CSS Igniter Neto WooCommerceTheme Caracteristicas<\/h3>\n<p>El tema CSS Igniter Neto WooCommerce es un tema de WordPress premium muy buscado que ha sido meticulosamente elaborado para satisfacer espec\u00edficamente las necesidades de las tiendas en l\u00ednea. Con su dise\u00f1o inmaculado y contempor\u00e1neo, este tema garantiza una experiencia del usuario totalmente receptiva, asegurando una funcionalidad \u00f3ptima en todos los dispositivos m\u00f3viles. Con una base robusta basada en el formidable complemento de WooCommerce, el tema de Neto cuenta con un extenso repertorio de caracter\u00edsticas que seguramente lo capacitar\u00e1n en la creaci\u00f3n de una tienda en l\u00ednea sorprendentemente profesional. El deleite de los usuarios con sus opciones de personalizaci\u00f3n vers\u00e1tiles, que abarcan una amplia gama de esquemas de color y fuentes, as\u00ed como una variedad de plantillas de p\u00e1gina de inicio predeterminadas para examinar, el tema de Neto surge como una elecci\u00f3n convincente. Adem\u00e1s, este tema comprende una gran cantidad de atributos de comercio electr\u00f3nico invaluables, como atractivos deslizadores de productos, opciones de vista r\u00e1pida instant\u00e1nea y un widget desplegable de carrito integrado sin problemas. En general, si se est\u00e1 embarcando en el viaje de establecer una tienda en l\u00ednea y anhelar un dise\u00f1o contempor\u00e1neo y pulido que se pueda adaptar sin esfuerzo a sus preferencias, el tema CSS Igniter Neto WooCommerce se destaca como una selecci\u00f3n ejemplar.<\/p>\n<ul>\n<li>Dise\u00f1o profesional y moderno<\/li>\n<li>Totalmente personalizable para que coincida con su marca<\/li>\n<li>Optimizado para tiempos de carga r\u00e1pida y de alto rendimiento<\/li>\n<li>Construido espec\u00edficamente para wooCommerce, con todas las caracter\u00edsticas e integraciones necesarias<\/li>\n<li>F\u00e1cil de usar y navegar, incluso para principiantes<\/li>\n<li>Dise\u00f1o receptivo y amigable para dispositivos m\u00f3viles<\/li>\n<li>Opciones de dise\u00f1o m\u00faltiples para su p\u00e1gina de inicio, p\u00e1ginas de productos y p\u00e1ginas de categor\u00eda<\/li>\n<li>Extensiones de WooCommerce compatibles<\/li>\n<li>Estructura amigable para SEO y optimizaci\u00f3n incorporada<\/li>\n<li>Soporte dedicado las 24 horas del d\u00eda, los 7 d\u00edas a las 24 horas, los 7 d\u00edas de la semana, documentaci\u00f3n detallada<\/li>\n<\/ul>\n","protected":false},"excerpt":{"rendered":"<p>Eleve su tienda en l\u00ednea con el tema Neto WooCommerce de CSS Igniter. Este tema excepcional es totalmente compatible con el complemento WooCommerce, lo que le permite administrar sin esfuerzo su negocio de comercio electr\u00f3nico. Neto presenta un dise\u00f1o receptivo que seguramente impresionar\u00e1 a los clientes potenciales con su funcionalidad perfecta en todos los dispositivos. El tema ofrece una variedad de opciones de personalizaci\u00f3n, desde colores y tipograf\u00eda hasta configuraciones de dise\u00f1o, asegurando que su sitio refleje la est\u00e9tica \u00fanica de su marca. Adem\u00e1s, incorpora caracter\u00edsticas amigables con SEO, mejorando la visibilidad de su sitio para impulsar el tr\u00e1fico m\u00e1s org\u00e1nico. Con el tema de Neto WooCommerce, puede disfrutar de una interfaz f\u00e1cil de usar que hace que la administraci\u00f3n de su tienda en l\u00ednea sea muy f\u00e1cil. Experimente los beneficios de una soluci\u00f3n de comercio electr\u00f3nico robusta y eficiente con el tema de WooCommerce Neto de CSS Igniter.<\/p>\n","protected":false},"featured_media":165706,"comment_status":"open","ping_status":"open","template":"","meta":[],"product_brand":[2403],"product_cat":[1263,1469,1237],"product_tag":[2134],"class_list":{"0":"post-113414","1":"product","2":"type-product","3":"status-publish","4":"has-post-thumbnail","6":"product_brand-css-igniter","7":"product_cat-comercio-electronico-temas","8":"product_cat-creativo-comercio-electronico-temas","9":"product_cat-temas","10":"product_tag-css-igniter","11":"member-discount","12":"discount-restricted","14":"first","15":"instock","16":"sale","17":"downloadable","18":"virtual","19":"sold-individually","20":"purchasable","21":"product-type-simple"},"_links":{"self":[{"href":"https:\/\/gpl-love.com\/es\/wp-json\/wp\/v2\/product\/113414","targetHints":{"allow":["GET"]}}],"collection":[{"href":"https:\/\/gpl-love.com\/es\/wp-json\/wp\/v2\/product"}],"about":[{"href":"https:\/\/gpl-love.com\/es\/wp-json\/wp\/v2\/types\/product"}],"replies":[{"embeddable":true,"href":"https:\/\/gpl-love.com\/es\/wp-json\/wp\/v2\/comments?post=113414"}],"wp:featuredmedia":[{"embeddable":true,"href":"https:\/\/gpl-love.com\/es\/wp-json\/wp\/v2\/media\/165706"}],"wp:attachment":[{"href":"https:\/\/gpl-love.com\/es\/wp-json\/wp\/v2\/media?parent=113414"}],"wp:term":[{"taxonomy":"product_brand","embeddable":true,"href":"https:\/\/gpl-love.com\/es\/wp-json\/wp\/v2\/product_brand?post=113414"},{"taxonomy":"product_cat","embeddable":true,"href":"https:\/\/gpl-love.com\/es\/wp-json\/wp\/v2\/product_cat?post=113414"},{"taxonomy":"product_tag","embeddable":true,"href":"https:\/\/gpl-love.com\/es\/wp-json\/wp\/v2\/product_tag?post=113414"}],"curies":[{"name":"wp","href":"https:\/\/api.w.org\/{rel}","templated":true}]}}