{"id":113413,"date":"2025-09-19T00:00:00","date_gmt":"2025-09-19T05:00:00","guid":{"rendered":"http:\/\/gpl-love.com\/es\/?post_type=product&#038;p=113413"},"modified":"2026-03-13T17:18:30","modified_gmt":"2026-03-13T22:18:30","slug":"css-igniter-mozzy-wordpress-theme","status":"publish","type":"product","link":"https:\/\/gpl-love.com\/es\/producto\/css-igniter-mozzy-wordpress-theme\/","title":{"rendered":"CSS Igniter Mozzy WordPress Theme 1.0.7"},"content":{"rendered":"<h3>CSS Igniter Mozzy WordPress Theme Caracteristicas<\/h3>\n<p>El tema CSS Igniter Mozzy WordPress exhibe un notable grado de versatilidad y contemporan\u00eda, presentando a los usuarios un dise\u00f1o elegante y elegante que est\u00e1 obligado a mejorar el atractivo est\u00e9tico general de su sitio web. Este tema cuenta con una extensa gama de opciones de personalizaci\u00f3n, lo que permite a los usuarios dise\u00f1ar un sitio web verdaderamente \u00fanico y personalizado que atienda sus deseos y requisitos espec\u00edficos. Adem\u00e1s, el dise\u00f1o receptivo del tema garantiza una adaptabilidad perfecta a varios dispositivos y tama\u00f1os de pantalla, asegurando as\u00ed que el sitio web mantenga una apariencia impecable en todas las plataformas. Adem\u00e1s, el tema mozzy se integra perfectamente con una multitud de complementos populares, incluidos, entre otras, WooCommerce y el Formulario de contacto 7, lo que representa el proceso de incorporar funcionalidades de comercio electr\u00f3nico y formularios de contacto en el sitio web de uno un esfuerzo sin esfuerzo. En consecuencia, este tema surge como una elecci\u00f3n excepcional para los bloggers, tiendas en l\u00ednea, carteras y agencias creativas que aspiran a cultivar un sitio web que exuda modernidad y profesionalismo en igual medida.<\/p>\n<ul>\n<li>Dise\u00f1o de tema de WordPress moderno y llamativo<\/li>\n<li>Construido con la \u00faltima tecnolog\u00eda CSS y HTML5 para un rendimiento \u00f3ptimo<\/li>\n<li>Numerosas opciones de personalizaci\u00f3n, incluidos esquemas de color y variaciones de dise\u00f1o.<\/li>\n<li>El dise\u00f1o de respuesta m\u00f3vil garantiza que su sitio web se vea muy bien en cualquier dispositivo<\/li>\n<li>SEO optimizado para mejorar la clasificaci\u00f3n de los motores de b\u00fasqueda y la visibilidad<\/li>\n<li>Integraci\u00f3n de WooCommerce para la creaci\u00f3n f\u00e1cil de una tienda en l\u00ednea<\/li>\n<li>La importaci\u00f3n de demostraci\u00f3n de un solo clic permite la configuraci\u00f3n r\u00e1pida de su sitio web<\/li>\n<li>Equipo de soporte dedicado disponible para ayudar con cualquier pregunta o problema<\/li>\n<li>Actualizaciones regulares y correcciones de errores para mantener el tema actualizado con los \u00faltimos requisitos de WordPress.<\/li>\n<\/ul>\n","protected":false},"excerpt":{"rendered":"<p>El tema CSS Igniter Mozzy WordPress es una opci\u00f3n vers\u00e1til y din\u00e1mica para cualquier proyecto de sitio web. Este tema es perfecto para creativos, empresas y trabajadores independientes que buscan mostrar su trabajo de una manera elegante y profesional. Con sus m\u00faltiples opciones de dise\u00f1o, puede personalizar su sitio web para adaptarse a su estilo \u00fanico. El tema tambi\u00e9n admite diferentes formatos de publicaci\u00f3n, lo que permite una variedad de tipos de contenido. El dise\u00f1o de alta calidad del tema Mozzy WordPress garantiza una experiencia de usuario visualmente atractiva y receptiva. Adem\u00e1s, viene con un panel de opciones de tema potente y f\u00e1cil de usar, lo que lo hace incre\u00edblemente f\u00e1cil de usar incluso para principiantes. El tema CSS Igniter Mozzy WordPress es una opci\u00f3n de primera l\u00ednea para cualquier persona que busque encender su presencia en l\u00ednea.<\/p>\n","protected":false},"featured_media":165705,"comment_status":"open","ping_status":"open","template":"","meta":[],"product_brand":[2403],"product_cat":[1307,1237,1238],"product_tag":[2134],"class_list":{"0":"post-113413","1":"product","2":"type-product","3":"status-publish","4":"has-post-thumbnail","6":"product_brand-css-igniter","7":"product_cat-negocio-wordpress-temas","8":"product_cat-temas","9":"product_cat-wordpress-temas","10":"product_tag-css-igniter","11":"member-discount","12":"discount-restricted","14":"first","15":"instock","16":"sale","17":"downloadable","18":"virtual","19":"sold-individually","20":"purchasable","21":"product-type-simple"},"_links":{"self":[{"href":"https:\/\/gpl-love.com\/es\/wp-json\/wp\/v2\/product\/113413","targetHints":{"allow":["GET"]}}],"collection":[{"href":"https:\/\/gpl-love.com\/es\/wp-json\/wp\/v2\/product"}],"about":[{"href":"https:\/\/gpl-love.com\/es\/wp-json\/wp\/v2\/types\/product"}],"replies":[{"embeddable":true,"href":"https:\/\/gpl-love.com\/es\/wp-json\/wp\/v2\/comments?post=113413"}],"wp:featuredmedia":[{"embeddable":true,"href":"https:\/\/gpl-love.com\/es\/wp-json\/wp\/v2\/media\/165705"}],"wp:attachment":[{"href":"https:\/\/gpl-love.com\/es\/wp-json\/wp\/v2\/media?parent=113413"}],"wp:term":[{"taxonomy":"product_brand","embeddable":true,"href":"https:\/\/gpl-love.com\/es\/wp-json\/wp\/v2\/product_brand?post=113413"},{"taxonomy":"product_cat","embeddable":true,"href":"https:\/\/gpl-love.com\/es\/wp-json\/wp\/v2\/product_cat?post=113413"},{"taxonomy":"product_tag","embeddable":true,"href":"https:\/\/gpl-love.com\/es\/wp-json\/wp\/v2\/product_tag?post=113413"}],"curies":[{"name":"wp","href":"https:\/\/api.w.org\/{rel}","templated":true}]}}