{"id":113412,"date":"2022-09-04T00:00:00","date_gmt":"2022-09-04T05:00:00","guid":{"rendered":"http:\/\/gpl-love.com\/es\/?post_type=product&#038;p=113412"},"modified":"2026-03-13T17:18:29","modified_gmt":"2026-03-13T22:18:29","slug":"css-igniter-moment-wordpress-theme","status":"publish","type":"product","link":"https:\/\/gpl-love.com\/es\/producto\/css-igniter-moment-wordpress-theme\/","title":{"rendered":"CSS Igniter Moment WordPress Theme 1.0.0"},"content":{"rendered":"<h3>CSS Igniter Moment WordPress Theme Caracteristicas<\/h3>\n<p>El tema de WordPress de Moment CSS Igniter, reconocido por su naturaleza elegante y receptiva, sirve como una opci\u00f3n ideal para blogueros, fot\u00f3grafos y otras personas que pertenecen al \u00e1mbito de los profesionales creativos. Este tema, con su dise\u00f1o elegante y su dise\u00f1o intuitivo, ofrece una plataforma conveniente para exhibir su trabajo y establecer conexiones con su p\u00fablico objetivo. Independientemente de si aspira a construir un blog personal, crear un sitio de cartera o establecer una tienda en l\u00ednea, el tema del momento abarca todas las caracter\u00edsticas y funcionalidades buscadas necesarias para fabricar un sitio que exuda profesionalismo y se distingue del descanso. Desde la provisi\u00f3n de widgets personalizados y plantillas de p\u00e1gina f\u00e1ciles de usar hasta la disponibilidad de opciones de temas potentes y un dise\u00f1o receptivo que se adapta perfectamente a cualquier dispositivo de navegaci\u00f3n, el tema del momento garantiza un kit de herramientas con todo incluido para elevar su presencia en l\u00ednea a alturas sin precedentes. Entonces, \u00bfpor qu\u00e9 retrasar m\u00e1s? \u00a1Abrace hoy el tema de WordPress CSS Igniter Moment y impulse su sitio web al \u00e9xito incomparable!<\/p>\n<ul>\n<li>Un tema receptivo de WordPress dise\u00f1ado para bloggers y fot\u00f3grafos<\/li>\n<li>M\u00faltiples opciones de p\u00e1gina de inicio que incluyen ancho completo y con barra lateral<\/li>\n<li>Opciones personalizables de encabezado y pie de p\u00e1gina<\/li>\n<li>Panel de opciones de temas f\u00e1ciles de usar para la personalizaci\u00f3n<\/li>\n<li>Hermosa tipograf\u00eda y opciones de color flexibles<\/li>\n<li>Integraci\u00f3n de las redes sociales y botones para compartir<\/li>\n<li>Admite complementos populares de WordPress que incluyen WooCommerce y Jetpack<\/li>\n<li>Equipo de apoyo dedicado y documentaci\u00f3n para asistencia<\/li>\n<li>Actualizaciones y compatibilidad regulares con las \u00faltimas versiones de WordPress<\/li>\n<li>Importaci\u00f3n de demostraci\u00f3n de un solo clic para una configuraci\u00f3n r\u00e1pida<\/li>\n<li>SEO optimizado para una mejor visibilidad del motor de b\u00fasqueda<\/li>\n<li>Traducci\u00f3n lista para sitios web multiling\u00fces<\/li>\n<\/ul>\n","protected":false},"excerpt":{"rendered":"<p>Experimente el poder de la versatilidad con el tema de WordPress CSS Igniter Moment. Ideal para bloggers, fot\u00f3grafos y narradores digitales, este tema ofrece una plataforma din\u00e1mica para su contenido creativo. Disfrute del dise\u00f1o intuitivo, inspirado en la est\u00e9tica y la tecnolog\u00eda modernas. El tema es totalmente receptivo, asegurando que su sitio web se vea perfecto en cualquier dispositivo. Admite widgets y viene con un personalizador incorporado que le permite adaptar su sitio web a su estilo \u00fanico. Con el tema de WordPress de Moment CSS Igniter, tiene un control total sobre la tipograf\u00eda: elija entre cientos de fuentes de Google para que su sitio web sea realmente suyo. El tema tambi\u00e9n es amigable con SEO, lo que ayuda a su sitio web a clasificarse m\u00e1s en los resultados del motor de b\u00fasqueda. Disfrute de una integraci\u00f3n perfecta con sus plataformas de redes sociales favoritas e impresiona a su audiencia con el soporte de im\u00e1genes de alta resoluci\u00f3n. La atenci\u00f3n al cliente del tema siempre est\u00e1 lista para ayudar con cualquier problema. Actualice su sitio web con el tema CSS Igniter Moment WordPress y cree una experiencia digital inolvidable.<\/p>\n","protected":false},"featured_media":165704,"comment_status":"open","ping_status":"open","template":"","meta":[],"product_brand":[2403],"product_cat":[1245,1237,1238],"product_tag":[2134],"class_list":{"0":"post-113412","1":"product","2":"type-product","3":"status-publish","4":"has-post-thumbnail","6":"product_brand-css-igniter","7":"product_cat-blog-revista","8":"product_cat-temas","9":"product_cat-wordpress-temas","10":"product_tag-css-igniter","11":"member-discount","12":"discount-restricted","14":"first","15":"instock","16":"sale","17":"downloadable","18":"virtual","19":"sold-individually","20":"purchasable","21":"product-type-simple"},"_links":{"self":[{"href":"https:\/\/gpl-love.com\/es\/wp-json\/wp\/v2\/product\/113412","targetHints":{"allow":["GET"]}}],"collection":[{"href":"https:\/\/gpl-love.com\/es\/wp-json\/wp\/v2\/product"}],"about":[{"href":"https:\/\/gpl-love.com\/es\/wp-json\/wp\/v2\/types\/product"}],"replies":[{"embeddable":true,"href":"https:\/\/gpl-love.com\/es\/wp-json\/wp\/v2\/comments?post=113412"}],"wp:featuredmedia":[{"embeddable":true,"href":"https:\/\/gpl-love.com\/es\/wp-json\/wp\/v2\/media\/165704"}],"wp:attachment":[{"href":"https:\/\/gpl-love.com\/es\/wp-json\/wp\/v2\/media?parent=113412"}],"wp:term":[{"taxonomy":"product_brand","embeddable":true,"href":"https:\/\/gpl-love.com\/es\/wp-json\/wp\/v2\/product_brand?post=113412"},{"taxonomy":"product_cat","embeddable":true,"href":"https:\/\/gpl-love.com\/es\/wp-json\/wp\/v2\/product_cat?post=113412"},{"taxonomy":"product_tag","embeddable":true,"href":"https:\/\/gpl-love.com\/es\/wp-json\/wp\/v2\/product_tag?post=113412"}],"curies":[{"name":"wp","href":"https:\/\/api.w.org\/{rel}","templated":true}]}}