{"id":113411,"date":"2025-09-22T00:00:00","date_gmt":"2025-09-22T05:00:00","guid":{"rendered":"http:\/\/gpl-love.com\/es\/?post_type=product&#038;p=113411"},"modified":"2026-03-13T17:18:28","modified_gmt":"2026-03-13T22:18:28","slug":"css-igniter-moliere-wordpress-theme","status":"publish","type":"product","link":"https:\/\/gpl-love.com\/es\/producto\/css-igniter-moliere-wordpress-theme\/","title":{"rendered":"CSS Igniter Moliere WordPress Theme 1.1.2"},"content":{"rendered":"<h3>CSS Igniter Moliere WordPress Theme Caracteristicas<\/h3>\n<p>El tema CSS Igniter Moliere WordPress es un tema incre\u00edblemente vers\u00e1til y excepcionalmente elegante que ofrece un dise\u00f1o contempor\u00e1neo y minimalista para su sitio web. Se atiende a una amplia gama de personas, incluidos bloggers, creativos y propietarios de peque\u00f1as empresas, que buscan exhibir su trabajo y contenido de una manera refinada y sofisticada. Al proporcionar una variedad de caracter\u00edsticas personalizables, Moliere le permite crear sin esfuerzo un sitio web que sea distintivo y refinado, todo sin requerir ninguna experiencia de codificaci\u00f3n. Adem\u00e1s, el tema est\u00e1 meticulosamente optimizado para la optimizaci\u00f3n de motores de b\u00fasqueda (SEO) y cuenta con total capacidad de respuesta, garantizando que su sitio web sea visualmente impresionante en todos los dispositivos. Adem\u00e1s, con su soporte incorporado para WooCommerce, Moliere le permite vender sin esfuerzo sus productos o servicios en l\u00ednea. En conclusi\u00f3n, Moliere es una elecci\u00f3n ejemplar para aquellos en busca de un tema de WordPress que es simult\u00e1neamente simplista y elegante.<\/p>\n<ul>\n<li>Tema de WordPress bellamente dise\u00f1ado y totalmente receptivo<\/li>\n<li>Construido con las \u00faltimas tecnolog\u00edas HTML5 y CSS3<\/li>\n<li>Viene con plantillas de p\u00e1gina preconstruidas, opciones de personalizaci\u00f3n f\u00e1cil de usar y opciones de dise\u00f1o flexibles<\/li>\n<li>Perfecto para blogs, carteras y p\u00e1ginas web creativas<\/li>\n<li>Admite la integraci\u00f3n de WooCommerce para una f\u00e1cil funcionalidad de comercio electr\u00f3nico<\/li>\n<li>Proporciona atenci\u00f3n al cliente confiable y actualizaciones regulares<\/li>\n<li>Incluye opciones personalizables de encabezado y pie de p\u00e1gina, integraci\u00f3n de redes sociales y funcionalidad lista para la traducci\u00f3n<\/li>\n<li>Optimizado para el rendimiento del motor de b\u00fasqueda y los tiempos de carga r\u00e1pidos<\/li>\n<li>Incluye una variedad de c\u00f3digos cortos para mayor versatilidad y participaci\u00f3n del usuario<\/li>\n<li>Adecuado para profesionales y principiantes por igual, con caracter\u00edsticas intuitivas y f\u00e1ciles de usar.<\/li>\n<\/ul>\n","protected":false},"excerpt":{"rendered":"<p>Sum\u00e9rjase en el mundo del dise\u00f1o web con el tema Moliere WordPress de CSS Igniter. Este tema sofisticado es perfecto para blogueros, escritores y creadores de contenido que desean mostrar su trabajo de una manera elegante y elegante. Dise\u00f1ado con un ojo agudo para la est\u00e9tica, Moliere ofrece un dise\u00f1o limpio y minimalista que es totalmente receptivo y amigable con SEO. Con \u00e9l, puede elaborar sin esfuerzo un hermoso blog o sitio web sin ning\u00fan conocimiento de codificaci\u00f3n. Este tema f\u00e1cil de usar viene con opciones de color personalizables, opciones de tipograf\u00eda y estilos de dise\u00f1o que le permiten crear un sitio web que realmente refleje su marca. Moliere tambi\u00e9n presenta un conjunto robusto de herramientas para la gesti\u00f3n de contenido, lo que le permite organizar y presentar su contenido de una manera que involucre a su audiencia. Disfrute de una integraci\u00f3n perfecta con complementos y widgets populares para mayor funcionalidad. Experimente el poder y la libertad de creatividad con el tema Moliere WordPress de CSS Igniter.<\/p>\n","protected":false},"featured_media":165703,"comment_status":"open","ping_status":"open","template":"","meta":[],"product_brand":[2403],"product_cat":[1548,1237,1238],"product_tag":[2134],"class_list":{"0":"post-113411","1":"product","2":"type-product","3":"status-publish","4":"has-post-thumbnail","6":"product_brand-css-igniter","7":"product_cat-resort-hotel","8":"product_cat-temas","9":"product_cat-wordpress-temas","10":"product_tag-css-igniter","11":"member-discount","12":"discount-restricted","14":"first","15":"instock","16":"sale","17":"downloadable","18":"virtual","19":"sold-individually","20":"purchasable","21":"product-type-simple"},"_links":{"self":[{"href":"https:\/\/gpl-love.com\/es\/wp-json\/wp\/v2\/product\/113411","targetHints":{"allow":["GET"]}}],"collection":[{"href":"https:\/\/gpl-love.com\/es\/wp-json\/wp\/v2\/product"}],"about":[{"href":"https:\/\/gpl-love.com\/es\/wp-json\/wp\/v2\/types\/product"}],"replies":[{"embeddable":true,"href":"https:\/\/gpl-love.com\/es\/wp-json\/wp\/v2\/comments?post=113411"}],"wp:featuredmedia":[{"embeddable":true,"href":"https:\/\/gpl-love.com\/es\/wp-json\/wp\/v2\/media\/165703"}],"wp:attachment":[{"href":"https:\/\/gpl-love.com\/es\/wp-json\/wp\/v2\/media?parent=113411"}],"wp:term":[{"taxonomy":"product_brand","embeddable":true,"href":"https:\/\/gpl-love.com\/es\/wp-json\/wp\/v2\/product_brand?post=113411"},{"taxonomy":"product_cat","embeddable":true,"href":"https:\/\/gpl-love.com\/es\/wp-json\/wp\/v2\/product_cat?post=113411"},{"taxonomy":"product_tag","embeddable":true,"href":"https:\/\/gpl-love.com\/es\/wp-json\/wp\/v2\/product_tag?post=113411"}],"curies":[{"name":"wp","href":"https:\/\/api.w.org\/{rel}","templated":true}]}}