{"id":113410,"date":"2025-09-22T00:00:00","date_gmt":"2025-09-22T05:00:00","guid":{"rendered":"http:\/\/gpl-love.com\/es\/?post_type=product&#038;p=113410"},"modified":"2026-03-13T17:18:27","modified_gmt":"2026-03-13T22:18:27","slug":"css-igniter-milos-wordpress-theme","status":"publish","type":"product","link":"https:\/\/gpl-love.com\/es\/producto\/css-igniter-milos-wordpress-theme\/","title":{"rendered":"CSS Igniter Milos WordPress Theme 1.2.2"},"content":{"rendered":"<h3>CSS Igniter Milos WordPress Theme Caracteristicas<\/h3>\n<p>El tema CSS Igniter Milos WordPress, con su dise\u00f1o elegante y moderno, es una opci\u00f3n ideal para blogueros, fot\u00f3grafos y profesionales creativos que buscan mejorar su presencia en l\u00ednea. Con una imagen de fondo de pantalla completa cautivadora, elementos de p\u00e1gina de inicio personalizables y un dise\u00f1o limpio y minimalista, Milos realmente permite que su contenido brille. Adem\u00e1s, este tema altamente receptivo se integra sin problemas con los complementos buscados como WooCommerce y el Formulario de contacto 7, que facilita el establecimiento de una tienda en l\u00ednea o un formulario de contacto con la m\u00e1xima facilidad. Con Milos a su disposici\u00f3n, puede elaborar sin esfuerzo un sitio web visualmente impresionante y sin problemas, incluso si le falta una destreza de codificaci\u00f3n o experiencia en dise\u00f1o.<\/p>\n<ul>\n<li>Dise\u00f1o totalmente receptivo para una visualizaci\u00f3n \u00f3ptima en todos los dispositivos<\/li>\n<li>Construido en la plataforma de WordPress potente y f\u00e1cil de usar<\/li>\n<li>M\u00faltiples dise\u00f1os de la p\u00e1gina de inicio y opciones de personalizaci\u00f3n para crear un sitio web \u00fanico y personalizado<\/li>\n<li>Constructor de p\u00e1gina de arrastre y soldado de arrastre y suelto f\u00e1ciles de usar para una personalizaci\u00f3n sin esfuerzo<\/li>\n<li>Widgets y c\u00f3digos cortos personalizables para una funcionalidad adicional y facilidad de uso<\/li>\n<li>Opciones para el dise\u00f1o del blog, la pantalla de cartera y otras caracter\u00edsticas de la p\u00e1gina que incluyen controles deslizantes, formatos de publicaci\u00f3n y m\u00e1s<\/li>\n<li>Documentaci\u00f3n integral y atenci\u00f3n al cliente para todas las necesidades y preguntas del usuario<\/li>\n<li>SEO optimizado para la m\u00e1xima visibilidad y clasificaci\u00f3n de motores de b\u00fasqueda<\/li>\n<li>Compatible con complementos principales, incluidos WooCommerce para una f\u00e1cil integraci\u00f3n de comercio electr\u00f3nico<\/li>\n<li>Actualizaciones y mejoras regulares para garantizar la funcionalidad y la usabilidad continuas.<\/li>\n<\/ul>\n","protected":false},"excerpt":{"rendered":"<p>Sumerja a su audiencia en el mundo de la hospitalidad y cenando con el tema de WordPress de CSS Igniter Milos. Este tema est\u00e1 dise\u00f1ado espec\u00edficamente para restaurantes, cafeter\u00edas y bares, proporcionando una experiencia en l\u00ednea \u00fanica y gastron\u00f3mica. El tema de Milos WordPress es totalmente personalizable, lo que le permite hacer coincidir su sitio web con la identidad de su marca. Admite varios formatos de publicaci\u00f3n y m\u00faltiples dise\u00f1os, por lo que puede crear contenido tan diverso como su men\u00fa. El tema tambi\u00e9n incluye un formulario de reserva, perfecto para empresas que desean proporcionar una experiencia de reserva sin problemas para sus clientes. Este tema es amigable con SEO, asegurando que su sitio web se clasifique bien en los motores de b\u00fasqueda. Con su dise\u00f1o receptivo, su sitio web se ver\u00e1 genial en cualquier dispositivo. CSS Igniter ofrece soporte de primer nivel y actualizaciones de temas regulares, asegur\u00e1ndose de que su sitio funcione sin problemas en todo momento. Obtenga el tema de Milos WordPress y deje que su presencia en l\u00ednea sea tan sorprendente como sus creaciones culinarias.<\/p>\n","protected":false},"featured_media":165702,"comment_status":"open","ping_status":"open","template":"","meta":[],"product_brand":[2403],"product_cat":[1307,1237,1238],"product_tag":[2134],"class_list":{"0":"post-113410","1":"product","2":"type-product","3":"status-publish","4":"has-post-thumbnail","6":"product_brand-css-igniter","7":"product_cat-negocio-wordpress-temas","8":"product_cat-temas","9":"product_cat-wordpress-temas","10":"product_tag-css-igniter","11":"member-discount","12":"discount-restricted","14":"first","15":"instock","16":"sale","17":"downloadable","18":"virtual","19":"sold-individually","20":"purchasable","21":"product-type-simple"},"_links":{"self":[{"href":"https:\/\/gpl-love.com\/es\/wp-json\/wp\/v2\/product\/113410","targetHints":{"allow":["GET"]}}],"collection":[{"href":"https:\/\/gpl-love.com\/es\/wp-json\/wp\/v2\/product"}],"about":[{"href":"https:\/\/gpl-love.com\/es\/wp-json\/wp\/v2\/types\/product"}],"replies":[{"embeddable":true,"href":"https:\/\/gpl-love.com\/es\/wp-json\/wp\/v2\/comments?post=113410"}],"wp:featuredmedia":[{"embeddable":true,"href":"https:\/\/gpl-love.com\/es\/wp-json\/wp\/v2\/media\/165702"}],"wp:attachment":[{"href":"https:\/\/gpl-love.com\/es\/wp-json\/wp\/v2\/media?parent=113410"}],"wp:term":[{"taxonomy":"product_brand","embeddable":true,"href":"https:\/\/gpl-love.com\/es\/wp-json\/wp\/v2\/product_brand?post=113410"},{"taxonomy":"product_cat","embeddable":true,"href":"https:\/\/gpl-love.com\/es\/wp-json\/wp\/v2\/product_cat?post=113410"},{"taxonomy":"product_tag","embeddable":true,"href":"https:\/\/gpl-love.com\/es\/wp-json\/wp\/v2\/product_tag?post=113410"}],"curies":[{"name":"wp","href":"https:\/\/api.w.org\/{rel}","templated":true}]}}