{"id":113409,"date":"2025-09-22T00:00:00","date_gmt":"2025-09-22T05:00:00","guid":{"rendered":"http:\/\/gpl-love.com\/es\/?post_type=product&#038;p=113409"},"modified":"2026-03-13T17:18:26","modified_gmt":"2026-03-13T22:18:26","slug":"css-igniter-medi-wordpress-theme","status":"publish","type":"product","link":"https:\/\/gpl-love.com\/es\/producto\/css-igniter-medi-wordpress-theme\/","title":{"rendered":"CSS Igniter Medi WordPress Theme 1.1.8"},"content":{"rendered":"<h3>CSS Igniter Medi WordPress Theme Caracteristicas<\/h3>\n<p>El tema CSS Igniter Medi WordPress es una plantilla altamente sofisticada y contempor\u00e1nea que ha sido cuidadosamente elaborada para amplificar la visibilidad digital y el impacto de los m\u00e9dicos e instituciones de atenci\u00f3n m\u00e9dica por igual. Al integrar perfectamente una gran cantidad de posibilidades de personalizaci\u00f3n, abarcar diversos dise\u00f1os, paletas de colores y surtidos de fuentes, este tema excepcional permite a los usuarios forjar una presencia en l\u00ednea extraordinaria y excepcionalmente efectiva. Adem\u00e1s, est\u00e1 repleto de una variedad de caracter\u00edsticas que se han adaptado meticulosamente para satisfacer los requisitos y matices \u00fanicos de la industria de la salud, incluidas, entre otros, capacidades de programaci\u00f3n de citas, perfiles integrales para miembros del equipo y una gama de temas de salud. \u00edconos. Gracias a su adaptabilidad inherente y su interfaz f\u00e1cil de usar, CSS Igniter Medi surge como una opci\u00f3n realmente excepcional para las personas que buscan construir una plataforma digital verdaderamente pulida y cautivadora dedicada al campo de la medicina.<\/p>\n<ul>\n<li>Un tema premium de WordPress dise\u00f1ado espec\u00edficamente para sitios web m\u00e9dicos y de salud<\/li>\n<li>Flexible y f\u00e1cil de usar, con una variedad de opciones de personalizaci\u00f3n disponibles<\/li>\n<li>Construido para ser receptivo y amigable para los dispositivos m\u00f3viles, asegurando una gran experiencia de usuario en cualquier dispositivo<\/li>\n<li>Incluye una variedad de plantillas de p\u00e1gina predise\u00f1adas, como Acerca de nosotros, nuestros servicios y cont\u00e1ctenos<\/li>\n<li>Se integra f\u00e1cilmente con una variedad de complementos populares de WordPress, incluido WooCommerce para ventas en l\u00ednea y Formulario de contacto 7 para una f\u00e1cil comunicaci\u00f3n con los clientes.<\/li>\n<li>Dise\u00f1ado con la optimizaci\u00f3n de motores de b\u00fasqueda (SEO) en mente, ayudando a su sitio web a clasificar m\u00e1s alto en los resultados de los motores de b\u00fasqueda<\/li>\n<li>Incluye una amplia documentaci\u00f3n y apoyo del equipo CSS Igniter para facilitar el uso y la soluci\u00f3n de problemas<\/li>\n<li>Actualizado regularmente con nuevas funciones y correcciones de errores para garantizar la mejor experiencia de usuario posible.<\/li>\n<\/ul>\n","protected":false},"excerpt":{"rendered":"<p>Experimente el poder y la flexibilidad del tema CSS Igniter Medi WordPress. Dise\u00f1ado espec\u00edficamente para profesionales m\u00e9dicos, de salud y de bienestar, este tema ofrece una serie de caracter\u00edsticas esenciales. Proporciona un dise\u00f1o limpio y moderno que es receptivo y listo para la retina, asegurando que su sitio se vea bien en todos los dispositivos. El panel de opciones de temas avanzados permite una f\u00e1cil personalizaci\u00f3n, por lo que puede ajustar los colores, las fuentes y los dise\u00f1os para adaptarse a su marca. El tema Medi WordPress tambi\u00e9n incluye widgets personalizados, control deslizante de ancho completo y optimizaci\u00f3n de SEO para ayudar a aumentar su visibilidad en l\u00ednea. Admite complementos populares como WooCommerce para la funcionalidad de comercio electr\u00f3nico, WPFORMS para la creaci\u00f3n de formularios y Yoast SEO para una mejor optimizaci\u00f3n de motores de b\u00fasqueda. Disfrute de los beneficios del soporte de primer nivel y la documentaci\u00f3n integral que garantice una configuraci\u00f3n y uso sin problemas. Actualice su presencia en l\u00ednea con el tema CSS Igniter Medi WordPress.<\/p>\n","protected":false},"featured_media":165701,"comment_status":"open","ping_status":"open","template":"","meta":[],"product_brand":[2403],"product_cat":[1307,1237,1238],"product_tag":[2134],"class_list":{"0":"post-113409","1":"product","2":"type-product","3":"status-publish","4":"has-post-thumbnail","6":"product_brand-css-igniter","7":"product_cat-negocio-wordpress-temas","8":"product_cat-temas","9":"product_cat-wordpress-temas","10":"product_tag-css-igniter","11":"member-discount","12":"discount-restricted","14":"first","15":"instock","16":"sale","17":"downloadable","18":"virtual","19":"sold-individually","20":"purchasable","21":"product-type-simple"},"_links":{"self":[{"href":"https:\/\/gpl-love.com\/es\/wp-json\/wp\/v2\/product\/113409","targetHints":{"allow":["GET"]}}],"collection":[{"href":"https:\/\/gpl-love.com\/es\/wp-json\/wp\/v2\/product"}],"about":[{"href":"https:\/\/gpl-love.com\/es\/wp-json\/wp\/v2\/types\/product"}],"replies":[{"embeddable":true,"href":"https:\/\/gpl-love.com\/es\/wp-json\/wp\/v2\/comments?post=113409"}],"wp:featuredmedia":[{"embeddable":true,"href":"https:\/\/gpl-love.com\/es\/wp-json\/wp\/v2\/media\/165701"}],"wp:attachment":[{"href":"https:\/\/gpl-love.com\/es\/wp-json\/wp\/v2\/media?parent=113409"}],"wp:term":[{"taxonomy":"product_brand","embeddable":true,"href":"https:\/\/gpl-love.com\/es\/wp-json\/wp\/v2\/product_brand?post=113409"},{"taxonomy":"product_cat","embeddable":true,"href":"https:\/\/gpl-love.com\/es\/wp-json\/wp\/v2\/product_cat?post=113409"},{"taxonomy":"product_tag","embeddable":true,"href":"https:\/\/gpl-love.com\/es\/wp-json\/wp\/v2\/product_tag?post=113409"}],"curies":[{"name":"wp","href":"https:\/\/api.w.org\/{rel}","templated":true}]}}