{"id":113408,"date":"2025-09-22T00:00:00","date_gmt":"2025-09-22T05:00:00","guid":{"rendered":"http:\/\/gpl-love.com\/es\/?post_type=product&#038;p=113408"},"modified":"2026-03-13T17:18:25","modified_gmt":"2026-03-13T22:18:25","slug":"css-igniter-loge-woocommerce-theme","status":"publish","type":"product","link":"https:\/\/gpl-love.com\/es\/producto\/css-igniter-loge-woocommerce-theme\/","title":{"rendered":"CSS Igniter Loge WooCommerce Theme 1.0.8"},"content":{"rendered":"<h3>CSS Igniter Loge WooCommerce Theme Caracteristicas<\/h3>\n<p>El tema CSS Igniter Loge WooCommerce, conocido por su est\u00e9tica elegante y moderna, es una opci\u00f3n ideal para las empresas que buscan expandir su presencia en l\u00ednea al aventurarse en el \u00e1mbito del comercio electr\u00f3nico. Con su enfoque exclusivo en WooCommerce, este tema optimiza el proceso de establecer una tienda en l\u00ednea, que permite el comienzo r\u00e1pido de las ventas de productos. En particular, el tema cuenta con un dise\u00f1o soleado y elegante, acentuado por una p\u00e1gina de inicio totalmente personalizable que permite a los due\u00f1os de negocios exhibir sus productos y servicios de la manera m\u00e1s cautivadora posible. Adem\u00e1s, este tema abarca una variedad de caracter\u00edsticas, que abarca un encabezado, pie de p\u00e1gina y barra lateral altamente personalizable. Adem\u00e1s, acomoda diversos idiomas y monedas, atendiendo as\u00ed a una clientela internacional m\u00e1s amplia. En conclusi\u00f3n, el tema CSS Igniter Loge WooCommerce sobresale como una excelente opci\u00f3n para las empresas que aspiran a reforzar su presencia en l\u00ednea y aumentar sus ventas.<\/p>\n<ul>\n<li>Dise\u00f1o profesional y elegante perfecto para cualquier tienda en l\u00ednea<\/li>\n<li>Totalmente receptivo para una visualizaci\u00f3n \u00f3ptima en cualquier dispositivo<\/li>\n<li>Opciones de dise\u00f1o personalizables para adaptarse a su marca y necesidades de productos<\/li>\n<li>Integraci\u00f3n con el popular complemento de WooCommerce para una funcionalidad de comercio electr\u00f3nico f\u00e1cil<\/li>\n<li>M\u00faltiples opciones de dise\u00f1o de la p\u00e1gina de inicio para elegir<\/li>\n<li>Integraci\u00f3n de las redes sociales para una f\u00e1cil promoci\u00f3n y compartir<\/li>\n<li>Traducci\u00f3n lista para una audiencia global<\/li>\n<li>Acceso a actualizaciones regulares y atenci\u00f3n al cliente de CSS Igniter.<\/li>\n<\/ul>\n","protected":false},"excerpt":{"rendered":"<p>Experimente una combinaci\u00f3n \u00fanica de estilo y funcionalidad con el tema CSS Igniter Loge WooCommerce. Este tema est\u00e1 dise\u00f1ado espec\u00edficamente con los sitios de comercio electr\u00f3nico en mente, ofreciendo un dise\u00f1o elegante y moderno que es perfecto para exhibir sus productos. El tema CSS Igniter Loge WooCommerce es f\u00e1cil de navegar, receptivo y totalmente personalizable, por lo que es muy f\u00e1cil crear un sitio web que realmente refleje su marca. Est\u00e1 equipado con una amplia integraci\u00f3n de WooCommerce, lo que significa que puede configurar sin esfuerzo una tienda en l\u00ednea, administrar el inventario y los pedidos de procesos. Para que su sitio sea a\u00fan m\u00e1s atractivo, el tema tambi\u00e9n admite varios formatos de publicaci\u00f3n, widgets personalizados y una amplia gama de opciones de color. Con el tema CSS Igniter Loge WooCommerce, puede crear una presencia en l\u00ednea convincente que atraiga a los clientes y las ventas de conducir.<\/p>\n","protected":false},"featured_media":165700,"comment_status":"open","ping_status":"open","template":"","meta":[],"product_brand":[2403],"product_cat":[1263,1264,1237],"product_tag":[2134],"class_list":{"0":"post-113408","1":"product","2":"type-product","3":"status-publish","4":"has-post-thumbnail","6":"product_brand-css-igniter","7":"product_cat-comercio-electronico-temas","8":"product_cat-negocio","9":"product_cat-temas","10":"product_tag-css-igniter","11":"member-discount","12":"discount-restricted","14":"first","15":"instock","16":"sale","17":"downloadable","18":"virtual","19":"sold-individually","20":"purchasable","21":"product-type-simple"},"_links":{"self":[{"href":"https:\/\/gpl-love.com\/es\/wp-json\/wp\/v2\/product\/113408","targetHints":{"allow":["GET"]}}],"collection":[{"href":"https:\/\/gpl-love.com\/es\/wp-json\/wp\/v2\/product"}],"about":[{"href":"https:\/\/gpl-love.com\/es\/wp-json\/wp\/v2\/types\/product"}],"replies":[{"embeddable":true,"href":"https:\/\/gpl-love.com\/es\/wp-json\/wp\/v2\/comments?post=113408"}],"wp:featuredmedia":[{"embeddable":true,"href":"https:\/\/gpl-love.com\/es\/wp-json\/wp\/v2\/media\/165700"}],"wp:attachment":[{"href":"https:\/\/gpl-love.com\/es\/wp-json\/wp\/v2\/media?parent=113408"}],"wp:term":[{"taxonomy":"product_brand","embeddable":true,"href":"https:\/\/gpl-love.com\/es\/wp-json\/wp\/v2\/product_brand?post=113408"},{"taxonomy":"product_cat","embeddable":true,"href":"https:\/\/gpl-love.com\/es\/wp-json\/wp\/v2\/product_cat?post=113408"},{"taxonomy":"product_tag","embeddable":true,"href":"https:\/\/gpl-love.com\/es\/wp-json\/wp\/v2\/product_tag?post=113408"}],"curies":[{"name":"wp","href":"https:\/\/api.w.org\/{rel}","templated":true}]}}