{"id":113406,"date":"2025-09-24T00:00:00","date_gmt":"2025-09-24T05:00:00","guid":{"rendered":"http:\/\/gpl-love.com\/es\/?post_type=product&#038;p=113406"},"modified":"2026-03-13T17:18:24","modified_gmt":"2026-03-13T22:18:24","slug":"css-igniter-lense-wordpress-theme","status":"publish","type":"product","link":"https:\/\/gpl-love.com\/es\/producto\/css-igniter-lense-wordpress-theme\/","title":{"rendered":"CSS Igniter Lense WordPress Theme 1.2.2"},"content":{"rendered":"<h3>CSS Igniter Lense WordPress Theme Caracteristicas<\/h3>\n<p>El tema de WordPress Lense de CSS Igniter, un tema de WordPress excepcionalmente de alta calidad, ha sido excelentemente elaborado con el prop\u00f3sito de exhibir su incomparable destreza de fotograf\u00eda de una manera innegablemente profesional y est\u00e9ticamente agradable. Con un dise\u00f1o exquisito y refinado, este tema tambi\u00e9n ofrece una amplia gama de opciones de personalizaci\u00f3n, lo que le permite crear un sitio web que sea distintivamente \u00fanico y adaptado a sus preferencias personales. Adem\u00e1s, este tema no solo es totalmente receptivo, sino que tambi\u00e9n es notablemente adaptable a varios dispositivos m\u00f3viles, lo que garantiza que su sitio web parezca perfectamente impresionante en todas las plataformas. Adem\u00e1s, con una variedad de caracter\u00edsticas extraordinariamente potentes a su disposici\u00f3n, como la capacidad de crear un men\u00fa personalizado, incorporar un encabezado personalizado y aplicar opciones de fondo personalizadas, el tema de WordPress Lense CSS le permite cultivar un verdaderamente cautivador y profesionalmente sofisticado. Sitio web de fotograf\u00eda que seguramente cautivar\u00e1 a clientes potenciales, en \u00faltima instancia, servir\u00e1 como una plataforma ideal para mostrar y resaltar sus habilidades notables de la manera m\u00e1s excepcional y extraordinaria imaginable.<\/p>\n<ul>\n<li>Dise\u00f1o de sitio web moderno y elegante<\/li>\n<li>F\u00e1cil de personalizar con numerosas opciones para esquemas de color, dise\u00f1os y tipograf\u00eda<\/li>\n<li>Construido con un dise\u00f1o receptivo para garantizar que su sitio web se vea muy bien en cualquier dispositivo<\/li>\n<li>Presenta un constructor de p\u00e1ginas de arrastrar y soltar para la personalizaci\u00f3n sin esfuerzo<\/li>\n<li>Incluye plantillas predise\u00f1adas para p\u00e1ginas, publicaciones y art\u00edculos de cartera<\/li>\n<li>Incluye integraci\u00f3n con complementos populares de WordPress como WooCommerce y el Formulario de contacto 7<\/li>\n<li>Soporte dedicado y actualizaciones peri\u00f3dicas asegura que su sitio web se mantenga actualizado y funcione bien<\/li>\n<li>Compatible con todos los principales navegadores, incluidos Chrome, Firefox, Safari y Edge<\/li>\n<li>Optimizaci\u00f3n de motores de b\u00fasqueda (SEO) amigable para ayudar a su sitio web a clasificar m\u00e1s alto en los motores de b\u00fasqueda<\/li>\n<li>Importaci\u00f3n de demostraci\u00f3n de un solo clic para una instalaci\u00f3n y configuraci\u00f3n r\u00e1pida y f\u00e1cil.<\/li>\n<\/ul>\n","protected":false},"excerpt":{"rendered":"<p>Sum\u00e9rgete en el mundo de la fotograf\u00eda con el tema de WordPress lente de CSS Igniter. Este tema est\u00e1 hecho a medida para los fot\u00f3grafos, que ofrece una plataforma \u00fanica y elegante para mostrar su trabajo. Con sus controles deslizantes y galer\u00edas de fotos de pantalla completa, sus fotos siempre se ver\u00e1n lo mejor posible. El tema lente es compatible con los navegadores web m\u00e1s populares y totalmente receptivo, asegurando que su cartera se vea impresionante en cualquier dispositivo. Sus opciones de personalizaci\u00f3n f\u00e1cil de usar le permiten crear un sitio web que realmente refleje su estilo y marca. Desde el esquema de color hasta la tipograf\u00eda, puede ajustar cada detalle a su gusto. El tema tambi\u00e9n admite varios formatos de publicaci\u00f3n, permiti\u00e9ndole compartir no solo im\u00e1genes sino tambi\u00e9n videos, citas, enlaces y m\u00e1s. El tema lente de WordPress de CSS Igniter es una herramienta poderosa para cualquier fot\u00f3grafo que quiera tener un impacto en l\u00ednea.<\/p>\n","protected":false},"featured_media":165698,"comment_status":"open","ping_status":"open","template":"","meta":[],"product_brand":[2403],"product_cat":[1267,1237,1238],"product_tag":[2134],"class_list":{"0":"post-113406","1":"product","2":"type-product","3":"status-publish","4":"has-post-thumbnail","6":"product_brand-css-igniter","7":"product_cat-creativo","8":"product_cat-temas","9":"product_cat-wordpress-temas","10":"product_tag-css-igniter","11":"member-discount","12":"discount-restricted","14":"first","15":"instock","16":"sale","17":"downloadable","18":"virtual","19":"sold-individually","20":"purchasable","21":"product-type-simple"},"_links":{"self":[{"href":"https:\/\/gpl-love.com\/es\/wp-json\/wp\/v2\/product\/113406","targetHints":{"allow":["GET"]}}],"collection":[{"href":"https:\/\/gpl-love.com\/es\/wp-json\/wp\/v2\/product"}],"about":[{"href":"https:\/\/gpl-love.com\/es\/wp-json\/wp\/v2\/types\/product"}],"replies":[{"embeddable":true,"href":"https:\/\/gpl-love.com\/es\/wp-json\/wp\/v2\/comments?post=113406"}],"wp:featuredmedia":[{"embeddable":true,"href":"https:\/\/gpl-love.com\/es\/wp-json\/wp\/v2\/media\/165698"}],"wp:attachment":[{"href":"https:\/\/gpl-love.com\/es\/wp-json\/wp\/v2\/media?parent=113406"}],"wp:term":[{"taxonomy":"product_brand","embeddable":true,"href":"https:\/\/gpl-love.com\/es\/wp-json\/wp\/v2\/product_brand?post=113406"},{"taxonomy":"product_cat","embeddable":true,"href":"https:\/\/gpl-love.com\/es\/wp-json\/wp\/v2\/product_cat?post=113406"},{"taxonomy":"product_tag","embeddable":true,"href":"https:\/\/gpl-love.com\/es\/wp-json\/wp\/v2\/product_tag?post=113406"}],"curies":[{"name":"wp","href":"https:\/\/api.w.org\/{rel}","templated":true}]}}