{"id":113405,"date":"2025-09-19T00:00:00","date_gmt":"2025-09-19T05:00:00","guid":{"rendered":"http:\/\/gpl-love.com\/es\/?post_type=product&#038;p=113405"},"modified":"2026-03-13T17:18:23","modified_gmt":"2026-03-13T22:18:23","slug":"css-igniter-korina-wordpress-theme","status":"publish","type":"product","link":"https:\/\/gpl-love.com\/es\/producto\/css-igniter-korina-wordpress-theme\/","title":{"rendered":"CSS Igniter Korina WordPress Theme 1.1.2"},"content":{"rendered":"<h3>CSS Igniter Korina WordPress Theme Caracteristicas<\/h3>\n<p>El tema CSS Igniter Korina WordPress es un tema premium muy buscado que presenta una est\u00e9tica incre\u00edblemente moderna y profesional para mejorar el atractivo visual general de cualquier sitio web. Con un dise\u00f1o notablemente adaptativo, este tema se adapta perfectamente a varios dispositivos con absoluta facilidad, asegurando una experiencia de usuario incomparable en todos los \u00e1mbitos. Lo que distingue a este tema es su amplia gama de opciones de personalizaci\u00f3n, que permiten a los usuarios adaptar sin esfuerzo la apariencia y el ambiente de su sitio web para adaptarse a sus preferencias. Con una variedad de plantillas de p\u00e1gina, una integraci\u00f3n perfecta con plataformas de redes sociales y una amplia gama de widgets personalizados, los usuarios est\u00e1n facultados para crear una experiencia de usuario verdaderamente distintiva y cautivadora. Adem\u00e1s, el dise\u00f1o elegante del tema de WordPress del CSS Igniter Korina y la funcionalidad notablemente vers\u00e1til lo convierten en una elecci\u00f3n excepcional para las personas que buscan forjar una presencia digital inolvidable.<\/p>\n<ul>\n<li>Dise\u00f1o moderno y elegante perfecto para cualquier tipo de sitio web<\/li>\n<li>Construido con las \u00faltimas tecnolog\u00edas web que incluyen HTML5, CSS3 y JQuery<\/li>\n<li>Totalmente compatible con la \u00faltima versi\u00f3n de WordPress<\/li>\n<li>F\u00e1cil de configurar y personalizar usando el personalizador de WordPress<\/li>\n<li>M\u00faltiples dise\u00f1os de la p\u00e1gina de inicio para elegir incluir una opci\u00f3n predeterminada, de ancho completo y cuadr\u00edcula<\/li>\n<li>Integraci\u00f3n con complementos populares de WordPress que incluyen Jetpack y WooCommerce<\/li>\n<li>Dise\u00f1os personalizables de encabezado y pie de p\u00e1gina con opciones para \u00edconos de redes sociales y men\u00fas de navegaci\u00f3n<\/li>\n<li>El dise\u00f1o receptivo m\u00f3vil asegura que su sitio web se vea muy bien en cualquier dispositivo<\/li>\n<li>Acceso a un equipo de soporte \u00fatil y actualizaciones peri\u00f3dicas para garantizar que su sitio web se mantenga actualizado con la \u00faltima tecnolog\u00eda<\/li>\n<li>Traducci\u00f3n lista para sitios web multiling\u00fces.<\/li>\n<\/ul>\n","protected":false},"excerpt":{"rendered":"<p>El tema CSS Igniter Korina WordPress est\u00e1 dise\u00f1ado para impresionar, ofreciendo una versatilidad inigualable y caracter\u00edsticas f\u00e1ciles de usar. Es perfecto para aquellos que exigen un atractivo est\u00e9tico y la funcionalidad en su sitio de WordPress. El dise\u00f1o limpio de Korina y la navegaci\u00f3n perfecta mantendr\u00e1n a su audiencia comprometida, mientras que sus opciones de personalizaci\u00f3n avanzada le permiten crear un sitio que realmente refleje su marca. El tema es totalmente receptivo, asegurando que su sitio se vea impresionante en todos los dispositivos. Con Korina, su sitio se cargar\u00e1 r\u00e1pidamente, gracias a su codificaci\u00f3n ligera y simplificada. Disfrute de los beneficios de un dise\u00f1o amigable con el SEO, que ayuda a su sitio a clasificarse m\u00e1s en los motores de b\u00fasqueda. El equipo de soporte dedicado del CSS Igniter siempre est\u00e1 listo para brindar asistencia, asegurando una experiencia sin problemas y sin problemas para todos los usuarios. El tema de Korina WordPress de CSS Igniter es una herramienta poderosa que combina estilo, rendimiento y funcionalidad, lo que lo convierte en la opci\u00f3n ideal para cualquier persona que busque hacer una fuerte presencia en l\u00ednea.<\/p>\n","protected":false},"featured_media":165697,"comment_status":"open","ping_status":"open","template":"","meta":[],"product_brand":[2403],"product_cat":[1646,1237,1238],"product_tag":[2134],"class_list":{"0":"post-113405","1":"product","2":"type-product","3":"status-publish","4":"has-post-thumbnail","6":"product_brand-css-igniter","7":"product_cat-alimentacion-y-restaurante","8":"product_cat-temas","9":"product_cat-wordpress-temas","10":"product_tag-css-igniter","11":"member-discount","12":"discount-restricted","14":"first","15":"instock","16":"sale","17":"downloadable","18":"virtual","19":"sold-individually","20":"purchasable","21":"product-type-simple"},"_links":{"self":[{"href":"https:\/\/gpl-love.com\/es\/wp-json\/wp\/v2\/product\/113405","targetHints":{"allow":["GET"]}}],"collection":[{"href":"https:\/\/gpl-love.com\/es\/wp-json\/wp\/v2\/product"}],"about":[{"href":"https:\/\/gpl-love.com\/es\/wp-json\/wp\/v2\/types\/product"}],"replies":[{"embeddable":true,"href":"https:\/\/gpl-love.com\/es\/wp-json\/wp\/v2\/comments?post=113405"}],"wp:featuredmedia":[{"embeddable":true,"href":"https:\/\/gpl-love.com\/es\/wp-json\/wp\/v2\/media\/165697"}],"wp:attachment":[{"href":"https:\/\/gpl-love.com\/es\/wp-json\/wp\/v2\/media?parent=113405"}],"wp:term":[{"taxonomy":"product_brand","embeddable":true,"href":"https:\/\/gpl-love.com\/es\/wp-json\/wp\/v2\/product_brand?post=113405"},{"taxonomy":"product_cat","embeddable":true,"href":"https:\/\/gpl-love.com\/es\/wp-json\/wp\/v2\/product_cat?post=113405"},{"taxonomy":"product_tag","embeddable":true,"href":"https:\/\/gpl-love.com\/es\/wp-json\/wp\/v2\/product_tag?post=113405"}],"curies":[{"name":"wp","href":"https:\/\/api.w.org\/{rel}","templated":true}]}}