{"id":113404,"date":"2023-01-25T00:00:00","date_gmt":"2023-01-25T05:00:00","guid":{"rendered":"http:\/\/gpl-love.com\/es\/?post_type=product&#038;p=113404"},"modified":"2026-03-13T17:18:22","modified_gmt":"2026-03-13T22:18:22","slug":"css-igniter-koehn-wordpress-theme","status":"publish","type":"product","link":"https:\/\/gpl-love.com\/es\/producto\/css-igniter-koehn-wordpress-theme\/","title":{"rendered":"CSS Igniter Koehn WordPress Theme 1.3.3"},"content":{"rendered":"<h3>CSS Igniter Koehn WordPress Theme Caracteristicas<\/h3>\n<p>El tema CSS Igniter Koehn WordPress, con su naturaleza contempor\u00e1nea y multifac\u00e9tica, ha sido meticulosamente elaborada para cautivar no solo las mentes creativas sino tambi\u00e9n las personas orientadas a los negocios. Con un dise\u00f1o elegante y minimalista, Koehn ofrece opciones de personalizaci\u00f3n perfecta y muestra una amplia gama de caracter\u00edsticas preinstaladas que est\u00e1n adaptadas para elevar la visibilidad de su sitio web. Asegurando una adaptabilidad \u00f3ptima, este tema es totalmente receptivo, garantizando una pantalla impecable en cualquier dispositivo dado, al tiempo que incorpora un potente constructor de p\u00e1ginas de arrastrar y soltar, lo que permite que incluso las personas no expertas en tecnolog\u00eda generen sitios web impresionantes sin esfuerzo. Adem\u00e1s, con su integraci\u00f3n perfecta de WooCommerce y varios otros complementos buscados, Koehn emerge como la soluci\u00f3n por excelencia para aquellos que buscan crear un sitio web que exude a la profesionalidad y la funcionalidad sin esfuerzo.<\/p>\n<ul>\n<li>Dise\u00f1o moderno y profesional para profesionales creativos<\/li>\n<li>Totalmente receptivo y optimizado para dispositivos m\u00f3viles<\/li>\n<li>Opciones de personalizaci\u00f3n f\u00e1ciles con el personalizador en vivo incorporado<\/li>\n<li>Opciones de dise\u00f1o m\u00faltiples que incluyen dise\u00f1os de ancho completo y en caja<\/li>\n<li>Opciones de tipograf\u00eda mejoradas con m\u00e1s de 600 fuentes de Google incluidas<\/li>\n<li>Integraci\u00f3n con complementos populares como WooCommerce, Contact Form 7 y Jetpack<\/li>\n<li>Importar contenido de demostraci\u00f3n de un solo clic para una f\u00e1cil configuraci\u00f3n<\/li>\n<li>Documentaci\u00f3n completa y tutoriales de video incluidos<\/li>\n<li>Soporte dedicado del equipo CSS Igniter<\/li>\n<li>Actualizaciones y compatibilidad regulares con las \u00faltimas versiones de WordPress<\/li>\n<\/ul>\n","protected":false},"excerpt":{"rendered":"<p>Experimente el poder y la flexibilidad del tema CSS Igniter Koehn WordPress. Este tema din\u00e1mico y f\u00e1cil de usar es perfecto para las empresas que buscan tener un impacto en l\u00ednea. Con su dise\u00f1o elegante y su funcionalidad robusta, le permite mostrar su trabajo de una manera profesional y atractiva.<\/p>\n<p>Las caracter\u00edsticas clave incluyen un dise\u00f1o receptivo, amplias opciones de personalizaci\u00f3n y compatibilidad perfecta con complementos populares. El dise\u00f1o receptivo garantiza que su sitio web se vea genial en cualquier dispositivo, mientras que las opciones de personalizaci\u00f3n le permiten crear una presencia en l\u00ednea \u00fanica que realmente represente su marca. Adem\u00e1s, con una compatibilidad perfecta, puede integrar f\u00e1cilmente complementos populares para aumentar la funcionalidad de su sitio.<\/p>\n<p>Lo que establece el tema CSS Igniter Koehn WordPress es la atenci\u00f3n al detalle en su dise\u00f1o y su interfaz f\u00e1cil de usar. Viene con una variedad de plantillas y dise\u00f1os, lo que le facilita crear la apariencia perfecta para su sitio web.<\/p>\n<p>Ya sea que sea un dise\u00f1ador web experimentado o que comience, el tema de WordPress de CSS Igniter Koehn es f\u00e1cil de usar<\/p>\n","protected":false},"featured_media":165696,"comment_status":"open","ping_status":"open","template":"","meta":[],"product_brand":[2403],"product_cat":[1307,1237,1238],"product_tag":[2134],"class_list":{"0":"post-113404","1":"product","2":"type-product","3":"status-publish","4":"has-post-thumbnail","6":"product_brand-css-igniter","7":"product_cat-negocio-wordpress-temas","8":"product_cat-temas","9":"product_cat-wordpress-temas","10":"product_tag-css-igniter","11":"member-discount","12":"discount-restricted","14":"first","15":"instock","16":"sale","17":"downloadable","18":"virtual","19":"sold-individually","20":"purchasable","21":"product-type-simple"},"_links":{"self":[{"href":"https:\/\/gpl-love.com\/es\/wp-json\/wp\/v2\/product\/113404","targetHints":{"allow":["GET"]}}],"collection":[{"href":"https:\/\/gpl-love.com\/es\/wp-json\/wp\/v2\/product"}],"about":[{"href":"https:\/\/gpl-love.com\/es\/wp-json\/wp\/v2\/types\/product"}],"replies":[{"embeddable":true,"href":"https:\/\/gpl-love.com\/es\/wp-json\/wp\/v2\/comments?post=113404"}],"wp:featuredmedia":[{"embeddable":true,"href":"https:\/\/gpl-love.com\/es\/wp-json\/wp\/v2\/media\/165696"}],"wp:attachment":[{"href":"https:\/\/gpl-love.com\/es\/wp-json\/wp\/v2\/media?parent=113404"}],"wp:term":[{"taxonomy":"product_brand","embeddable":true,"href":"https:\/\/gpl-love.com\/es\/wp-json\/wp\/v2\/product_brand?post=113404"},{"taxonomy":"product_cat","embeddable":true,"href":"https:\/\/gpl-love.com\/es\/wp-json\/wp\/v2\/product_cat?post=113404"},{"taxonomy":"product_tag","embeddable":true,"href":"https:\/\/gpl-love.com\/es\/wp-json\/wp\/v2\/product_tag?post=113404"}],"curies":[{"name":"wp","href":"https:\/\/api.w.org\/{rel}","templated":true}]}}