{"id":113403,"date":"2025-09-19T00:00:00","date_gmt":"2025-09-19T05:00:00","guid":{"rendered":"http:\/\/gpl-love.com\/es\/?post_type=product&#038;p=113403"},"modified":"2026-03-13T17:18:21","modified_gmt":"2026-03-13T22:18:21","slug":"css-igniter-hugo-woocommerce-theme","status":"publish","type":"product","link":"https:\/\/gpl-love.com\/es\/producto\/css-igniter-hugo-woocommerce-theme\/","title":{"rendered":"CSS Igniter Hugo Woocommerce Theme 1.2.0"},"content":{"rendered":"<h3>CSS Igniter Hugo Woocommerce Theme Caracteristicas<\/h3>\n<p>El tema CSS Igniter Hugo WooCommerce, una creaci\u00f3n impresionante adaptada para las tiendas en l\u00ednea que dependen de WooCommerce, se destaca con sus notables atributos. Atiende a las personas que buscan un dise\u00f1o profesional y contempor\u00e1neo que acomode sin esfuerzo sus necesidades de personalizaci\u00f3n y facilidad de uso. Con su dise\u00f1o elegante y minimalista, este tema sirve como una plataforma ideal para exhibir una amplia gama de productos y servicios. Adem\u00e1s, su capacidad de respuesta completa garantiza un rendimiento \u00f3ptimo y un atractivo visual en todos los dispositivos y tama\u00f1os de pantalla. Adem\u00e1s, la inclusi\u00f3n de opciones de personalizaci\u00f3n robustas permite a los usuarios adaptar su sitio web a sus preferencias espec\u00edficas. En \u00faltima instancia, el tema CSS Igniter Hugo WooCommerce surge como una opci\u00f3n excepcional para aquellos que desean establecer una tienda en l\u00ednea visualmente llamativa y completamente funcional.<\/p>\n<ul>\n<li>Un dise\u00f1o de sitio web de comercio electr\u00f3nico altamente receptivo y visualmente impresionante<\/li>\n<li>Compatible con el lenguaje de plantilla de Hugo para opciones \u00f3ptimas de rendimiento y personalizaci\u00f3n<\/li>\n<li>Construido espec\u00edficamente para su uso con el complemento de WooCommerce popular y confiable<\/li>\n<li>Viene con una variedad de plantillas de p\u00e1gina preconstruidas para una f\u00e1cil configuraci\u00f3n y personalizaci\u00f3n<\/li>\n<li>Incluye una variedad de caracter\u00edsticas espec\u00edficas de comercio electr\u00f3nico, como opciones de pago y env\u00edo m\u00faltiples<\/li>\n<li>Optimizado para el rendimiento de SEO y los tiempos de carga r\u00e1pida para una mejor experiencia de usuario<\/li>\n<li>Incluye una interfaz de personalizaci\u00f3n altamente intuitiva y f\u00e1cil de usar para cambios de dise\u00f1o f\u00e1ciles<\/li>\n<li>Construido con c\u00f3digo limpio y organizado para una compatibilidad \u00f3ptima con otros complementos y temas<\/li>\n<li>Regularmente actualizado y compatible con el equipo CSS Igniter para mejoras continuas y correcciones de errores.<\/li>\n<\/ul>\n","protected":false},"excerpt":{"rendered":"<p>Aumente el rendimiento y la est\u00e9tica de su tienda en l\u00ednea con el tema CSS Igniter Hugo WooCommerce. Dise\u00f1ado con precisi\u00f3n y creatividad, este tema es perfecto para todo tipo de empresas que buscan dejar su huella en l\u00ednea. El tema de Hugo ofrece una experiencia de compra perfecta, gracias a su compatibilidad con el reconocido complemento de WooCommerce. Es f\u00e1cil configurar y personalizar, lo que le permite adaptar su sitio web a sus necesidades comerciales \u00fanicas. Este tema es receptivo, asegurando que su sitio web se vea genial en todos los dispositivos, desde escritorios hasta tel\u00e9fonos m\u00f3viles. Tambi\u00e9n admite complementos clave de WordPress, mejorando la funcionalidad y la experiencia del usuario de su sitio web. Con el tema CSS Igniter Hugo WooCommerce, puede crear una tienda en l\u00ednea elegante y f\u00e1cil de usar que atraiga e involucra efectivamente a los clientes. \u00a1No se pierda esta oportunidad para elevar su presencia en l\u00ednea!<\/p>\n","protected":false},"featured_media":165695,"comment_status":"open","ping_status":"open","template":"","meta":[],"product_brand":[2403],"product_cat":[1263,1469,1237],"product_tag":[2134],"class_list":{"0":"post-113403","1":"product","2":"type-product","3":"status-publish","4":"has-post-thumbnail","6":"product_brand-css-igniter","7":"product_cat-comercio-electronico-temas","8":"product_cat-creativo-comercio-electronico-temas","9":"product_cat-temas","10":"product_tag-css-igniter","11":"member-discount","12":"discount-restricted","14":"first","15":"instock","16":"sale","17":"downloadable","18":"virtual","19":"sold-individually","20":"purchasable","21":"product-type-simple"},"_links":{"self":[{"href":"https:\/\/gpl-love.com\/es\/wp-json\/wp\/v2\/product\/113403","targetHints":{"allow":["GET"]}}],"collection":[{"href":"https:\/\/gpl-love.com\/es\/wp-json\/wp\/v2\/product"}],"about":[{"href":"https:\/\/gpl-love.com\/es\/wp-json\/wp\/v2\/types\/product"}],"replies":[{"embeddable":true,"href":"https:\/\/gpl-love.com\/es\/wp-json\/wp\/v2\/comments?post=113403"}],"wp:featuredmedia":[{"embeddable":true,"href":"https:\/\/gpl-love.com\/es\/wp-json\/wp\/v2\/media\/165695"}],"wp:attachment":[{"href":"https:\/\/gpl-love.com\/es\/wp-json\/wp\/v2\/media?parent=113403"}],"wp:term":[{"taxonomy":"product_brand","embeddable":true,"href":"https:\/\/gpl-love.com\/es\/wp-json\/wp\/v2\/product_brand?post=113403"},{"taxonomy":"product_cat","embeddable":true,"href":"https:\/\/gpl-love.com\/es\/wp-json\/wp\/v2\/product_cat?post=113403"},{"taxonomy":"product_tag","embeddable":true,"href":"https:\/\/gpl-love.com\/es\/wp-json\/wp\/v2\/product_tag?post=113403"}],"curies":[{"name":"wp","href":"https:\/\/api.w.org\/{rel}","templated":true}]}}