{"id":113402,"date":"2023-01-24T00:00:00","date_gmt":"2023-01-24T05:00:00","guid":{"rendered":"http:\/\/gpl-love.com\/es\/?post_type=product&#038;p=113402"},"modified":"2026-03-13T17:18:20","modified_gmt":"2026-03-13T22:18:20","slug":"css-igniter-herringbone-woocommerce-theme","status":"publish","type":"product","link":"https:\/\/gpl-love.com\/es\/producto\/css-igniter-herringbone-woocommerce-theme\/","title":{"rendered":"CSS Igniter Herringbone Woocommerce Theme 2.7.11"},"content":{"rendered":"<h3>CSS Igniter Herringbone Woocommerce Theme Caracteristicas<\/h3>\n<p>El tema de comercio electr\u00f3nico de Herringbone de CSS Igniter es un tema de comercio electr\u00f3nico exquisitamente dise\u00f1ado espec\u00edficamente para atender a los minoristas de moda en l\u00ednea, asegurando que sus escaparates virtuales exuden elegancia y sofisticaci\u00f3n. Con un intrincado patr\u00f3n de espiga y un dise\u00f1o elegante y contempor\u00e1neo, este tema posee la capacidad innata para cautivar a los clientes y reforzar las ventas. La variedad de opciones personalizables del tema permite a los usuarios adaptar sus tiendas en l\u00ednea de acuerdo con sus preferencias \u00fanicas, ofreciendo una variedad de esquemas de color, widgets personalizados y un panel de opciones de tema robusto que simplifica el proceso de personalizaci\u00f3n de la boutique virtual de uno. Adem\u00e1s, la inquebrantable capacidad de respuesta de este tema garantiza una experiencia de navegaci\u00f3n visualmente impresionante y perfecta en todos los dispositivos, ya sea una computadora de escritorio o un dispositivo m\u00f3vil de mano. Adem\u00e1s, con su integraci\u00f3n perfecta con WooCommerce, administrar y establecer una tienda en l\u00ednea se convierte en un esfuerzo sin problemas. Independientemente de si usted es un aspirante a emprendedor que se embarca en su empresa de comercio electr\u00f3nico inaugural o un comerciante en l\u00ednea establecido que busca aumentar su emporio digital preexistente, adoptar el tema de WooCommerce de CSS Igniter es una decisi\u00f3n extraordinaria que promete un \u00e9xito incomparable.<\/p>\n<ul>\n<li>Tema de WooCommerce de calidad premium<\/li>\n<li>Dise\u00f1o elegante y moderno<\/li>\n<li>Perfecto para tiendas de moda, joyas o cosm\u00e9ticos<\/li>\n<li>Construido con CSS3 y HTML5 para el m\u00e1ximo rendimiento<\/li>\n<li>Incluye un poderoso panel de opciones de temas para una f\u00e1cil personalizaci\u00f3n<\/li>\n<li>Dise\u00f1o totalmente receptivo para una visualizaci\u00f3n \u00f3ptima en todos los dispositivos<\/li>\n<li>Tiempos de carga r\u00e1pida para mejorar la experiencia del usuario<\/li>\n<li>Compatible con complementos populares como Jetpack, Contact Form 7 y WP SEO de Yoast<\/li>\n<li>Incluye documentaci\u00f3n detallada y soporte del equipo CSS Igniter<\/li>\n<li>Actualizaciones y mejoras regulares para garantizar la compatibilidad y la funcionalidad continuas.<\/li>\n<\/ul>\n","protected":false},"excerpt":{"rendered":"<p>Presentamos el tema de WooCommerce de Herringbone por CSS Igniter. Este tema receptivo y amigable con SEO es perfecto para su tienda de ropa en l\u00ednea. El tema de Herringbone presenta un dise\u00f1o impresionante que es f\u00e1cilmente personalizable y una interfaz f\u00e1cil de usar que es perfecta para los constructores de sitios web novatos y experimentados. Este tema tambi\u00e9n es compatible con WooCommerce, lo que hace que sea muy f\u00e1cil administrar todas sus necesidades de comercio electr\u00f3nico. Con sus tiempos de carga r\u00e1pidos y sus compatibilidad con el navegador cruzado, puede estar seguro de que su sitio web se ver\u00e1 y se desempe\u00f1ar\u00e1 excelentemente en cualquier dispositivo. El tema de WooCommerce de Herringbone tambi\u00e9n incluye una variedad de widgets personalizables, lo que facilita agregar toques \u00fanicos a su sitio. El tema tambi\u00e9n ofrece actualizaciones regulares y soporte dedicado de CSS Igniter, por lo que siempre tendr\u00e1 la versi\u00f3n m\u00e1s actualizada. Aumente su presencia en l\u00ednea con el tema de WooCommerce de Herringbone de CSS Igniter.<\/p>\n","protected":false},"featured_media":165694,"comment_status":"open","ping_status":"open","template":"","meta":[],"product_brand":[2403],"product_cat":[1263,1469,1237],"product_tag":[2134],"class_list":{"0":"post-113402","1":"product","2":"type-product","3":"status-publish","4":"has-post-thumbnail","6":"product_brand-css-igniter","7":"product_cat-comercio-electronico-temas","8":"product_cat-creativo-comercio-electronico-temas","9":"product_cat-temas","10":"product_tag-css-igniter","11":"member-discount","12":"discount-restricted","14":"first","15":"instock","16":"sale","17":"downloadable","18":"virtual","19":"sold-individually","20":"purchasable","21":"product-type-simple"},"_links":{"self":[{"href":"https:\/\/gpl-love.com\/es\/wp-json\/wp\/v2\/product\/113402","targetHints":{"allow":["GET"]}}],"collection":[{"href":"https:\/\/gpl-love.com\/es\/wp-json\/wp\/v2\/product"}],"about":[{"href":"https:\/\/gpl-love.com\/es\/wp-json\/wp\/v2\/types\/product"}],"replies":[{"embeddable":true,"href":"https:\/\/gpl-love.com\/es\/wp-json\/wp\/v2\/comments?post=113402"}],"wp:featuredmedia":[{"embeddable":true,"href":"https:\/\/gpl-love.com\/es\/wp-json\/wp\/v2\/media\/165694"}],"wp:attachment":[{"href":"https:\/\/gpl-love.com\/es\/wp-json\/wp\/v2\/media?parent=113402"}],"wp:term":[{"taxonomy":"product_brand","embeddable":true,"href":"https:\/\/gpl-love.com\/es\/wp-json\/wp\/v2\/product_brand?post=113402"},{"taxonomy":"product_cat","embeddable":true,"href":"https:\/\/gpl-love.com\/es\/wp-json\/wp\/v2\/product_cat?post=113402"},{"taxonomy":"product_tag","embeddable":true,"href":"https:\/\/gpl-love.com\/es\/wp-json\/wp\/v2\/product_tag?post=113402"}],"curies":[{"name":"wp","href":"https:\/\/api.w.org\/{rel}","templated":true}]}}