{"id":113401,"date":"2023-01-28T00:00:00","date_gmt":"2023-01-28T05:00:00","guid":{"rendered":"http:\/\/gpl-love.com\/es\/?post_type=product&#038;p=113401"},"modified":"2026-03-13T17:18:19","modified_gmt":"2026-03-13T22:18:19","slug":"css-igniter-hellomouse-wordpress-theme","status":"publish","type":"product","link":"https:\/\/gpl-love.com\/es\/producto\/css-igniter-hellomouse-wordpress-theme\/","title":{"rendered":"CSS Igniter Hellomouse WordPress Theme 1.1.1"},"content":{"rendered":"<h3>CSS Igniter Hellomouse WordPress Theme Caracteristicas<\/h3>\n<p>El tema de WordPress de CSS Igniter Hellomouse, con su dise\u00f1o visualmente impresionante y receptivo, est\u00e1 hecho a medida para los bloggers y las personas creativas que buscan hacer que sus sitios web sean realmente distintivos. Ofreciendo una combinaci\u00f3n perfecta de limpieza y modernidad, este tema presenta una gran cantidad de elementos personalizables y una variedad de caracter\u00edsticas, lo que permite a los usuarios crear una presencia en l\u00ednea que no solo es convincente sino tambi\u00e9n \u00fanica en su tipo. Enfatizando la facilidad de uso, este tema cuenta con una gama integral de opciones de personalizaci\u00f3n, que abarca diversos esquemas de color, opciones de fuentes y la capacidad de incorporar CSS personalizados. Adem\u00e1s, el tema prioriza la optimizaci\u00f3n de motores de b\u00fasqueda, asegurando clasificaciones \u00f3ptimas, al tiempo que ofrece una mir\u00edada de posibilidades de dise\u00f1o que son ideales para bloggers, empresas y otros profesionales en el \u00e1mbito creativo. En resumen, el tema de WordPress de WordPress CSS Igniter Hellomouse surge como una opci\u00f3n sobresaliente para todos aquellos que pretenden forjar un sitio web notable y cautivador dentro de los l\u00edmites de la plataforma de WordPress.<\/p>\n<ul>\n<li>Dise\u00f1o moderno y elegante que es perfecto para profesionales creativos<\/li>\n<li>Opciones de personalizaci\u00f3n f\u00e1ciles para hacer que el tema sea \u00fanico tuyo<\/li>\n<li>Dise\u00f1o totalmente receptivo que se ve muy bien en todos los dispositivos<\/li>\n<li>Una amplia gama de plantillas predise\u00f1adas para elegir<\/li>\n<li>Opciones de dise\u00f1o flexibles y m\u00faltiples \u00e1reas de widgets para su m\u00e1xima flexibilidad<\/li>\n<li>Optimizaci\u00f3n de SEO para asegurarse de que los motores de b\u00fasqueda encuentren f\u00e1cilmente su sitio<\/li>\n<li>Tiempos de carga r\u00e1pidas para minimizar los tiempos de carga de la p\u00e1gina y mejorar la experiencia general del usuario<\/li>\n<li>Documentaci\u00f3n integral y soporte las 24 horas del d\u00eda, los 7 d\u00edas de la semana, para garantizar que cualquier problema se resuelva r\u00e1pidamente<\/li>\n<li>Actualizaciones de por vida para mantener su sitio en aspecto fresco y moderno en los pr\u00f3ximos a\u00f1os<\/li>\n<\/ul>\n","protected":false},"excerpt":{"rendered":"<p>Experimente un dise\u00f1o web poderoso y \u00fanico con el tema de WordPress de WordPress CSS Igniter Hellomouse. Ideal para profesionales y bloggers creativos, este tema combina belleza y funcionalidad para que su sitio web se destaque. Hellomouse ofrece un dise\u00f1o limpio y minimalista que es totalmente receptivo y personalizable. Con su integraci\u00f3n perfecta con WordPress, puede configurar y administrar f\u00e1cilmente su sitio web. Este tema tambi\u00e9n admite una variedad de formatos de publicaci\u00f3n, lo que le permite mostrar su contenido de la mejor manera posible. Una de sus caracter\u00edsticas clave es su dise\u00f1o de cuadr\u00edcula, que se puede ajustar f\u00e1cilmente para satisfacer sus necesidades. Tambi\u00e9n incluye un poderoso panel de opciones, que le permite ajustar cada detalle a su gusto. Adem\u00e1s, Hellomouse est\u00e1 optimizado por SEO, proporcion\u00e1ndole una herramienta valiosa para aumentar su presencia en l\u00ednea. Ya sea que sea un dise\u00f1ador web de novato o experto, el tema CSS Igniter Hellomouse WordPress ofrece una plataforma intuitiva y f\u00e1cil de usar para crear un sitio web visualmente atractivo y altamente funcional.<\/p>\n","protected":false},"featured_media":165693,"comment_status":"open","ping_status":"open","template":"","meta":[],"product_brand":[2403],"product_cat":[1267,1237,1238],"product_tag":[2134],"class_list":{"0":"post-113401","1":"product","2":"type-product","3":"status-publish","4":"has-post-thumbnail","6":"product_brand-css-igniter","7":"product_cat-creativo","8":"product_cat-temas","9":"product_cat-wordpress-temas","10":"product_tag-css-igniter","11":"member-discount","12":"discount-restricted","14":"first","15":"instock","16":"sale","17":"downloadable","18":"virtual","19":"sold-individually","20":"purchasable","21":"product-type-simple"},"_links":{"self":[{"href":"https:\/\/gpl-love.com\/es\/wp-json\/wp\/v2\/product\/113401","targetHints":{"allow":["GET"]}}],"collection":[{"href":"https:\/\/gpl-love.com\/es\/wp-json\/wp\/v2\/product"}],"about":[{"href":"https:\/\/gpl-love.com\/es\/wp-json\/wp\/v2\/types\/product"}],"replies":[{"embeddable":true,"href":"https:\/\/gpl-love.com\/es\/wp-json\/wp\/v2\/comments?post=113401"}],"wp:featuredmedia":[{"embeddable":true,"href":"https:\/\/gpl-love.com\/es\/wp-json\/wp\/v2\/media\/165693"}],"wp:attachment":[{"href":"https:\/\/gpl-love.com\/es\/wp-json\/wp\/v2\/media?parent=113401"}],"wp:term":[{"taxonomy":"product_brand","embeddable":true,"href":"https:\/\/gpl-love.com\/es\/wp-json\/wp\/v2\/product_brand?post=113401"},{"taxonomy":"product_cat","embeddable":true,"href":"https:\/\/gpl-love.com\/es\/wp-json\/wp\/v2\/product_cat?post=113401"},{"taxonomy":"product_tag","embeddable":true,"href":"https:\/\/gpl-love.com\/es\/wp-json\/wp\/v2\/product_tag?post=113401"}],"curies":[{"name":"wp","href":"https:\/\/api.w.org\/{rel}","templated":true}]}}