{"id":113400,"date":"2023-01-24T00:00:00","date_gmt":"2023-01-24T05:00:00","guid":{"rendered":"http:\/\/gpl-love.com\/es\/?post_type=product&#038;p=113400"},"modified":"2026-03-13T17:18:19","modified_gmt":"2026-03-13T22:18:19","slug":"css-igniter-flevr-woocommerce-theme","status":"publish","type":"product","link":"https:\/\/gpl-love.com\/es\/producto\/css-igniter-flevr-woocommerce-theme\/","title":{"rendered":"CSS Igniter Flevr Woocommerce Theme 2.3.8"},"content":{"rendered":"<h3>CSS Igniter Flevr Woocommerce Theme Caracteristicas<\/h3>\n<p>El tema FleVR WooCommerce de CSS Igniter se presenta como una alternativa excepcionalmente viable para aquellos que buscan establecer una tienda en l\u00ednea sofisticada y pulida. Con una variedad diversa de caracter\u00edsticas personalizables, este tema brinda a los usuarios la oportunidad de exhibir sus productos de una manera cautivadora y est\u00e9ticamente agradable. Adem\u00e1s, la compatibilidad sin problemas con WooCommerce facilita la gesti\u00f3n sin esfuerzo de inventario, pedidos y env\u00edo, asegurando as\u00ed una operaci\u00f3n simplificada y eficiente para la tienda de uno. La inclusi\u00f3n de un dise\u00f1o receptivo garantiza a\u00fan m\u00e1s que la tienda exudar\u00e1 una apariencia impecable en todos los dispositivos, mientras que la interfaz f\u00e1cil de usar simplifica el proceso de configuraci\u00f3n y adaptaci\u00f3n de la tienda a su gusto. Independientemente de la competencia de uno en el \u00e1mbito del comercio minorista en l\u00ednea, el tema FleVR surge como la elecci\u00f3n por excelencia para construir una tienda en l\u00ednea visualmente llamativa y altamente funcional.<\/p>\n<ul>\n<li>Un tema de comercio electr\u00f3nico elegante y moderno dise\u00f1ado para su uso en la plataforma WooCommerce<\/li>\n<li>Opciones de color personalizables y configuraciones de tipograf\u00eda para que coincidan con su marca y estilo<\/li>\n<li>Incluye m\u00faltiples opciones de dise\u00f1o de p\u00e1gina de inicio y p\u00e1gina para una apariencia \u00fanica.<\/li>\n<li>Widget Instagram incorporado para una f\u00e1cil integraci\u00f3n de redes sociales y promoci\u00f3n de productos<\/li>\n<li>Sistema integrado de revisiones y calificaciones de productos para comentarios y compromiso de los clientes<\/li>\n<li>Dise\u00f1o totalmente receptivo para una experiencia de compra perfecta en cualquier dispositivo<\/li>\n<li>Compatible con complementos populares como Yoast SEO, WPML y el Formulario de contacto 7<\/li>\n<li>Incluye documentaci\u00f3n detallada y apoyo confiable del equipo CSS Igniter.<\/li>\n<\/ul>\n","protected":false},"excerpt":{"rendered":"<p>Eleve la est\u00e9tica y la funcionalidad de su tienda en l\u00ednea con el tema CSS Igniter Flevr WooCommerce. Este tema est\u00e1 dise\u00f1ado espec\u00edficamente para WooCommerce, la plataforma de comercio electr\u00f3nico m\u00e1s popular del mundo, que ofrece una integraci\u00f3n perfecta y una gran cantidad de caracter\u00edsticas potentes. Con FleVR, puede personalizar f\u00e1cilmente la apariencia de su sitio para reflejar la personalidad y la visi\u00f3n \u00fanicas de su marca.<\/p>\n<p>El tema viene preempaquetado con una variedad de dise\u00f1os personalizables, lo que le permite crear una experiencia de compra verdaderamente \u00fanica para sus clientes. Desde p\u00e1ginas de productos hasta carritos de compras, cada aspecto de su tienda de comercio electr\u00f3nico se puede adaptar a sus necesidades espec\u00edficas.<\/p>\n<p>Atrae a m\u00e1s clientes con el impresionante dise\u00f1o visual de Flevr. El tema incorpora principios de dise\u00f1o modernos, asegurando que su sitio se vea elegante, profesional y acogedor. Las im\u00e1genes de alta definici\u00f3n y el dise\u00f1o receptivo aseguran que su sitio se vea genial en cualquier dispositivo, desde escritorios hasta tel\u00e9fonos inteligentes.<\/p>\n<p>No se preocupe por los problemas t\u00e9cnicos que lo desaceleran. FleVR se basa en CSS Igniter, una plataforma robusta y confiable conocida por su velocidad<\/p>\n","protected":false},"featured_media":165692,"comment_status":"open","ping_status":"open","template":"","meta":[],"product_brand":[2403],"product_cat":[1263,1264,1237],"product_tag":[2134],"class_list":{"0":"post-113400","1":"product","2":"type-product","3":"status-publish","4":"has-post-thumbnail","6":"product_brand-css-igniter","7":"product_cat-comercio-electronico-temas","8":"product_cat-negocio","9":"product_cat-temas","10":"product_tag-css-igniter","11":"member-discount","12":"discount-restricted","14":"first","15":"instock","16":"sale","17":"downloadable","18":"virtual","19":"sold-individually","20":"purchasable","21":"product-type-simple"},"_links":{"self":[{"href":"https:\/\/gpl-love.com\/es\/wp-json\/wp\/v2\/product\/113400","targetHints":{"allow":["GET"]}}],"collection":[{"href":"https:\/\/gpl-love.com\/es\/wp-json\/wp\/v2\/product"}],"about":[{"href":"https:\/\/gpl-love.com\/es\/wp-json\/wp\/v2\/types\/product"}],"replies":[{"embeddable":true,"href":"https:\/\/gpl-love.com\/es\/wp-json\/wp\/v2\/comments?post=113400"}],"wp:featuredmedia":[{"embeddable":true,"href":"https:\/\/gpl-love.com\/es\/wp-json\/wp\/v2\/media\/165692"}],"wp:attachment":[{"href":"https:\/\/gpl-love.com\/es\/wp-json\/wp\/v2\/media?parent=113400"}],"wp:term":[{"taxonomy":"product_brand","embeddable":true,"href":"https:\/\/gpl-love.com\/es\/wp-json\/wp\/v2\/product_brand?post=113400"},{"taxonomy":"product_cat","embeddable":true,"href":"https:\/\/gpl-love.com\/es\/wp-json\/wp\/v2\/product_cat?post=113400"},{"taxonomy":"product_tag","embeddable":true,"href":"https:\/\/gpl-love.com\/es\/wp-json\/wp\/v2\/product_tag?post=113400"}],"curies":[{"name":"wp","href":"https:\/\/api.w.org\/{rel}","templated":true}]}}