{"id":113399,"date":"2023-08-02T00:00:00","date_gmt":"2023-08-02T05:00:00","guid":{"rendered":"http:\/\/gpl-love.com\/es\/?post_type=product&#038;p=113399"},"modified":"2026-03-13T17:18:18","modified_gmt":"2026-03-13T22:18:18","slug":"css-igniter-factum-wordpress-theme","status":"publish","type":"product","link":"https:\/\/gpl-love.com\/es\/producto\/css-igniter-factum-wordpress-theme\/","title":{"rendered":"CSS Igniter Factum WordPress Theme 1.1.1"},"content":{"rendered":"<h3>CSS Igniter Factum WordPress Theme Caracteristicas<\/h3>\n<p>El tema CSS Igniter Factum WordPress es un tema excepcional y altamente sofisticado que est\u00e1 espec\u00edficamente dise\u00f1ado para satisfacer las necesidades de empresas o personas con una inclinaci\u00f3n creativa. Con una notable combinaci\u00f3n de calidad y modernidad premium, este tema es una joya absoluta para cualquier sitio web. El nivel de flexibilidad y la facilidad de uso que ofrece es realmente incomparable, gracias a una amplia gama de caracter\u00edsticas que facilitan la personalizaci\u00f3n perfecta y la creaci\u00f3n de un sitio web verdaderamente distintivo. Lo que distingue a este tema es su capacidad para adaptarse sin esfuerzo a varios tama\u00f1os y dispositivos de pantalla, garantizando una experiencia visualmente atractiva y perfecta en todos los \u00e1mbitos, ya sea una computadora de escritorio o un tel\u00e9fono inteligente. Adem\u00e1s, el proceso de instalaci\u00f3n es muy f\u00e1cil, y estar\u00e1 encantado de encontrar una variedad de plantillas de p\u00e1gina preconstruidas, como una p\u00e1gina de inicio cautivadora, una cartera atractiva y un formulario de contacto conveniente, entre otros. Como si eso no fuera suficiente, el tema CSS Igniter Factum WordPress se ve mejorado por un poderoso panel de opciones que le permite ajustar y modificar sin esfuerzo elementos clave de su sitio web, incluida la fuente, el esquema de color y el dise\u00f1o, con solo unos pocos clics simples. En resumen, si est\u00e1 en busca de un tema receptivo y f\u00e1cil de usar que combina el estilo sin problemas con la funcionalidad, el tema CSS Igniter Factum WordPress es una elecci\u00f3n excepcional que sin duda exceder\u00e1 sus expectativas.<\/p>\n<ul>\n<li>Dise\u00f1o limpio y moderno que es perfecto para cualquier sitio web<\/li>\n<li>Dise\u00f1o totalmente receptivo para una visualizaci\u00f3n \u00f3ptima en cualquier dispositivo<\/li>\n<li>Compatible con la \u00faltima versi\u00f3n de WordPress<\/li>\n<li>Opciones de personalizaci\u00f3n f\u00e1cil con un panel de opciones de tema f\u00e1cil de usar<\/li>\n<li>M\u00faltiples opciones de dise\u00f1o de la p\u00e1gina de inicio para elegir<\/li>\n<li>Plantillas de cartera y blog incorporadas para una f\u00e1cil creaci\u00f3n de contenido<\/li>\n<li>Opciones de tipograf\u00eda avanzada con fuentes y tama\u00f1os de fuente personalizados<\/li>\n<li>SEO optimizado para una mejor clasificaci\u00f3n de motores de b\u00fasqueda<\/li>\n<li>Traducci\u00f3n lista para audiencias globales<\/li>\n<li>Documentaci\u00f3n integral y equipo de apoyo dedicado.<\/li>\n<\/ul>\n","protected":false},"excerpt":{"rendered":"<p>El tema CSS Igniter Factum WordPress es un tema de grado profesional dise\u00f1ado espec\u00edficamente para firmas de abogados y asesores legales. Su elegante dise\u00f1o y su interfaz f\u00e1cil de usar lo convierten en una opci\u00f3n atractiva para las empresas en el campo legal. Este tema presenta esquemas de color prominentes que son f\u00e1ciles de los ojos, asegurando que sus clientes puedan navegar f\u00e1cilmente por su sitio. Adem\u00e1s, el tema Factum WordPress es reconocido por su dise\u00f1o receptivo, lo que significa que se adapta a cualquier tama\u00f1o de pantalla, proporcionando una experiencia de visualizaci\u00f3n \u00f3ptima en todos los dispositivos. Sus capacidades de personalizaci\u00f3n son interminables, desde Google Fonts hasta opciones de dise\u00f1o, lo que hace que su sitio web sea realmente \u00fanico y reflejado de su marca. El tema Factum WordPress tambi\u00e9n viene con una funci\u00f3n de SEO incorporada, lo que aumenta sus posibilidades de clasificar los resultados de los motores de b\u00fasqueda. El tema CSS Igniter Factum WordPress no es solo un tema, sino una herramienta poderosa para mejorar su presencia y reputaci\u00f3n en l\u00ednea.<\/p>\n","protected":false},"featured_media":165691,"comment_status":"open","ping_status":"open","template":"","meta":[],"product_brand":[2403],"product_cat":[1307,1237,1238],"product_tag":[2134],"class_list":{"0":"post-113399","1":"product","2":"type-product","3":"status-publish","4":"has-post-thumbnail","6":"product_brand-css-igniter","7":"product_cat-negocio-wordpress-temas","8":"product_cat-temas","9":"product_cat-wordpress-temas","10":"product_tag-css-igniter","11":"member-discount","12":"discount-restricted","14":"first","15":"instock","16":"sale","17":"downloadable","18":"virtual","19":"sold-individually","20":"purchasable","21":"product-type-simple"},"_links":{"self":[{"href":"https:\/\/gpl-love.com\/es\/wp-json\/wp\/v2\/product\/113399","targetHints":{"allow":["GET"]}}],"collection":[{"href":"https:\/\/gpl-love.com\/es\/wp-json\/wp\/v2\/product"}],"about":[{"href":"https:\/\/gpl-love.com\/es\/wp-json\/wp\/v2\/types\/product"}],"replies":[{"embeddable":true,"href":"https:\/\/gpl-love.com\/es\/wp-json\/wp\/v2\/comments?post=113399"}],"wp:featuredmedia":[{"embeddable":true,"href":"https:\/\/gpl-love.com\/es\/wp-json\/wp\/v2\/media\/165691"}],"wp:attachment":[{"href":"https:\/\/gpl-love.com\/es\/wp-json\/wp\/v2\/media?parent=113399"}],"wp:term":[{"taxonomy":"product_brand","embeddable":true,"href":"https:\/\/gpl-love.com\/es\/wp-json\/wp\/v2\/product_brand?post=113399"},{"taxonomy":"product_cat","embeddable":true,"href":"https:\/\/gpl-love.com\/es\/wp-json\/wp\/v2\/product_cat?post=113399"},{"taxonomy":"product_tag","embeddable":true,"href":"https:\/\/gpl-love.com\/es\/wp-json\/wp\/v2\/product_tag?post=113399"}],"curies":[{"name":"wp","href":"https:\/\/api.w.org\/{rel}","templated":true}]}}