{"id":113393,"date":"2021-05-13T00:00:00","date_gmt":"2021-05-13T05:00:00","guid":{"rendered":"http:\/\/gpl-love.com\/es\/?post_type=product&#038;p=113393"},"modified":"2026-04-10T11:21:29","modified_gmt":"2026-04-10T16:21:29","slug":"philos-responsive-woocommerce-wordpress-theme","status":"publish","type":"product","link":"https:\/\/gpl-love.com\/es\/producto\/philos-responsive-woocommerce-wordpress-theme\/","title":{"rendered":"Philos Responsive WooCommerce WordPress Theme 5.5"},"content":{"rendered":"<h3>Philos Responsive WooCommerce WordPress Theme Caracteristicas<\/h3>\n<p>El tema de Phil WordPress, especialmente dise\u00f1ado para tiendas y empresas en l\u00ednea, es un tema de WooCommerce altamente receptivo y adaptable. Su versatilidad excepcional y una amplia gama de opciones de personalizaci\u00f3n lo convierten en una opci\u00f3n ideal para cualquier marca que busque un dise\u00f1o limpio y contempor\u00e1neo. Adem\u00e1s, este tema cuenta con una interfaz de usuario intuitiva y una navegaci\u00f3n perfecta, asegurando que sus clientes disfruten de una experiencia de compra perfecta. Adem\u00e1s, Philos se construye de acuerdo con los \u00faltimos est\u00e1ndares web e incorpora un panel administrativo robusto, lo que lo hace manejable sin esfuerzo y excepcionalmente funcional. En consecuencia, ya sea que sea un novato en el \u00e1mbito de los negocios en l\u00ednea o un empresario experimentado que busca elevar su empresa de comercio electr\u00f3nico, Phil se presenta como la soluci\u00f3n definitiva para cumplir y superar todas sus requisitos y aspiraciones.<\/p>\n<ul>\n<li>Dise\u00f1o elegante y moderno que se adapta a cualquier negocio de comercio electr\u00f3nico<\/li>\n<li>Dise\u00f1o totalmente receptivo y amigable para los dispositivos m\u00f3viles para una f\u00e1cil navegaci\u00f3n en todos los dispositivos<\/li>\n<li>Construido espec\u00edficamente para la integraci\u00f3n de WooCommerce, lo que facilita la venta de productos en l\u00ednea<\/li>\n<li>Opciones de personalizaci\u00f3n f\u00e1cil de usar, lo que le permite cambiar f\u00e1cilmente los colores, las fuentes, los dise\u00f1os y m\u00e1s<\/li>\n<li>Compatible con complementos populares de WordPress, que permite una personalizaci\u00f3n a\u00fan m\u00e1s<\/li>\n<li>Optimizaci\u00f3n de SEO y velocidades de carga r\u00e1pidas, asegurando una experiencia de usuario suave y una mejor clasificaci\u00f3n de motores de b\u00fasqueda<\/li>\n<li>M\u00faltiples opciones de p\u00e1gina de inicio y dise\u00f1o, incluida una variedad de plantillas prefabricadas para elegir<\/li>\n<li>Soporte dedicado del equipo Philos para ayudarlo con cualquier pregunta o problema que pueda surgir.<\/li>\n<\/ul>\n","protected":false},"excerpt":{"rendered":"<p>El tema de WordPress de WooCommerce de PhilOS, con una est\u00e9tica elegante y profesional, sirve como una soluci\u00f3n ejemplar de comercio electr\u00f3nico adecuada para empresas de varias escalas. Su adaptabilidad perfecta a diversos tama\u00f1os de pantalla, cortes\u00eda de su dise\u00f1o totalmente receptivo, garantiza que sus clientes disfruten de una experiencia perfecta, independientemente del dispositivo que empleen. Adem\u00e1s, este tema ha sido meticulosamente optimizado para WooCommerce, dot\u00e1ndolo con una variedad de atributos indispensables vitales para la prosperidad de su tienda. Estos incluyen una p\u00e1gina de inicio personalizable, p\u00e1ginas de productos y un proceso de pago simplificado. Philos es una opci\u00f3n id\u00edlica para cualquier minorista que busque forjar una imagen de marca coherente y sofisticada en el \u00e1mbito en l\u00ednea, gracias a su dise\u00f1o tranquilo y contempor\u00e1neo.<\/p>\n","protected":false},"featured_media":167207,"comment_status":"open","ping_status":"open","template":"","meta":[],"product_brand":[2337],"product_cat":[1263,1469,1237],"product_tag":[1391],"class_list":{"0":"post-113393","1":"product","2":"type-product","3":"status-publish","4":"has-post-thumbnail","6":"product_brand-themeforest","7":"product_cat-comercio-electronico-temas","8":"product_cat-creativo-comercio-electronico-temas","9":"product_cat-temas","10":"product_tag-themeforest","11":"member-discount","12":"discount-restricted","14":"first","15":"instock","16":"sale","17":"downloadable","18":"virtual","19":"sold-individually","20":"purchasable","21":"product-type-simple"},"_links":{"self":[{"href":"https:\/\/gpl-love.com\/es\/wp-json\/wp\/v2\/product\/113393","targetHints":{"allow":["GET"]}}],"collection":[{"href":"https:\/\/gpl-love.com\/es\/wp-json\/wp\/v2\/product"}],"about":[{"href":"https:\/\/gpl-love.com\/es\/wp-json\/wp\/v2\/types\/product"}],"replies":[{"embeddable":true,"href":"https:\/\/gpl-love.com\/es\/wp-json\/wp\/v2\/comments?post=113393"}],"wp:featuredmedia":[{"embeddable":true,"href":"https:\/\/gpl-love.com\/es\/wp-json\/wp\/v2\/media\/167207"}],"wp:attachment":[{"href":"https:\/\/gpl-love.com\/es\/wp-json\/wp\/v2\/media?parent=113393"}],"wp:term":[{"taxonomy":"product_brand","embeddable":true,"href":"https:\/\/gpl-love.com\/es\/wp-json\/wp\/v2\/product_brand?post=113393"},{"taxonomy":"product_cat","embeddable":true,"href":"https:\/\/gpl-love.com\/es\/wp-json\/wp\/v2\/product_cat?post=113393"},{"taxonomy":"product_tag","embeddable":true,"href":"https:\/\/gpl-love.com\/es\/wp-json\/wp\/v2\/product_tag?post=113393"}],"curies":[{"name":"wp","href":"https:\/\/api.w.org\/{rel}","templated":true}]}}