{"id":113389,"date":"2023-11-03T00:00:00","date_gmt":"2023-11-03T05:00:00","guid":{"rendered":"http:\/\/gpl-love.com\/es\/?post_type=product&#038;p=113389"},"modified":"2026-04-10T11:28:51","modified_gmt":"2026-04-10T16:28:51","slug":"tonda-elegant-woocommerce-theme","status":"publish","type":"product","link":"https:\/\/gpl-love.com\/es\/producto\/tonda-elegant-woocommerce-theme\/","title":{"rendered":"Tonda Elegant WooCommerce Theme 2.3"},"content":{"rendered":"<h3>Tonda Elegant WooCommerce Theme Caracteristicas<\/h3>\n<p>El tema de Tonda Elegant WooCommerce, con una gran cantidad de elementos vers\u00e1tiles y elegantes, surge como una opci\u00f3n \u00f3ptima para todo tipo de tiendas en l\u00ednea. Al mostrar un dise\u00f1o elegante y contempor\u00e1neo, este tema es excepcionalmente adecuado para las empresas que anhelan dejar una impresi\u00f3n duradera en los visitantes de sus sitios web. Uno de sus atributos m\u00e1s notables radica en su completa personalizaci\u00f3n, otorgando a los usuarios la capacidad de adaptar el tema para alinearse sin problemas con su identidad de marca y ofertas de productos. Adem\u00e1s, el tema est\u00e1 dotado de una variedad diversa de caracter\u00edsticas incorporadas, que incluyen, entre otros, capacidades de filtrado de productos, un dise\u00f1o altamente receptivo y una destreza de optimizaci\u00f3n de motores de b\u00fasqueda, lo que garantiza la creaci\u00f3n de una tienda en l\u00ednea impresionante y completamente funcional es una tienda completamente funcional es esfuerzo sin esfuerzo. Ya sea que se est\u00e9 embarcando en el viaje de establecer un negocio de comercio electr\u00f3nico naciente o que busque dar una nueva vida en su plataforma minorista digital actual, el tema de Tonda Elegant WooCommerce es una elecci\u00f3n excepcional.<\/p>\n<ul>\n<li>Tema de WooCommerce totalmente personalizable<\/li>\n<li>Dise\u00f1o limpio y moderno<\/li>\n<li>Dise\u00f1o receptivo para todos los tama\u00f1os de pantalla<\/li>\n<li>Navegaci\u00f3n f\u00e1cil e interfaz f\u00e1cil de usar<\/li>\n<li>Caracter\u00edsticas flexibles y vers\u00e1tiles<\/li>\n<li>SEO optimizado para clasificaciones m\u00e1s altas<\/li>\n<li>Velocidad de carga r\u00e1pida para una mejor experiencia del cliente<\/li>\n<li>Multilenguaje y traducci\u00f3n lista<\/li>\n<li>Integraci\u00f3n de las redes sociales para un mayor compromiso<\/li>\n<li>Opciones de dise\u00f1o de ancho completo y en caja<\/li>\n<li>Opciones de tipograf\u00eda avanzada<\/li>\n<li>Esquemas de color ilimitados<\/li>\n<li>Importaci\u00f3n de demostraci\u00f3n de un solo clic para una configuraci\u00f3n r\u00e1pida<\/li>\n<li>Documentaci\u00f3n detallada y soporte confiable.<\/li>\n<\/ul>\n","protected":false},"excerpt":{"rendered":"<p>El tema de Tonda Elegant WooCommerce es una tienda virtual exquisitamente elaborada, meticulosamente dise\u00f1ada para atender a las empresas en busca de una interfaz pr\u00edstina y f\u00e1cil de usar. Mostando una fusi\u00f3n de simplicidad y contemporaneidad, otorga a los clientes un encuentro transaccional sin problemas, poniendo especial \u00e9nfasis en la maniobrabilidad sin esfuerzo y procesos de pago expeditos. Adem\u00e1s, este tema muestra con orgullo una variedad de alternativas a medida, lo que brinda a las marcas exigentes la oportunidad de construir una presencia digital incomparable, repleta de un grado superlativo de funcionalidad. Independientemente de si la vocaci\u00f3n de uno gira en torno a la venta de alta costura, productos dom\u00e9sticos o cualquier otro bien de consumo, el tema de Tonda Elegant Woocommerce es una panacea inequ\u00edvoca para sus necesidades de comercio electr\u00f3nico.<\/p>\n","protected":false},"featured_media":167832,"comment_status":"open","ping_status":"open","template":"","meta":[],"product_brand":[2337],"product_cat":[1263,1469,1237],"product_tag":[1391],"class_list":{"0":"post-113389","1":"product","2":"type-product","3":"status-publish","4":"has-post-thumbnail","6":"product_brand-themeforest","7":"product_cat-comercio-electronico-temas","8":"product_cat-creativo-comercio-electronico-temas","9":"product_cat-temas","10":"product_tag-themeforest","11":"member-discount","12":"discount-restricted","14":"first","15":"instock","16":"sale","17":"downloadable","18":"virtual","19":"sold-individually","20":"purchasable","21":"product-type-simple"},"_links":{"self":[{"href":"https:\/\/gpl-love.com\/es\/wp-json\/wp\/v2\/product\/113389","targetHints":{"allow":["GET"]}}],"collection":[{"href":"https:\/\/gpl-love.com\/es\/wp-json\/wp\/v2\/product"}],"about":[{"href":"https:\/\/gpl-love.com\/es\/wp-json\/wp\/v2\/types\/product"}],"replies":[{"embeddable":true,"href":"https:\/\/gpl-love.com\/es\/wp-json\/wp\/v2\/comments?post=113389"}],"wp:featuredmedia":[{"embeddable":true,"href":"https:\/\/gpl-love.com\/es\/wp-json\/wp\/v2\/media\/167832"}],"wp:attachment":[{"href":"https:\/\/gpl-love.com\/es\/wp-json\/wp\/v2\/media?parent=113389"}],"wp:term":[{"taxonomy":"product_brand","embeddable":true,"href":"https:\/\/gpl-love.com\/es\/wp-json\/wp\/v2\/product_brand?post=113389"},{"taxonomy":"product_cat","embeddable":true,"href":"https:\/\/gpl-love.com\/es\/wp-json\/wp\/v2\/product_cat?post=113389"},{"taxonomy":"product_tag","embeddable":true,"href":"https:\/\/gpl-love.com\/es\/wp-json\/wp\/v2\/product_tag?post=113389"}],"curies":[{"name":"wp","href":"https:\/\/api.w.org\/{rel}","templated":true}]}}