{"id":113387,"date":"2023-10-11T00:00:00","date_gmt":"2023-10-11T05:00:00","guid":{"rendered":"http:\/\/gpl-love.com\/es\/?post_type=product&#038;p=113387"},"modified":"2026-03-09T07:23:36","modified_gmt":"2026-03-09T12:23:36","slug":"checkout-field-editor-para-woocommerce-pro","status":"publish","type":"product","link":"https:\/\/gpl-love.com\/es\/producto\/checkout-field-editor-para-woocommerce-pro\/","title":{"rendered":"Checkout Field Editor para WooCommerce Pro 3.5.1.0"},"content":{"rendered":"<h3>Checkout Field Editor para WooCommerce Pro Caracteristicas<\/h3>\n<p>El editor de campo de pago de WooCommerce Pro es un complemento notablemente robusto y f\u00e1cil de usar que ha sido meticulosamente dise\u00f1ado para mejorar en gran medida la experiencia de pago en su tienda WooCommerce. Esta herramienta extraordinaria le facilita, agregar, eliminar o modificar los campos sin esfuerzo y sin problemas en la p\u00e1gina de pago, otorg\u00e1ndole un control inigualable sobre la disposici\u00f3n en la que se muestran. Adem\u00e1s, le brinda la oportunidad de establecer una l\u00f3gica condicional, lo que permite la exhibici\u00f3n din\u00e1mica de campos en funci\u00f3n de las selecciones de clientes. Adem\u00e1s de estas capacidades notables, el complemento tambi\u00e9n facilita la recopilaci\u00f3n de informaci\u00f3n complementaria de los clientes durante el proceso de pago, lo que le brinda la capacidad de obtener n\u00fameros de tel\u00e9fono o instrucciones de env\u00edo. Adem\u00e1s, acomoda la creaci\u00f3n de campos personalizados, lo que le permite capturar puntos de datos altamente espec\u00edficos. Con una interfaz que es intuitiva y f\u00e1cil de usar, junto con su amplia y extensa gama de funciones, el editor de campo de pago para WooCommerce Pro es una herramienta indispensable y esencial para cualquier tienda en l\u00ednea que busque optimizar su proceso de pago, con el mejor Objetivo de mejorar la satisfacci\u00f3n del cliente.<\/p>\n<ul>\n<li>Campos de pago personalizables para tiendas WooCommerce<\/li>\n<li>Interfaz de arrastrar y soltar f\u00e1cil de usar<\/li>\n<li>N\u00famero ilimitado de campos y tipos de campo<\/li>\n<li>Opci\u00f3n para mostrar u ocultar campos basados \u200b\u200ben diversas condiciones<\/li>\n<li>Capacidad para establecer campos obligatorios para la entrada del cliente<\/li>\n<li>Integraci\u00f3n con los datos del cliente de WooCommerce para la poblaci\u00f3n autom\u00e1tica de campos<\/li>\n<li>Opci\u00f3n para crear validaciones de entrada personalizadas para campos<\/li>\n<li>Compatible con pasarelas de pago populares y m\u00e9todos de env\u00edo<\/li>\n<li>M\u00faltiples idiomas listos para uso global<\/li>\n<li>Soporte t\u00e9cnico dedicado y actualizaciones regulares<\/li>\n<\/ul>\n","protected":false},"excerpt":{"rendered":"<p>Descubra el poder de personalizaci\u00f3n con el editor de campo de pago para WooCommerce Pro. Esta herramienta excepcional le permite personalizar sus campos de pago de WooCommerce con facilidad. Agregue, edite y elimine los campos para crear un proceso de pago perfecto y eficiente para sus clientes. Ya sea que necesite incluir informaci\u00f3n adicional o eliminar campos innecesarios, el editor de campo de pago para WooCommerce Pro lo ha cubierto. Dise\u00f1ada para mejorar su plataforma de comercio electr\u00f3nico, esta herramienta ayuda a simplificar sus operaciones comerciales al proporcionar una experiencia de pago optimizada y f\u00e1cil de usar. Con este complemento, puede administrar sin esfuerzo sus campos de pago de WooCommerce, asegurando una transacci\u00f3n suave y r\u00e1pida para sus clientes. Experimente los beneficios de un proceso de pago personalizado, reduzca el abandono del carrito y aumente sus ventas con el editor de campo de pago para WooCommerce Pro.<\/p>\n","protected":false},"featured_media":165617,"comment_status":"open","ping_status":"open","template":"","meta":[],"product_brand":[2395],"product_cat":[1207,1248,1206],"product_tag":[2133],"class_list":{"0":"post-113387","1":"product","2":"type-product","3":"status-publish","4":"has-post-thumbnail","6":"product_brand-themehigh","7":"product_cat-comercio-electronico-plugins","8":"product_cat-personalizacion-comercio-electronico-plugins","9":"product_cat-plugins","10":"product_tag-themehigh","11":"member-discount","12":"discount-restricted","14":"first","15":"instock","16":"sale","17":"downloadable","18":"virtual","19":"sold-individually","20":"purchasable","21":"product-type-simple"},"_links":{"self":[{"href":"https:\/\/gpl-love.com\/es\/wp-json\/wp\/v2\/product\/113387","targetHints":{"allow":["GET"]}}],"collection":[{"href":"https:\/\/gpl-love.com\/es\/wp-json\/wp\/v2\/product"}],"about":[{"href":"https:\/\/gpl-love.com\/es\/wp-json\/wp\/v2\/types\/product"}],"replies":[{"embeddable":true,"href":"https:\/\/gpl-love.com\/es\/wp-json\/wp\/v2\/comments?post=113387"}],"wp:featuredmedia":[{"embeddable":true,"href":"https:\/\/gpl-love.com\/es\/wp-json\/wp\/v2\/media\/165617"}],"wp:attachment":[{"href":"https:\/\/gpl-love.com\/es\/wp-json\/wp\/v2\/media?parent=113387"}],"wp:term":[{"taxonomy":"product_brand","embeddable":true,"href":"https:\/\/gpl-love.com\/es\/wp-json\/wp\/v2\/product_brand?post=113387"},{"taxonomy":"product_cat","embeddable":true,"href":"https:\/\/gpl-love.com\/es\/wp-json\/wp\/v2\/product_cat?post=113387"},{"taxonomy":"product_tag","embeddable":true,"href":"https:\/\/gpl-love.com\/es\/wp-json\/wp\/v2\/product_tag?post=113387"}],"curies":[{"name":"wp","href":"https:\/\/api.w.org\/{rel}","templated":true}]}}