{"id":113378,"date":"2025-09-09T00:00:00","date_gmt":"2025-09-09T05:00:00","guid":{"rendered":"http:\/\/gpl-love.com\/es\/producto\/business-lounge-multi-purpose-consulting-y-finance-theme\/"},"modified":"2026-03-13T17:17:16","modified_gmt":"2026-03-13T22:17:16","slug":"business-lounge-multi-purpose-consulting-y-finance-theme","status":"publish","type":"product","link":"https:\/\/gpl-love.com\/es\/producto\/business-lounge-multi-purpose-consulting-y-finance-theme\/","title":{"rendered":"Business Lounge Multi-Purpose Consulting y Finance Theme 2.2"},"content":{"rendered":"<h3>Business Lounge Multi-Purpose Consulting y Finance Theme Caracteristicas<\/h3>\n<p>El tema de consultor\u00eda y finanzas multiprop\u00f3sito Business Lounge se presenta como una herramienta excepcional para las empresas que buscan establecer una presencia profesional en l\u00ednea. Orientado espec\u00edficamente a las compa\u00f1\u00edas de consultor\u00eda y finanzas, este tema ofrece una extensa gama de caracter\u00edsticas meticulosamente dise\u00f1adas para satisfacer las necesidades \u00fanicas de su empresa. Con un dise\u00f1o elegante y moderno, junto con una interfaz f\u00e1cil de usar, este tema facilita sin esfuerzo la creaci\u00f3n de un sitio web que no solo es altamente funcional sino que tambi\u00e9n es visualmente cautivador. Lo que establece el tema de consultor\u00eda y finanzas multiprop\u00f3sito Business Lounge es su capacidad para proporcionar una multitud de opciones de personalizaci\u00f3n, lo que le permite adaptar su sitio web para alinearse perfectamente con los distintos requisitos de su negocio. Ya sea a trav\u00e9s de la selecci\u00f3n de esquemas de color personalizados o la utilizaci\u00f3n de plantillas de p\u00e1gina preconstruidas, este tema cuenta con una amplia gama de herramientas y recursos necesarios para establecer una presencia en l\u00ednea dominante. Ya sea que su objetivo sea atraer a posibles clientes, mostrar sus servicios excepcionales o simplemente solidificar la identidad en l\u00ednea de su marca, el tema de consultor\u00eda y finanzas multiprop\u00f3sito de negocios de su marca es una opci\u00f3n incomparable.<\/p>\n<ul>\n<li>Calidad premium, dise\u00f1o profesional y moderno<\/li>\n<li>Opciones totalmente personalizables para que coincidan con la identidad de su marca<\/li>\n<li>Amplia gama de p\u00e1ginas y dise\u00f1os predise\u00f1ados<\/li>\n<li>Blog incorporado y funcionalidad de cartera para marketing de contenidos<\/li>\n<li>Integraci\u00f3n con complementos populares como WooCommerce para comercio electr\u00f3nico<\/li>\n<li>Dise\u00f1o receptivo y amigable para dispositivos m\u00f3viles para una visualizaci\u00f3n \u00f3ptima en todos los dispositivos<\/li>\n<li>Soporte y documentaci\u00f3n dedicados para una f\u00e1cil configuraci\u00f3n y uso<\/li>\n<li>Panel de opciones de tema robusto para una f\u00e1cil personalizaci\u00f3n y control<\/li>\n<li>SEO optimizado para una mejor visibilidad del motor de b\u00fasqueda<\/li>\n<li>Admite m\u00faltiples idiomas y complementos de traducci\u00f3n para el alcance global.<\/li>\n<\/ul>\n","protected":false},"excerpt":{"rendered":"<p>Presentaci\u00f3n de nuestro tema de consultor\u00eda y finanzas multiprop\u00f3sito de negocios, una plataforma robusta y vers\u00e1til para todas sus necesidades comerciales. Dise\u00f1ado con la versatilidad en mente, este tema es perfecto para empresas de consultor\u00eda, empresas financieras y una mir\u00edada de otras empresas. Simplifique sus operaciones e impresione a sus clientes con un dise\u00f1o elegante y moderno que sea f\u00e1cil de navegar. El tema multiprop\u00f3sito permite una inmensa personalizaci\u00f3n, lo que garantiza que la marca \u00fanica de su negocio se destaque. Con nuestro tema de negocios de negocios, puede racionalizar su presencia digital y centrarse en lo que m\u00e1s importa: hacer crecer su negocio. No es solo un tema, es una herramienta para el \u00e9xito.<\/p>\n","protected":false},"featured_media":165578,"comment_status":"open","ping_status":"open","template":"","meta":[],"product_brand":[2337],"product_cat":[1307,1237,1238],"product_tag":[1391],"class_list":{"0":"post-113378","1":"product","2":"type-product","3":"status-publish","4":"has-post-thumbnail","6":"product_brand-themeforest","7":"product_cat-negocio-wordpress-temas","8":"product_cat-temas","9":"product_cat-wordpress-temas","10":"product_tag-themeforest","11":"member-discount","12":"discount-restricted","14":"first","15":"instock","16":"sale","17":"downloadable","18":"virtual","19":"sold-individually","20":"purchasable","21":"product-type-simple"},"_links":{"self":[{"href":"https:\/\/gpl-love.com\/es\/wp-json\/wp\/v2\/product\/113378","targetHints":{"allow":["GET"]}}],"collection":[{"href":"https:\/\/gpl-love.com\/es\/wp-json\/wp\/v2\/product"}],"about":[{"href":"https:\/\/gpl-love.com\/es\/wp-json\/wp\/v2\/types\/product"}],"replies":[{"embeddable":true,"href":"https:\/\/gpl-love.com\/es\/wp-json\/wp\/v2\/comments?post=113378"}],"wp:featuredmedia":[{"embeddable":true,"href":"https:\/\/gpl-love.com\/es\/wp-json\/wp\/v2\/media\/165578"}],"wp:attachment":[{"href":"https:\/\/gpl-love.com\/es\/wp-json\/wp\/v2\/media?parent=113378"}],"wp:term":[{"taxonomy":"product_brand","embeddable":true,"href":"https:\/\/gpl-love.com\/es\/wp-json\/wp\/v2\/product_brand?post=113378"},{"taxonomy":"product_cat","embeddable":true,"href":"https:\/\/gpl-love.com\/es\/wp-json\/wp\/v2\/product_cat?post=113378"},{"taxonomy":"product_tag","embeddable":true,"href":"https:\/\/gpl-love.com\/es\/wp-json\/wp\/v2\/product_tag?post=113378"}],"curies":[{"name":"wp","href":"https:\/\/api.w.org\/{rel}","templated":true}]}}