{"id":113375,"date":"2022-02-14T00:00:00","date_gmt":"2022-02-14T05:00:00","guid":{"rendered":"http:\/\/gpl-love.com\/es\/producto\/discy-social-questions-y-answers-wordpress-theme\/"},"modified":"2026-03-13T17:19:17","modified_gmt":"2026-03-13T22:19:17","slug":"discy-social-questions-y-answers-wordpress-theme","status":"publish","type":"product","link":"https:\/\/gpl-love.com\/es\/producto\/discy-social-questions-y-answers-wordpress-theme\/","title":{"rendered":"Discy Social Questions y Answers WordPress Theme 4.9"},"content":{"rendered":"<h3>Discy Social Questions y Answers WordPress Theme Caracteristicas<\/h3>\n<p>El tema de WordPress de las preguntas y respuestas sociales de disco es un tema incre\u00edblemente vers\u00e1til e inmensamente poderoso que es absolutamente perfecto para construir y establecer comunidades de preguntas y respuestas en l\u00ednea. Con su amplia gama de caracter\u00edsticas y funcionalidades, este tema ofrece una apariencia y ambiente profesional y contempor\u00e1neo, junto con una interfaz extremadamente f\u00e1cil de usar que mejora la navegaci\u00f3n y la usabilidad. Los usuarios pueden preguntar sin esfuerzo y responder a las consultas, votar sobre las respuestas y difundir su sabidur\u00eda y experiencia a los dem\u00e1s. En particular, el tema abarca capacidades de b\u00fasqueda robustas, facilitando el acceso r\u00e1pido y sin problemas a la informaci\u00f3n deseada. Adem\u00e1s, el tema es completamente receptivo, asegurando una experiencia visual excepcional en cualquier dispositivo, independientemente de su tama\u00f1o o tipo. Adem\u00e1s, se incorpora una extensa gama de opciones de personalizaci\u00f3n, facilitando la personalizaci\u00f3n sin esfuerzo del tema de acuerdo con los requisitos y preferencias individuales. En resumen, el tema de WordPress de cuestiones y respuestas sociales de disco es una opci\u00f3n excepcional y altamente encomiable para las personas que buscan establecer y fomentar una pr\u00f3spera comunidad en l\u00ednea que gira en torno a los principios de intercambio de conocimientos y colaboraci\u00f3n.<\/p>\n<ul>\n<li>Discy es un tema de preguntas y respuestas sociales poderosas y din\u00e1micas para WordPress.<\/li>\n<li>Est\u00e1 dise\u00f1ado con una funcionalidad robusta que permite una f\u00e1cil configuraci\u00f3n y personalizaci\u00f3n de su sitio web de preguntas y respuestas.<\/li>\n<li>El tema viene equipado con m\u00faltiples caracter\u00edsticas que incluyen un sistema de votaci\u00f3n intuitivo, capacidades de b\u00fasqueda avanzada y una poderosa interfaz de tablero de usuarios.<\/li>\n<li>Ofrece una s\u00f3lida red de intercambio social, integraci\u00f3n de redes sociales y herramientas de construcci\u00f3n de la comunidad para permitir a los usuarios compartir sus experiencias y aumentar el compromiso.<\/li>\n<li>Discy ofrece un dise\u00f1o receptivo que optimiza la experiencia del usuario en m\u00faltiples dispositivos.<\/li>\n<li>El tema ofrece dise\u00f1os flexibles, estilos personalizables y fuentes, lo que facilita la adaptaci\u00f3n del atractivo est\u00e9tico y la experiencia del usuario de su sitio.<\/li>\n<li>DISCY proporciona an\u00e1lisis avanzados y herramientas de informes para rastrear los datos de participaci\u00f3n y evaluar la efectividad de su estrategia de preguntas y respuestas.<\/li>\n<li>Ofrece m\u00faltiples opciones de monetizaci\u00f3n como la colocaci\u00f3n de anuncios, suscripci\u00f3n y membres\u00edas premium para monetizar su sitio web.<\/li>\n<li>El disco se actualiza regularmente para mantenerse al d\u00eda con las tendencias y desarrollos de la industria, lo que lo convierte en una opci\u00f3n sostenible y confiable para su sitio web de preguntas y respuestas sociales.<\/li>\n<\/ul>\n","protected":false},"excerpt":{"rendered":"<p>Haga que su comunidad en l\u00ednea se destace con DISCY, un tema de WordPress de WordPress y respuestas. Este tema est\u00e1 dise\u00f1ado para proporcionar una plataforma para que los usuarios publiquen preguntas, obtengan respuestas y participen en discusiones. El disco es totalmente receptivo, asegurando que su sitio web se vea genial en cualquier dispositivo. Tambi\u00e9n presenta un sistema de voto y voto de voto, lo que permite a los usuarios votar sobre las mejores respuestas. El tema tambi\u00e9n es amigable con SEO, lo que ayuda a su sitio a clasificarse m\u00e1s en los resultados del motor de b\u00fasqueda. Viene con un poderoso panel de control que le permite personalizar cada elemento de su sitio, desde el dise\u00f1o hasta el esquema de color. Con disco, tambi\u00e9n puede crear perfiles de usuario, insignias y sistemas de puntos para motivar a sus usuarios a participar. Discy proporciona una manera f\u00e1cil de construir una comunidad, fomentar la interacci\u00f3n y compartir conocimiento.<\/p>\n","protected":false},"featured_media":165778,"comment_status":"open","ping_status":"open","template":"","meta":[],"product_brand":[2337],"product_cat":[1267,1237,1238],"product_tag":[1391],"class_list":{"0":"post-113375","1":"product","2":"type-product","3":"status-publish","4":"has-post-thumbnail","6":"product_brand-themeforest","7":"product_cat-creativo","8":"product_cat-temas","9":"product_cat-wordpress-temas","10":"product_tag-themeforest","11":"member-discount","12":"discount-restricted","14":"first","15":"instock","16":"sale","17":"downloadable","18":"virtual","19":"sold-individually","20":"purchasable","21":"product-type-simple"},"_links":{"self":[{"href":"https:\/\/gpl-love.com\/es\/wp-json\/wp\/v2\/product\/113375","targetHints":{"allow":["GET"]}}],"collection":[{"href":"https:\/\/gpl-love.com\/es\/wp-json\/wp\/v2\/product"}],"about":[{"href":"https:\/\/gpl-love.com\/es\/wp-json\/wp\/v2\/types\/product"}],"replies":[{"embeddable":true,"href":"https:\/\/gpl-love.com\/es\/wp-json\/wp\/v2\/comments?post=113375"}],"wp:featuredmedia":[{"embeddable":true,"href":"https:\/\/gpl-love.com\/es\/wp-json\/wp\/v2\/media\/165778"}],"wp:attachment":[{"href":"https:\/\/gpl-love.com\/es\/wp-json\/wp\/v2\/media?parent=113375"}],"wp:term":[{"taxonomy":"product_brand","embeddable":true,"href":"https:\/\/gpl-love.com\/es\/wp-json\/wp\/v2\/product_brand?post=113375"},{"taxonomy":"product_cat","embeddable":true,"href":"https:\/\/gpl-love.com\/es\/wp-json\/wp\/v2\/product_cat?post=113375"},{"taxonomy":"product_tag","embeddable":true,"href":"https:\/\/gpl-love.com\/es\/wp-json\/wp\/v2\/product_tag?post=113375"}],"curies":[{"name":"wp","href":"https:\/\/api.w.org\/{rel}","templated":true}]}}