{"id":113373,"date":"2021-05-12T00:00:00","date_gmt":"2021-05-12T05:00:00","guid":{"rendered":"http:\/\/gpl-love.com\/es\/producto\/koacher-coaching-y-online-course-wp-theme\/"},"modified":"2026-03-13T17:23:14","modified_gmt":"2026-03-13T22:23:14","slug":"koacher-coaching-y-online-course-wp-theme","status":"publish","type":"product","link":"https:\/\/gpl-love.com\/es\/producto\/koacher-coaching-y-online-course-wp-theme\/","title":{"rendered":"Koacher Coaching y Online Course WP Theme 1.0.2"},"content":{"rendered":"<h3>Koacher Coaching y Online Course WP Theme Caracteristicas<\/h3>\n<p>El tema WP de Coaching y Coaching en l\u00ednea de Koacher es una plataforma integral y vers\u00e1til que se ha desarrollado espec\u00edficamente para satisfacer las necesidades y requisitos de los sitios web de coaching y cursos en l\u00ednea. Este tema incre\u00edblemente poderoso cuenta con una amplia gama de caracter\u00edsticas y opciones de personalizaci\u00f3n que capacitan a los usuarios para crear sin esfuerzo un sitio web profesional y cautivador que realmente encarna su marca y se conecta efectivamente con su p\u00fablico objetivo. Equipado con una interfaz incre\u00edblemente f\u00e1cil de usar, opciones de navegaci\u00f3n avanzada, dise\u00f1os altamente personalizables y una extensa colecci\u00f3n de plantillas predise\u00f1adas, este tema proporciona a los propietarios de sitios web las herramientas y recursos que necesitan para crear y administrar sin esfuerzo su plataforma en l\u00ednea. Adem\u00e1s, el tema WP de Coaching y Coaching en l\u00ednea de Koacher tambi\u00e9n incluye un sistema de comercio electr\u00f3nico incorporado, una integraci\u00f3n de redes sociales perfectas y una optimizaci\u00f3n de SEO de primer nivel, lo que es la mejor opci\u00f3n para las empresas en busca de mejorar su presencia en l\u00ednea y expandir su base de clientes. .<\/p>\n<ul>\n<li>Interfaz f\u00e1cil e intuitiva<\/li>\n<li>Dise\u00f1o personalizable para adaptarse a su marca y estilo<\/li>\n<li>Caracter\u00edsticas de coaching incorporadas para administrar f\u00e1cilmente las sesiones y citas de los clientes<\/li>\n<li>Integraci\u00f3n perfecta con pasarelas de pago populares<\/li>\n<li>Opciones de dise\u00f1o de m\u00faltiples cursos para mostrar sus cursos en l\u00ednea<\/li>\n<li>Dise\u00f1o receptivo para una visualizaci\u00f3n \u00f3ptima en todos los dispositivos<\/li>\n<li>SEO amigable para mejorar las clasificaciones de motores de b\u00fasqueda<\/li>\n<li>Acceso a una biblioteca completa de gr\u00e1ficos e \u00edconos para mejorar el atractivo visual de su sitio web<\/li>\n<li>Actualizaciones continuas y soporte del equipo de Koacher para garantizar que su sitio web se mantenga actualizado y funcional.<\/li>\n<\/ul>\n","protected":false},"excerpt":{"rendered":"<p>Koacher Coaching and Online Course WP Tema es un tema de WordPress extremadamente robusto y notablemente f\u00e1cil de usar que ha sido meticulosamente dise\u00f1ado y dise\u00f1ado espec\u00edficamente para entrenadores que buscan establecer y establecer una presencia formidable en l\u00ednea. Este tema extraordinario cuenta con una gran cantidad de plantillas predise\u00f1adas que capacitan a los entrenadores para generar y crear p\u00e1ginas de destino cautivadoras sin esfuerzo, p\u00e1ginas de curso cautelizantes y p\u00e1ginas de entrenamiento atractivas. Adem\u00e1s, este tema excepcional se integra perfectamente con una mir\u00edada de plataformas del Sistema de Gesti\u00f3n de Aprendizaje (LMS) altamente popular, otorgando as\u00ed a los entrenadores la invaluable capacidad para crear y vender de manera efectiva sus cursos en l\u00ednea meticulosamente dise\u00f1ados e entregados de forma inteligente. Adem\u00e1s, la gran versatilidad y la notable adaptabilidad de este tema permiten a los entrenadores personalizar de manera efectiva y sin esfuerzo todos los aspectos de su plataforma en l\u00ednea, aline\u00e1ndola armoniosamente con su marca \u00fanica y su estilo distintivo, y as\u00ed lo convierten en una herramienta sin igual e indispensable que est\u00e1 perfectamente dise\u00f1ada a Facilitar y fomentar el crecimiento exponencial y el \u00e9xito inigualable para sus florecientes empresas comerciales en l\u00ednea.<\/p>\n","protected":false},"featured_media":166555,"comment_status":"open","ping_status":"open","template":"","meta":[],"product_brand":[2337],"product_cat":[1267,1237,1238],"product_tag":[1391],"class_list":{"0":"post-113373","1":"product","2":"type-product","3":"status-publish","4":"has-post-thumbnail","6":"product_brand-themeforest","7":"product_cat-creativo","8":"product_cat-temas","9":"product_cat-wordpress-temas","10":"product_tag-themeforest","11":"member-discount","12":"discount-restricted","14":"first","15":"instock","16":"sale","17":"downloadable","18":"virtual","19":"sold-individually","20":"purchasable","21":"product-type-simple"},"_links":{"self":[{"href":"https:\/\/gpl-love.com\/es\/wp-json\/wp\/v2\/product\/113373","targetHints":{"allow":["GET"]}}],"collection":[{"href":"https:\/\/gpl-love.com\/es\/wp-json\/wp\/v2\/product"}],"about":[{"href":"https:\/\/gpl-love.com\/es\/wp-json\/wp\/v2\/types\/product"}],"replies":[{"embeddable":true,"href":"https:\/\/gpl-love.com\/es\/wp-json\/wp\/v2\/comments?post=113373"}],"wp:featuredmedia":[{"embeddable":true,"href":"https:\/\/gpl-love.com\/es\/wp-json\/wp\/v2\/media\/166555"}],"wp:attachment":[{"href":"https:\/\/gpl-love.com\/es\/wp-json\/wp\/v2\/media?parent=113373"}],"wp:term":[{"taxonomy":"product_brand","embeddable":true,"href":"https:\/\/gpl-love.com\/es\/wp-json\/wp\/v2\/product_brand?post=113373"},{"taxonomy":"product_cat","embeddable":true,"href":"https:\/\/gpl-love.com\/es\/wp-json\/wp\/v2\/product_cat?post=113373"},{"taxonomy":"product_tag","embeddable":true,"href":"https:\/\/gpl-love.com\/es\/wp-json\/wp\/v2\/product_tag?post=113373"}],"curies":[{"name":"wp","href":"https:\/\/api.w.org\/{rel}","templated":true}]}}