{"id":113371,"date":"2021-10-25T00:00:00","date_gmt":"2021-10-25T05:00:00","guid":{"rendered":"http:\/\/gpl-love.com\/es\/producto\/kohost-modern-web-hosting-y-whmcs-template\/"},"modified":"2026-03-13T17:23:16","modified_gmt":"2026-03-13T22:23:16","slug":"kohost-modern-web-hosting-y-whmcs-template","status":"publish","type":"product","link":"https:\/\/gpl-love.com\/es\/producto\/kohost-modern-web-hosting-y-whmcs-template\/","title":{"rendered":"Kohost Modern Web Hosting y WHMCS Template 6.7.0"},"content":{"rendered":"<h3>Kohost Modern Web Hosting y WHMCS Template Caracteristicas<\/h3>\n<p>La plantilla Kohost Modern Web Hosting y WHMCS se presenta como la mejor soluci\u00f3n para las empresas que necesitan enormes establecer una presencia en l\u00ednea robusta y profesional. Esta plantilla excepcional est\u00e1 meticulosamente elaborada para satisfacer las intrincadas demandas de las empresas de alojamiento web, equipado con una variedad de caracter\u00edsticas notables que facilitan la gesti\u00f3n sin esfuerzo de los clientes, la facturaci\u00f3n y los servicios de apoyo. Adem\u00e1s, esta plantilla cuenta con una interfaz de vanguardia y f\u00e1cil de usar, dise\u00f1ada meticulosamente para garantizar una experiencia perfecta y sin problemas para los usuarios que desean personalizar y marcar su sitio web sin esfuerzo. Adem\u00e1s, el dise\u00f1o receptivo de esta plantilla garantiza una presentaci\u00f3n visual impecable en varios dispositivos, mientras que el c\u00f3digo impecablemente limpio y optimizado garantiza velocidades de carga r\u00e1pidas. Con la utilizaci\u00f3n de la plantilla de Kohost, las empresas est\u00e1n obligadas a cultivar un entorno que no solo sea perfecto sino tambi\u00e9n altamente eficiente en sus operaciones en l\u00ednea, lo que finalmente conduce a una mayor satisfacci\u00f3n del cliente, un aumento del tr\u00e1fico del sitio web y un crecimiento exponencial de los ingresos.<\/p>\n<ul>\n<li>Dise\u00f1o moderno y elegante adecuado para alojamiento web y negocios de WHMCS<\/li>\n<li>Totalmente receptivo y compatible con todos los dispositivos y tama\u00f1os de pantalla<\/li>\n<li>Personalizable con una variedad de opciones de color, fuentes y opciones de dise\u00f1o<\/li>\n<li>P\u00e1gina de inicio Slider que exhibe productos y servicios destacados<\/li>\n<li>Integraci\u00f3n con WHMCS para facilitar la gesti\u00f3n y facturaci\u00f3n del cliente<\/li>\n<li>Men\u00fas desplegables y navegaci\u00f3n f\u00e1cil para la conveniencia del usuario<\/li>\n<li>M\u00faltiples plantillas de p\u00e1gina, incluidas tablas de precios, preguntas frecuentes y formularios de contacto<\/li>\n<li>Integraci\u00f3n de las redes sociales para una mayor presencia en l\u00ednea y compartir<\/li>\n<li>SEO optimizado para mejorar la clasificaci\u00f3n del motor de b\u00fasqueda<\/li>\n<li>Actualizaciones y soporte regulares del equipo Kohost.<\/li>\n<\/ul>\n","protected":false},"excerpt":{"rendered":"<p>La plantilla Kohost Modern Web Hosting y WHMCS es una resoluci\u00f3n excepcional y suprema para los proveedores de alojamiento web que aspiran a exhibir sus servicios de una manera sofisticada y contempor\u00e1nea. Esta plantilla abarca un dise\u00f1o pulido y refinado que acent\u00faa sin problemas sus ofertas, mientras que simult\u00e1neamente amalgaman con el sistema de facturaci\u00f3n WHMCS para facilitar la gesti\u00f3n perfecta del cliente. Al aprovechar Kohost, posee la capacidad de fabricar r\u00e1pidamente un sitio web cautivador que cautivar\u00e1 a la clientela y distinga su empresa de alojamiento web en medio de las masas.<\/p>\n","protected":false},"featured_media":166557,"comment_status":"open","ping_status":"open","template":"","meta":[],"product_brand":[2337],"product_cat":[1307,1237,1238],"product_tag":[1391],"class_list":{"0":"post-113371","1":"product","2":"type-product","3":"status-publish","4":"has-post-thumbnail","6":"product_brand-themeforest","7":"product_cat-negocio-wordpress-temas","8":"product_cat-temas","9":"product_cat-wordpress-temas","10":"product_tag-themeforest","11":"member-discount","12":"discount-restricted","14":"first","15":"instock","16":"sale","17":"downloadable","18":"virtual","19":"sold-individually","20":"purchasable","21":"product-type-simple"},"_links":{"self":[{"href":"https:\/\/gpl-love.com\/es\/wp-json\/wp\/v2\/product\/113371","targetHints":{"allow":["GET"]}}],"collection":[{"href":"https:\/\/gpl-love.com\/es\/wp-json\/wp\/v2\/product"}],"about":[{"href":"https:\/\/gpl-love.com\/es\/wp-json\/wp\/v2\/types\/product"}],"replies":[{"embeddable":true,"href":"https:\/\/gpl-love.com\/es\/wp-json\/wp\/v2\/comments?post=113371"}],"wp:featuredmedia":[{"embeddable":true,"href":"https:\/\/gpl-love.com\/es\/wp-json\/wp\/v2\/media\/166557"}],"wp:attachment":[{"href":"https:\/\/gpl-love.com\/es\/wp-json\/wp\/v2\/media?parent=113371"}],"wp:term":[{"taxonomy":"product_brand","embeddable":true,"href":"https:\/\/gpl-love.com\/es\/wp-json\/wp\/v2\/product_brand?post=113371"},{"taxonomy":"product_cat","embeddable":true,"href":"https:\/\/gpl-love.com\/es\/wp-json\/wp\/v2\/product_cat?post=113371"},{"taxonomy":"product_tag","embeddable":true,"href":"https:\/\/gpl-love.com\/es\/wp-json\/wp\/v2\/product_tag?post=113371"}],"curies":[{"name":"wp","href":"https:\/\/api.w.org\/{rel}","templated":true}]}}