{"id":113369,"date":"2024-11-10T00:00:00","date_gmt":"2024-11-10T05:00:00","guid":{"rendered":"http:\/\/gpl-love.com\/es\/producto\/ryancv-resume-theme\/"},"modified":"2026-03-13T17:28:33","modified_gmt":"2026-03-13T22:28:33","slug":"ryancv-resume-theme","status":"publish","type":"product","link":"https:\/\/gpl-love.com\/es\/producto\/ryancv-resume-theme\/","title":{"rendered":"RyanCV Resume Theme 3.7.1"},"content":{"rendered":"<h3>RyanCV Resume Theme Caracteristicas<\/h3>\n<p>Ryancv es un tema de curr\u00edculum excepcionalmente contempor\u00e1neo y pulido que ha sido ingeniosamente elaborado para garantizar que sus solicitudes de empleo posean un nivel incomparable de distinci\u00f3n. A trav\u00e9s de su dise\u00f1o inmaculadamente ordenado y sofisticado, Ryancv facilita sin esfuerzo la exhibici\u00f3n efectiva de su conjunto de habilidades multifac\u00e9ticas, experiencia extensa y calificaciones notables. Este tema le otorga la invaluable oportunidad de adaptarlo por completo a sus requisitos y preferencias personales \u00fanicas, permitiendo as\u00ed un nivel de personalizaci\u00f3n sin precedentes. Adem\u00e1s, su dise\u00f1o adaptativo garantiza que su curr\u00edculum emane un aura de resplencia en todos los dispositivos. Ryancv tambi\u00e9n se jacta de su naturaleza amigable para SEO, lo que efectivamente permite a los posibles empleadores localizar sin esfuerzo su presencia en l\u00ednea. Con su interfaz f\u00e1cil de usar y una impresionante variedad de caracter\u00edsticas, Ryancv representa sin duda la elecci\u00f3n por excelencia para las personas que buscan producir un curr\u00edculum impecablemente profesional que sin duda cautivar\u00e1 la atenci\u00f3n exigente de los posibles empleadores.<\/p>\n<ul>\n<li>Dise\u00f1o moderno y elegante<\/li>\n<li>Totalmente personalizable con interfaz f\u00e1cil de usar<\/li>\n<li>Secciones integrales para experiencia profesional, educaci\u00f3n, habilidades y m\u00e1s<\/li>\n<li>Dos esquemas de color personalizables incluidos<\/li>\n<li>Totalmente receptivo y amigable para m\u00f3viles<\/li>\n<li>Redes sociales integradas y enlaces de contacto<\/li>\n<li>Compatible con WordPress y otros sistemas populares de gesti\u00f3n de contenido<\/li>\n<li>Actualizaciones regulares y atenci\u00f3n al cliente disponibles<\/li>\n<\/ul>\n","protected":false},"excerpt":{"rendered":"<p>El tema del curr\u00edculum de Ryancv se presenta como una opci\u00f3n impecable para cualquier solicitante de empleo que aspira a distinguirse en medio del mercado laboral ferozmente competitivo de hoy. Caracterizado por su dise\u00f1o elegante y contempor\u00e1neo, as\u00ed como su interfaz f\u00e1cil de usar, este tema otorga a sus usuarios la capacidad de construir sin esfuerzo un curr\u00edculum profesional y refinado en cuesti\u00f3n de minutos. Contamos con segmentos personalizables dedicados a la experiencia laboral, la educaci\u00f3n, las habilidades y m\u00e1s all\u00e1, el tema de Ryancv permite a las personas exhibir sus distintas fortalezas y logros de una manera visualmente cautivadora pero profundamente informativa. Independientemente de si uno est\u00e1 solicitando su carrera de larga data o simplemente buscando actualizar su presencia en l\u00ednea, el tema del curr\u00edculum de Ryancv reina sin duda como una herramienta indispensable para aquellos que albergan aspiraciones de crecimiento profesional.<\/p>\n","protected":false},"featured_media":167386,"comment_status":"open","ping_status":"open","template":"","meta":[],"product_brand":[2337],"product_cat":[1267,1237,1238],"product_tag":[1391],"class_list":{"0":"post-113369","1":"product","2":"type-product","3":"status-publish","4":"has-post-thumbnail","6":"product_brand-themeforest","7":"product_cat-creativo","8":"product_cat-temas","9":"product_cat-wordpress-temas","10":"product_tag-themeforest","11":"member-discount","12":"discount-restricted","14":"first","15":"instock","16":"sale","17":"downloadable","18":"virtual","19":"sold-individually","20":"purchasable","21":"product-type-simple"},"_links":{"self":[{"href":"https:\/\/gpl-love.com\/es\/wp-json\/wp\/v2\/product\/113369","targetHints":{"allow":["GET"]}}],"collection":[{"href":"https:\/\/gpl-love.com\/es\/wp-json\/wp\/v2\/product"}],"about":[{"href":"https:\/\/gpl-love.com\/es\/wp-json\/wp\/v2\/types\/product"}],"replies":[{"embeddable":true,"href":"https:\/\/gpl-love.com\/es\/wp-json\/wp\/v2\/comments?post=113369"}],"wp:featuredmedia":[{"embeddable":true,"href":"https:\/\/gpl-love.com\/es\/wp-json\/wp\/v2\/media\/167386"}],"wp:attachment":[{"href":"https:\/\/gpl-love.com\/es\/wp-json\/wp\/v2\/media?parent=113369"}],"wp:term":[{"taxonomy":"product_brand","embeddable":true,"href":"https:\/\/gpl-love.com\/es\/wp-json\/wp\/v2\/product_brand?post=113369"},{"taxonomy":"product_cat","embeddable":true,"href":"https:\/\/gpl-love.com\/es\/wp-json\/wp\/v2\/product_cat?post=113369"},{"taxonomy":"product_tag","embeddable":true,"href":"https:\/\/gpl-love.com\/es\/wp-json\/wp\/v2\/product_tag?post=113369"}],"curies":[{"name":"wp","href":"https:\/\/api.w.org\/{rel}","templated":true}]}}