{"id":113363,"date":"2021-05-12T00:00:00","date_gmt":"2021-05-12T05:00:00","guid":{"rendered":"http:\/\/gpl-love.com\/es\/producto\/wp-clever-faq-builder-smart-support-tool-para-wordpress\/"},"modified":"2026-03-09T08:27:57","modified_gmt":"2026-03-09T13:27:57","slug":"wp-clever-faq-builder-smart-support-tool-para-wordpress","status":"publish","type":"product","link":"https:\/\/gpl-love.com\/es\/producto\/wp-clever-faq-builder-smart-support-tool-para-wordpress\/","title":{"rendered":"WP Clever FAQ Builder Smart Support Tool para WordPress 1.42"},"content":{"rendered":"<h3>WP Clever FAQ Builder Smart Support Tool para WordPress Caracteristicas<\/h3>\n<p>El WP Clever FAQ Builder es una herramienta de soporte inteligente que se ha desarrollado espec\u00edficamente para sitios web de WordPress. Este complemento altamente sofisticado permite a los usuarios generar y personalizar sin esfuerzo preguntas (preguntas frecuentes) a trav\u00e9s de una interfaz de arrastrar y soltar sin esfuerzo. En particular, lo que distingue a este complemento es su notable facilidad de uso, eliminando la necesidad de cualquier experiencia t\u00e9cnica. Esta simplicidad inherente lo hace igualmente adecuado para novatos y profesionales experimentados por igual. Al aprovechar las capacidades notables del WP Clever Preguntas de Preguntas Preguntas de las Preguntas de las Preguntas de las preguntas frecuentes, puede clasificar a la perfecci\u00f3n las preguntas frecuentes y aprovechar a los visitantes con la comodidad de la recuperaci\u00f3n de informaci\u00f3n r\u00e1pida a trav\u00e9s de las opciones de b\u00fasqueda y filtro. Adem\u00e1s, esta herramienta cuenta con una extensa gama de funciones de personalizaci\u00f3n, lo que le permite armonizar sin esfuerzo colores, fuentes y estilos con los elementos de dise\u00f1o de su sitio web. En resumen, el WP Clever FAQ Builder es una herramienta de soporte excepcional que tiene el potencial de aumentar significativamente la experiencia del usuario en su sitio web al facilitar el acceso sin esfuerzo a la informaci\u00f3n y elevar con \u00e9xito los niveles de satisfacci\u00f3n del cliente.<\/p>\n<ul>\n<li>Permite una f\u00e1cil creaci\u00f3n y gesti\u00f3n de preguntas frecuentes en sitios web de WordPress<\/li>\n<li>Ofrece opciones de personalizaci\u00f3n para el dise\u00f1o y el dise\u00f1o de las preguntas frecuentes para que coincidan con la est\u00e9tica del sitio web<\/li>\n<li>Utiliza una funci\u00f3n de b\u00fasqueda inteligente para la navegaci\u00f3n f\u00e1cil de usar de las preguntas frecuentes<\/li>\n<li>Incluye herramientas para medir el compromiso y la efectividad de las preguntas frecuentes para la optimizaci\u00f3n del sitio web<\/li>\n<li>Puede integrarse con los populares programas de soporte de CRM y chat para soluciones integrales de servicio al cliente<\/li>\n<li>Interfaz f\u00e1cil de usar para facilitar el uso y la gesti\u00f3n<\/li>\n<li>Actualizado regularmente con nuevas funciones y actualizaciones para mantenerse a la vanguardia de las tendencias de la industria<\/li>\n<li>Compatible con la mayor\u00eda de los temas y complementos de WordPress para una integraci\u00f3n perfecta en los sitios web existentes.<\/li>\n<\/ul>\n","protected":false},"excerpt":{"rendered":"<p>WP Clever FAQ Builder es una herramienta de soporte incre\u00edblemente robusta e inteligente que permite a los usuarios generar y supervisar las preguntas frecuentes para su sitio web de WordPress. Por medio de una interfaz de arrastrar y soltar altamente intuitiva, las personas pueden organizar r\u00e1pidamente sus preguntas frecuentes, proporcionando as\u00ed a los visitantes de su sitio con valiosas soluciones a sus consultas. Esta invaluable herramienta cuenta con una gran cantidad de opciones de personalizaci\u00f3n, asegurando una integraci\u00f3n perfecta con el tema y el estilo distintivos del sitio web de uno. Adem\u00e1s, su funcionalidad de b\u00fasqueda de vanguardia garantiza el acceso conveniente a la informaci\u00f3n relevante, en \u00faltima instancia, optimizando la satisfacci\u00f3n del usuario. Con la incorporaci\u00f3n de WP Clever FAQ Builder, la experiencia de usuario de su sitio web se mejorar\u00e1 notablemente, lo que llevar\u00e1 a una reducci\u00f3n significativa en las consultas de soporte.<\/p>\n","protected":false},"featured_media":168375,"comment_status":"open","ping_status":"open","template":"","meta":[],"product_brand":[2339],"product_cat":[1214,1206,1211],"product_tag":[1256],"class_list":{"0":"post-113363","1":"product","2":"type-product","3":"status-publish","4":"has-post-thumbnail","6":"product_brand-codecanyon","7":"product_cat-personalizacion","8":"product_cat-plugins","9":"product_cat-wordpress-plugins","10":"product_tag-codecanyon","11":"member-discount","12":"discount-restricted","14":"first","15":"instock","16":"sale","17":"downloadable","18":"virtual","19":"sold-individually","20":"purchasable","21":"product-type-simple"},"_links":{"self":[{"href":"https:\/\/gpl-love.com\/es\/wp-json\/wp\/v2\/product\/113363","targetHints":{"allow":["GET"]}}],"collection":[{"href":"https:\/\/gpl-love.com\/es\/wp-json\/wp\/v2\/product"}],"about":[{"href":"https:\/\/gpl-love.com\/es\/wp-json\/wp\/v2\/types\/product"}],"replies":[{"embeddable":true,"href":"https:\/\/gpl-love.com\/es\/wp-json\/wp\/v2\/comments?post=113363"}],"wp:featuredmedia":[{"embeddable":true,"href":"https:\/\/gpl-love.com\/es\/wp-json\/wp\/v2\/media\/168375"}],"wp:attachment":[{"href":"https:\/\/gpl-love.com\/es\/wp-json\/wp\/v2\/media?parent=113363"}],"wp:term":[{"taxonomy":"product_brand","embeddable":true,"href":"https:\/\/gpl-love.com\/es\/wp-json\/wp\/v2\/product_brand?post=113363"},{"taxonomy":"product_cat","embeddable":true,"href":"https:\/\/gpl-love.com\/es\/wp-json\/wp\/v2\/product_cat?post=113363"},{"taxonomy":"product_tag","embeddable":true,"href":"https:\/\/gpl-love.com\/es\/wp-json\/wp\/v2\/product_tag?post=113363"}],"curies":[{"name":"wp","href":"https:\/\/api.w.org\/{rel}","templated":true}]}}