{"id":113359,"date":"2021-07-21T00:00:00","date_gmt":"2021-07-21T05:00:00","guid":{"rendered":"http:\/\/gpl-love.com\/es\/producto\/amos-creative-wordpress-theme\/"},"modified":"2026-03-13T17:15:40","modified_gmt":"2026-03-13T22:15:40","slug":"amos-creative-wordpress-theme","status":"publish","type":"product","link":"https:\/\/gpl-love.com\/es\/producto\/amos-creative-wordpress-theme\/","title":{"rendered":"Amos Creative WordPress Theme 1.6.6"},"content":{"rendered":"<h3>Amos Creative WordPress Theme Caracteristicas<\/h3>\n<p>El tema creativo de WordPress de Amos es un tema altamente din\u00e1mico y extremadamente vers\u00e1til que ofrece asistencia incomparable en la creaci\u00f3n de sitios web visualmente impresionantes con la m\u00e1xima facilidad. Con un dise\u00f1o elegante y contempor\u00e1neo, este tema sirve como la plataforma ideal para mostrar efectivamente su cartera, blog o esfuerzos comerciales. Equipado con una multitud de caracter\u00edsticas personalizables, incluida una variedad de esquemas de color exquisitos, selecciones de fuente y opciones de dise\u00f1o, este tema le brinda la oportunidad de adaptar su sitio web para reflejar su sentido \u00fanico de estilo. Adem\u00e1s, la inclusi\u00f3n de una conveniente funci\u00f3n de creador de p\u00e1ginas de arrastrar y soltar garantiza un proceso sin esfuerzo cuando se trata de agregar y organizar su contenido. Asegurando la adaptabilidad en todos los dispositivos, este tema es totalmente receptivo, lo que garantiza una apariencia impecable en cualquier pantalla. Independientemente de si se identifica como un freelancer, emprendedor o agencia creativa, el tema creativo de WordPress de Amos es una elecci\u00f3n excepcional para la construcci\u00f3n de una presencia en l\u00ednea profesional y notablemente cautivadora.<\/p>\n<ul>\n<li>Dise\u00f1o moderno y minimalista para mostrar su creatividad<\/li>\n<li>Dise\u00f1o totalmente receptivo, compatible con todos los dispositivos y tama\u00f1os de pantalla<\/li>\n<li>Constructor de p\u00e1gina de arrastrar y soltar integrado para una f\u00e1cil personalizaci\u00f3n y creaci\u00f3n de dise\u00f1o<\/li>\n<li>Incluye m\u00faltiples plantillas predise\u00f1adas para cartera, blog y p\u00e1ginas de comercio electr\u00f3nico<\/li>\n<li>Panel de opciones de tema avanzado para control completo sobre todos los elementos de dise\u00f1o<\/li>\n<li>Optimizaci\u00f3n de SEO y compatibilidad con el navegador cruzado para la m\u00e1xima exposici\u00f3n y visibilidad<\/li>\n<li>Documentaci\u00f3n extensa y atenci\u00f3n al cliente para cualquier pregunta o problema que pueda surgir<\/li>\n<li>Actualizaciones regulares y mejoras de caracter\u00edsticas para garantizar que su sitio web se mantenga actualizado y de vanguardia<\/li>\n<\/ul>\n","protected":false},"excerpt":{"rendered":"<p>Explore el mundo de las infinitas posibilidades con el tema creativo de WordPress de Amos. Dise\u00f1ado con el usuario moderno en mente, este tema ofrece una soluci\u00f3n integral y flexible para todas las necesidades de su sitio web. El tema de AMOS es receptivo y retina listo, asegurando que su sitio se vea n\u00edtido y funciona sin problemas en cualquier dispositivo. Con opciones totalmente personalizables, puede adaptar f\u00e1cilmente su sitio a su estilo y preferencias \u00fanicas.<\/p>\n<p>Incorpore im\u00e1genes impresionantes con los gr\u00e1ficos de alta resoluci\u00f3n del tema, o aproveche el dise\u00f1o de la cuadr\u00edcula para un aspecto elegante y organizado. Este tema tambi\u00e9n es amigable con SEO, ayudando a su sitio a clasificarse m\u00e1s en los resultados de los motores de b\u00fasqueda y atraer a m\u00e1s visitantes.<\/p>\n<p>El tema de WordPress creativo de Amos ofrece funcionalidad extendida con su compatibilidad de complementos. Desde complementos de comercio electr\u00f3nico como WooCommerce hasta enlaces de redes sociales y formularios de contacto, este tema le proporciona las herramientas para crear un sitio robusto y atractivo.<\/p>\n<p>Adem\u00e1s, viene con documentaci\u00f3n detallada y soporte dedicado para ayudarlo en cada paso del camino. Si eres un novato o un desarrollador experimentado, el<\/p>\n","protected":false},"featured_media":165358,"comment_status":"open","ping_status":"open","template":"","meta":[],"product_brand":[2337],"product_cat":[1267,1237,1238],"product_tag":[1391],"class_list":{"0":"post-113359","1":"product","2":"type-product","3":"status-publish","4":"has-post-thumbnail","6":"product_brand-themeforest","7":"product_cat-creativo","8":"product_cat-temas","9":"product_cat-wordpress-temas","10":"product_tag-themeforest","11":"member-discount","12":"discount-restricted","14":"first","15":"instock","16":"sale","17":"downloadable","18":"virtual","19":"sold-individually","20":"purchasable","21":"product-type-simple"},"_links":{"self":[{"href":"https:\/\/gpl-love.com\/es\/wp-json\/wp\/v2\/product\/113359","targetHints":{"allow":["GET"]}}],"collection":[{"href":"https:\/\/gpl-love.com\/es\/wp-json\/wp\/v2\/product"}],"about":[{"href":"https:\/\/gpl-love.com\/es\/wp-json\/wp\/v2\/types\/product"}],"replies":[{"embeddable":true,"href":"https:\/\/gpl-love.com\/es\/wp-json\/wp\/v2\/comments?post=113359"}],"wp:featuredmedia":[{"embeddable":true,"href":"https:\/\/gpl-love.com\/es\/wp-json\/wp\/v2\/media\/165358"}],"wp:attachment":[{"href":"https:\/\/gpl-love.com\/es\/wp-json\/wp\/v2\/media?parent=113359"}],"wp:term":[{"taxonomy":"product_brand","embeddable":true,"href":"https:\/\/gpl-love.com\/es\/wp-json\/wp\/v2\/product_brand?post=113359"},{"taxonomy":"product_cat","embeddable":true,"href":"https:\/\/gpl-love.com\/es\/wp-json\/wp\/v2\/product_cat?post=113359"},{"taxonomy":"product_tag","embeddable":true,"href":"https:\/\/gpl-love.com\/es\/wp-json\/wp\/v2\/product_tag?post=113359"}],"curies":[{"name":"wp","href":"https:\/\/api.w.org\/{rel}","templated":true}]}}