{"id":113356,"date":"2025-12-23T00:00:00","date_gmt":"2025-12-23T05:00:00","guid":{"rendered":"http:\/\/gpl-love.com\/es\/producto\/estudiar-college-university-wordpress\/"},"modified":"2026-03-13T17:20:33","modified_gmt":"2026-03-13T22:20:33","slug":"estudiar-college-university-wordpress","status":"publish","type":"product","link":"https:\/\/gpl-love.com\/es\/producto\/estudiar-college-university-wordpress\/","title":{"rendered":"Estudiar College University WordPress 34"},"content":{"rendered":"<h3>Estudiar College University WordPress Caracteristicas<\/h3>\n<p>Estudiar College University WordPress es un sistema de gesti\u00f3n de aprendizaje extraordinariamente innovador y notablemente integral que ha sido dise\u00f1ado meticulosamente con la intenci\u00f3n de ayudar tanto a los estudiantes como a los educadores en su b\u00fasqueda de la excelencia acad\u00e9mica. Esta plataforma excepcionalmente f\u00e1cil de usar proporciona una amplia gama de herramientas y caracter\u00edsticas que se han desarrollado intrincadamente para garantizar que la experiencia de aprendizaje no solo sea profundamente atractiva, sino tambi\u00e9n asombrosamente efectiva. A trav\u00e9s de la utilizaci\u00f3n de Estudiar, a los estudiantes se les brinda la invaluable oportunidad de acceder sin esfuerzo a los materiales de sus cursos, enviar obedientemente sus tareas, participar activamente en discusiones estimulantes y colaborar sin problemas con sus estimados compa\u00f1eros de clase, independientemente de su ubicaci\u00f3n geogr\u00e1fica. Del mismo modo, los maestros reciben la capacidad de concebir sin esfuerzo y administrar sus cursos respectivos, calificar diligentemente las tareas que se han presentado diligentemente, y monitorean meticulosamente y eval\u00faan meticulosamente el progreso de cada estudiante individual. Sorprendentemente, esta plataforma fenomenal est\u00e1 impulsada por WordPress, un sistema de gesti\u00f3n de contenido de contenido asombrosamente vers\u00e1til y asombrosamente adaptable, lo que significa que posee la capacidad inherente de estar notablemente personalizado y adaptado asombrosamente para satisfacer magnanimemente las necesidades \u00fanicas y exigentes de cada instituci\u00f3n educativa, Independiente de su tama\u00f1o o alcance. Ya sea que sea un estudiante ansiosamente ambicioso, un maestro h\u00e1bilmente realizado, o un administrador asiduamente atento que busca aumentar a\u00fan m\u00e1s la destreza educativa de su estimada instituci\u00f3n, Estudiar College University WordPress indudablemente representa la soluci\u00f3n definitiva e inalcanzada para participar y embarcarse en el Viaje inmensamente transformador del aprendizaje en l\u00ednea.<\/p>\n<ul>\n<li>Un tema integral de WordPress dise\u00f1ado para sitios web universitarios y universitarios<\/li>\n<li>Proporciona una interfaz f\u00e1cil de usar para una f\u00e1cil personalizaci\u00f3n y administraci\u00f3n del contenido<\/li>\n<li>Incluye plantillas de p\u00e1gina y funcionalidad preconstruidas espec\u00edficas para las instituciones educativas<\/li>\n<li>Cuenta con integraci\u00f3n con complementos populares como LearnDash, BbPress y WooCommerce<\/li>\n<li>Optimizado para la clasificaci\u00f3n del motor de b\u00fasqueda y los tiempos de carga de p\u00e1gina r\u00e1pidos<\/li>\n<li>El dise\u00f1o receptivo garantiza la compatibilidad con todos los dispositivos y tama\u00f1os de pantalla<\/li>\n<li>Permite una f\u00e1cil integraci\u00f3n con plataformas de redes sociales y servicios de marketing por correo electr\u00f3nico<\/li>\n<li>Proporciona actualizaciones y soporte continuos para la vida del producto<\/li>\n<li>Desarrollado por un equipo con amplia experiencia en la creaci\u00f3n de temas de WordPress para instituciones educativas.<\/li>\n<\/ul>\n","protected":false},"excerpt":{"rendered":"<p>Estudiar College University WordPress, un sistema hol\u00edstico de gesti\u00f3n educativa meticulosamente dise\u00f1ado para cumplir con los requisitos espec\u00edficos de colegios y universidades, ofrece una variedad de funcionalidades s\u00f3lidas. Estos abarcan gesti\u00f3n del curso, seguimiento de tareas, gesti\u00f3n de estudiantes y seguimiento de calificaciones, permitiendo a los educadores y estudiantes por igual optimizar sus esfuerzos de ense\u00f1anza y aprendizaje. Lo que distingue a esta plataforma es su utilizaci\u00f3n de la interfaz de WordPress, que no solo facilita la personalizaci\u00f3n sin esfuerzo, sino que tambi\u00e9n garantiza una integraci\u00f3n perfecta con su sitio web. En consecuencia, las instituciones educativas que buscan una presencia virtual est\u00e9ticamente agradable y f\u00e1cil de usar encontrar\u00e1n que el Estudiar College University WordPress es una soluci\u00f3n ideal. Al aprovechar las capacidades de este sistema de vanguardia, puede racionalizar sus operaciones acad\u00e9micas y elevar el viaje educativo de sus alumnos, lo que lleva a mejores resultados de aprendizaje.<\/p>\n","protected":false},"featured_media":166022,"comment_status":"open","ping_status":"open","template":"","meta":[],"product_brand":[2337],"product_cat":[1267,1237,1238],"product_tag":[1391],"class_list":{"0":"post-113356","1":"product","2":"type-product","3":"status-publish","4":"has-post-thumbnail","6":"product_brand-themeforest","7":"product_cat-creativo","8":"product_cat-temas","9":"product_cat-wordpress-temas","10":"product_tag-themeforest","11":"member-discount","12":"discount-restricted","14":"first","15":"instock","16":"sale","17":"downloadable","18":"virtual","19":"sold-individually","20":"purchasable","21":"product-type-simple"},"_links":{"self":[{"href":"https:\/\/gpl-love.com\/es\/wp-json\/wp\/v2\/product\/113356","targetHints":{"allow":["GET"]}}],"collection":[{"href":"https:\/\/gpl-love.com\/es\/wp-json\/wp\/v2\/product"}],"about":[{"href":"https:\/\/gpl-love.com\/es\/wp-json\/wp\/v2\/types\/product"}],"replies":[{"embeddable":true,"href":"https:\/\/gpl-love.com\/es\/wp-json\/wp\/v2\/comments?post=113356"}],"wp:featuredmedia":[{"embeddable":true,"href":"https:\/\/gpl-love.com\/es\/wp-json\/wp\/v2\/media\/166022"}],"wp:attachment":[{"href":"https:\/\/gpl-love.com\/es\/wp-json\/wp\/v2\/media?parent=113356"}],"wp:term":[{"taxonomy":"product_brand","embeddable":true,"href":"https:\/\/gpl-love.com\/es\/wp-json\/wp\/v2\/product_brand?post=113356"},{"taxonomy":"product_cat","embeddable":true,"href":"https:\/\/gpl-love.com\/es\/wp-json\/wp\/v2\/product_cat?post=113356"},{"taxonomy":"product_tag","embeddable":true,"href":"https:\/\/gpl-love.com\/es\/wp-json\/wp\/v2\/product_tag?post=113356"}],"curies":[{"name":"wp","href":"https:\/\/api.w.org\/{rel}","templated":true}]}}