{"id":113352,"date":"2022-03-06T00:00:00","date_gmt":"2022-03-06T05:00:00","guid":{"rendered":"http:\/\/gpl-love.com\/es\/producto\/autozone-automotive-car-dealer-wordpress-theme\/"},"modified":"2026-03-13T17:16:09","modified_gmt":"2026-03-13T22:16:09","slug":"autozone-automotive-car-dealer-wordpress-theme","status":"publish","type":"product","link":"https:\/\/gpl-love.com\/es\/producto\/autozone-automotive-car-dealer-wordpress-theme\/","title":{"rendered":"Autozone Automotive Car Dealer WordPress Theme 6.0.5"},"content":{"rendered":"<h3>Autozone Automotive Car Dealer WordPress Theme Caracteristicas<\/h3>\n<p>El tema del concesionario de autom\u00f3viles automotrices Autozone WordPress es un tema integral y multifuncional que es ideal para concesionarios de autom\u00f3viles y negocios automotrices. Ofrece una gran cantidad de caracter\u00edsticas que le permitir\u00e1n crear un sitio web visualmente atractivo y profesional que muestre efectivamente sus productos y servicios. El tema cuenta con una interfaz intuitiva y f\u00e1cil de usar, lo que significa que no tendr\u00e1 que luchar con procesos o codificaci\u00f3n complicados. Adem\u00e1s, es totalmente receptivo, lo que significa que se adaptar\u00e1 perfectamente a cualquier tama\u00f1o o dispositivo de pantalla, asegurando una experiencia de navegaci\u00f3n \u00f3ptima para sus visitantes.<\/p>\n<p>Una de las caracter\u00edsticas m\u00e1s destacadas de AutoZone es su capacidad de ser personalizado para adaptarse a los colores y el estilo \u00fanicos de su marca. Esto significa que puede crear un sitio web que refleje la identidad de su marca y se destaque de la competencia. Adem\u00e1s de sus opciones de personalizaci\u00f3n est\u00e9tica, Autozone tambi\u00e9n ofrece una gama de caracter\u00edsticas pr\u00e1cticas y funcionales que optimizar\u00e1n sus operaciones comerciales. Por ejemplo, viene con un poderoso sistema de gesti\u00f3n de inventario que le permite realizar un seguimiento f\u00e1cilmente de sus veh\u00edculos disponibles y sus especificaciones. Esto asegurar\u00e1 que siempre tenga una representaci\u00f3n actualizada y precisa de su inventario en su sitio web.<\/p>\n<p>Otra caracter\u00edstica invaluable de AutoZone es su funcionalidad de b\u00fasqueda de veh\u00edculos. Esta caracter\u00edstica permite a sus clientes potenciales filtrar y buscar veh\u00edculos espec\u00edficos en funci\u00f3n de sus preferencias, lo que les facilita encontrar su autom\u00f3vil ideal. Adem\u00e1s, el tema tambi\u00e9n incluye sistemas de reserva y cita que simplifican el proceso de programaci\u00f3n de unidades de pruebas o citas de servicio. Esto no solo mejora la satisfacci\u00f3n del cliente, sino que tambi\u00e9n le ahorra tiempo y esfuerzo, ya que automatiza el proceso de gesti\u00f3n de citas.<\/p>\n<p>Adem\u00e1s, Autozone est\u00e1 optimizado para los motores de b\u00fasqueda, lo que significa que su sitio web tendr\u00e1 m\u00e1s posibilidades de clasificar bien en las p\u00e1ginas de resultados del motor de b\u00fasqueda. Esto es crucial para aumentar la visibilidad y atraer m\u00e1s tr\u00e1fico org\u00e1nico a su sitio web. Al utilizar las funciones de optimizaci\u00f3n de SEO incorporadas de AutoZone, puede mejorar la clasificaci\u00f3n de los motores de b\u00fasqueda de su sitio web y, en \u00faltima instancia, conducir m\u00e1s clientes potenciales al concesionario de su autom\u00f3vil.<\/p>\n<p>En conclusi\u00f3n, el tema del concesionario de autom\u00f3viles automotrices Autozone WordPress es una herramienta poderosa y vers\u00e1til que puede revolucionar su negocio automotriz. Su extensa lista de caracter\u00edsticas, opciones de personalizaci\u00f3n y capacidades de optimizaci\u00f3n de motores de b\u00fasqueda lo convierten en la opci\u00f3n ideal para cualquier concesionario de autom\u00f3viles o negocio automotriz que busque establecer una fuerte presencia en l\u00ednea. Con AutoZone, puede administrar eficientemente sus operaciones comerciales y atraer una base de clientes m\u00e1s amplia, lo que finalmente impulsa m\u00e1s ventas y \u00e9xito para su concesionario.<\/p>\n<ul>\n<li>-Autozone es un tema de WordPress totalmente receptivo adecuado para todos los concesionarios de autom\u00f3viles<\/li>\n<li>-Autozone viene con un sistema de gesti\u00f3n de inventario avanzado con opciones de b\u00fasqueda, filtro y comparaci\u00f3n<\/li>\n<li>-Autozone le permite exhibir sus autos con hermosas fotograf\u00edas y descripciones detalladas<\/li>\n<li>-Autozone presenta un m\u00f3dulo de programaci\u00f3n de citas totalmente integrado para reservas de clientes f\u00e1ciles<\/li>\n<li>-Autozone incluye opciones avanzadas de financiamiento de veh\u00edculos para la conveniencia del cliente<\/li>\n<li>-Autozone incluye poderosas herramientas de SEO para ayudar a que su concesionario se note en l\u00ednea<\/li>\n<li>-Autozone viene con documentaci\u00f3n integral y tutoriales de video para una f\u00e1cil configuraci\u00f3n y personalizaci\u00f3n<\/li>\n<li>-Autozone est\u00e1 respaldado por un servicio de atenci\u00f3n al cliente confiable de los desarrolladores de temas<\/li>\n<li>-Autozone es totalmente personalizable para satisfacer sus necesidades \u00fanicas de marca y concesi\u00f3n<\/li>\n<li>-Autozone se actualiza constantemente con nuevas caracter\u00edsticas y mejoras.<\/li>\n<\/ul>\n","protected":false},"excerpt":{"rendered":"<p>Experimente la potencia y la funcionalidad de AutoZone: un tema de WordPress de concesionario automotriz de WordPress especialmente dise\u00f1ado para empresas de concesionarios de autom\u00f3viles. Con Autozone, puede exhibir el inventario de su autom\u00f3vil de manera profesional y atractiva. El motor de b\u00fasqueda avanzado permitir\u00e1 a sus clientes encontrar f\u00e1cilmente el auto de sus sue\u00f1os en funci\u00f3n de sus preferencias.<\/p>\n<p>El tema viene con un dise\u00f1o totalmente receptivo que se ve impresionante en cualquier dispositivo. El dise\u00f1o moderno y limpio ciertamente impresionar\u00e1 a sus visitantes y clientes potenciales. La pantalla Retina Ready garantiza im\u00e1genes n\u00edtidas y vibrantes, mejorando la experiencia de visualizaci\u00f3n de sus usuarios.<\/p>\n<p>Adem\u00e1s, Autozone est\u00e1 construido con SEO en mente para ayudarlo a clasificar m\u00e1s alto en los resultados de los motores de b\u00fasqueda. Cuenta con un constructor de p\u00e1ginas de arrastrar y soltar, lo que le facilita personalizar su sitio web para satisfacer sus necesidades y estilo comercial. El tema tambi\u00e9n incluye una variedad de complementos premium sin costo adicional, lo que aumenta la funcionalidad de su sitio.<\/p>\n<p>La importaci\u00f3n de demostraci\u00f3n de un solo clic le permite configurar su sitio web en poco tiempo. Adem\u00e1s, con actualizaciones continuas y soporte dedicado, puede<\/p>\n","protected":false},"featured_media":165440,"comment_status":"open","ping_status":"open","template":"","meta":[],"product_brand":[2337],"product_cat":[1307,1237,1238],"product_tag":[1391],"class_list":{"0":"post-113352","1":"product","2":"type-product","3":"status-publish","4":"has-post-thumbnail","6":"product_brand-themeforest","7":"product_cat-negocio-wordpress-temas","8":"product_cat-temas","9":"product_cat-wordpress-temas","10":"product_tag-themeforest","11":"member-discount","12":"discount-restricted","14":"first","15":"instock","16":"sale","17":"downloadable","18":"virtual","19":"sold-individually","20":"purchasable","21":"product-type-simple"},"_links":{"self":[{"href":"https:\/\/gpl-love.com\/es\/wp-json\/wp\/v2\/product\/113352","targetHints":{"allow":["GET"]}}],"collection":[{"href":"https:\/\/gpl-love.com\/es\/wp-json\/wp\/v2\/product"}],"about":[{"href":"https:\/\/gpl-love.com\/es\/wp-json\/wp\/v2\/types\/product"}],"replies":[{"embeddable":true,"href":"https:\/\/gpl-love.com\/es\/wp-json\/wp\/v2\/comments?post=113352"}],"wp:featuredmedia":[{"embeddable":true,"href":"https:\/\/gpl-love.com\/es\/wp-json\/wp\/v2\/media\/165440"}],"wp:attachment":[{"href":"https:\/\/gpl-love.com\/es\/wp-json\/wp\/v2\/media?parent=113352"}],"wp:term":[{"taxonomy":"product_brand","embeddable":true,"href":"https:\/\/gpl-love.com\/es\/wp-json\/wp\/v2\/product_brand?post=113352"},{"taxonomy":"product_cat","embeddable":true,"href":"https:\/\/gpl-love.com\/es\/wp-json\/wp\/v2\/product_cat?post=113352"},{"taxonomy":"product_tag","embeddable":true,"href":"https:\/\/gpl-love.com\/es\/wp-json\/wp\/v2\/product_tag?post=113352"}],"curies":[{"name":"wp","href":"https:\/\/api.w.org\/{rel}","templated":true}]}}