{"id":113337,"date":"2021-05-12T00:00:00","date_gmt":"2021-05-12T05:00:00","guid":{"rendered":"http:\/\/gpl-love.com\/es\/producto\/borlabs-cache-wordpress-caching-plugin\/"},"modified":"2026-03-09T07:21:55","modified_gmt":"2026-03-09T12:21:55","slug":"borlabs-cache-wordpress-caching-plugin","status":"publish","type":"product","link":"https:\/\/gpl-love.com\/es\/producto\/borlabs-cache-wordpress-caching-plugin\/","title":{"rendered":"Borlabs Cache 1.6.3"},"content":{"rendered":"<h3>Borlabs Cache Caracteristicas<\/h3>\n<p>Borlabs Cache, un complemento de almacenamiento en cach\u00e9 de WordPress altamente eficiente y f\u00e1cil de usar, sirve como una herramienta valiosa para mejorar la velocidad y el rendimiento de su sitio web. Al almacenar autom\u00e1ticamente las p\u00e1ginas y las publicaciones de su sitio web, reduce efectivamente el volumen de consultas de bases de datos y solicitudes HTTP dirigidas hacia su servidor web. En consecuencia, esto conduce a tiempos de carga de p\u00e1gina acelerados y a una experiencia de usuario mejorada para sus estimados visitantes. Adem\u00e1s, este notable complemento abarca una gran cantidad de opciones personalizables, lo que le permite adaptar los tiempos de vencimiento de la cach\u00e9, excluir p\u00e1ginas o publicaciones espec\u00edficas del almacenamiento en cach\u00e9, y mucho m\u00e1s. En resumen, Borlabs Cache surge como una soluci\u00f3n de almacenamiento en cach\u00e9 \u00f3ptima para los propietarios de sitios web de WordPress que se esfuerzan por optimizar la velocidad y la eficacia de su plataforma en l\u00ednea.<\/p>\n<ul>\n<li>Tiempos de carga del sitio web de Lightning-Fast debido al almacenamiento en cach\u00e9 de p\u00e1gina optimizado<\/li>\n<li>Uso de carga de servidor reducido y ancho de banda<\/li>\n<li>Experiencia de usuario mejorada y rango de p\u00e1gina en Google debido a los tiempos de carga m\u00e1s r\u00e1pidos<\/li>\n<li>Instalaci\u00f3n y configuraci\u00f3n f\u00e1ciles sin ning\u00fan conocimiento de codificaci\u00f3n requerido<\/li>\n<li>Aflustaci\u00f3n autom\u00e1tica de cach\u00e9 para contenido nuevo y editado para garantizar p\u00e1ginas actualizadas<\/li>\n<li>Configuraciones altamente personalizables para satisfacer las necesidades de los sitios web individuales y su tr\u00e1fico<\/li>\n<li>Caracter\u00edstica avanzada del almacenamiento en cach\u00e9 de p\u00e1ginas, URL o agentes de usuarios para una optimizaci\u00f3n a\u00fan m\u00e1s personalizada<\/li>\n<li>Compatibilidad con varios temas y complementos de WordPress<\/li>\n<li>Actualizaciones regulares y correcciones de errores para un rendimiento y seguridad \u00f3ptimos<\/li>\n<li>Atenci\u00f3n al cliente dedicada para cualquier consulta o problema<\/li>\n<\/ul>\n","protected":false},"excerpt":{"rendered":"<p>Experimente una experiencia de navegaci\u00f3n m\u00e1s r\u00e1pida y eficiente con Borlabs Cache, un poderoso complemento de almacenamiento en cach\u00e9 de WordPress. Nuestra tecnolog\u00eda de vanguardia no solo mejora el rendimiento de su sitio web, sino que tambi\u00e9n reduce significativamente la carga del servidor, asegurando una experiencia de usuario m\u00e1s suave y receptiva. Con el cach\u00e9 de Borlabs, disfrutar\u00e1 de la carga de p\u00e1ginas de alta velocidad, lo que lleva a una mejor clasificaci\u00f3n de motores de b\u00fasqueda y una mayor satisfacci\u00f3n del cliente. Este complemento es f\u00e1cil de usar y f\u00e1cil de configurar, sin necesidad de habilidades t\u00e9cnicas. Tambi\u00e9n ofrece una variedad de caracter\u00edsticas avanzadas, que incluyen compensaci\u00f3n automatizada de cach\u00e9 y precarga, optimizaci\u00f3n de JavaScript y CSS, y m\u00e1s. Perfecto para empresas de todos los tama\u00f1os, Borlabs Cache ofrece una soluci\u00f3n simple para mejorar el rendimiento de su sitio web y aumentar su presencia en l\u00ednea.<\/p>\n","protected":false},"featured_media":165543,"comment_status":"open","ping_status":"open","template":"","meta":[],"product_brand":[2382],"product_cat":[1206,1579,1211],"product_tag":[2128],"class_list":{"0":"post-113337","1":"product","2":"type-product","3":"status-publish","4":"has-post-thumbnail","6":"product_brand-borlabs","7":"product_cat-plugins","8":"product_cat-rendimiento","9":"product_cat-wordpress-plugins","10":"product_tag-borlabs","11":"member-discount","12":"discount-restricted","14":"first","15":"instock","16":"sale","17":"downloadable","18":"virtual","19":"sold-individually","20":"purchasable","21":"product-type-simple"},"_links":{"self":[{"href":"https:\/\/gpl-love.com\/es\/wp-json\/wp\/v2\/product\/113337","targetHints":{"allow":["GET"]}}],"collection":[{"href":"https:\/\/gpl-love.com\/es\/wp-json\/wp\/v2\/product"}],"about":[{"href":"https:\/\/gpl-love.com\/es\/wp-json\/wp\/v2\/types\/product"}],"replies":[{"embeddable":true,"href":"https:\/\/gpl-love.com\/es\/wp-json\/wp\/v2\/comments?post=113337"}],"wp:featuredmedia":[{"embeddable":true,"href":"https:\/\/gpl-love.com\/es\/wp-json\/wp\/v2\/media\/165543"}],"wp:attachment":[{"href":"https:\/\/gpl-love.com\/es\/wp-json\/wp\/v2\/media?parent=113337"}],"wp:term":[{"taxonomy":"product_brand","embeddable":true,"href":"https:\/\/gpl-love.com\/es\/wp-json\/wp\/v2\/product_brand?post=113337"},{"taxonomy":"product_cat","embeddable":true,"href":"https:\/\/gpl-love.com\/es\/wp-json\/wp\/v2\/product_cat?post=113337"},{"taxonomy":"product_tag","embeddable":true,"href":"https:\/\/gpl-love.com\/es\/wp-json\/wp\/v2\/product_tag?post=113337"}],"curies":[{"name":"wp","href":"https:\/\/api.w.org\/{rel}","templated":true}]}}