{"id":113335,"date":"2025-09-01T00:00:00","date_gmt":"2025-09-01T05:00:00","guid":{"rendered":"http:\/\/gpl-love.com\/es\/producto\/asting-charity-y-donation-wordpress-theme\/"},"modified":"2026-03-13T17:15:59","modified_gmt":"2026-03-13T22:15:59","slug":"asting-charity-y-donation-wordpress-theme","status":"publish","type":"product","link":"https:\/\/gpl-love.com\/es\/producto\/asting-charity-y-donation-wordpress-theme\/","title":{"rendered":"Asting Charity y Donation WordPress Theme 1.2.7"},"content":{"rendered":"<h3>Asting Charity y Donation WordPress Theme Caracteristicas<\/h3>\n<p>El tema de WordPress de la caridad y donaci\u00f3n de Asting es un tema muy potente y de vanguardia meticulosamente elaborado para organizaciones sin fines de lucro, fundaciones de caridad y campa\u00f1as de donaci\u00f3n. Este notable tema presenta una interfaz directa y f\u00e1cil de usar, capacitando a los usuarios para fabricar formas de donaci\u00f3n sin esfuerzo, organizar eventos y mostrar sus esfuerzos benevolentes. Adem\u00e1s, cuenta con una capacidad de respuesta y compatibilidad completa en todos los dispositivos, asegurando un atractivo visual impecable en tama\u00f1os de pantalla variados. En particular, este tema est\u00e1 enriquecido con una gran cantidad de opciones personalizables que permiten una adaptaci\u00f3n perfecta de la est\u00e9tica de su sitio web para alinearse impecablemente con la marca \u00fanica de su organizaci\u00f3n. Sin lugar a dudas, el tema de WordPress de la caridad y la donaci\u00f3n de Asting se considera la soluci\u00f3n definitiva para las personas que buscan amplificar la conciencia, impulsar su causa hacia adelante y solicitar efectivamente donaciones para sus compromisas filantr\u00f3picas encomiables.<\/p>\n<ul>\n<li>Dise\u00f1o hermoso y moderno con opciones totalmente personalizables<\/li>\n<li>Sistema de donaci\u00f3n incorporado que facilita a los visitantes donar a su causa<\/li>\n<li>Sistema de gesti\u00f3n de eventos que le permite promover los pr\u00f3ximos eventos y recaudadores de fondos<\/li>\n<li>Compatible con complementos populares de WordPress como WooCommerce y el Formulario de contacto 7<\/li>\n<li>Botones integrados de intercambio de redes sociales para una mayor visibilidad y compromiso<\/li>\n<li>Dise\u00f1o totalmente receptivo que se ve muy bien en todos los dispositivos<\/li>\n<li>M\u00faltiples variaciones de la p\u00e1gina de inicio para elegir<\/li>\n<li>Constructor de p\u00e1gina f\u00e1cil de usar para la personalizaci\u00f3n de arrastrar y soltar<\/li>\n<li>Listo para la traducci\u00f3n y admite varios idiomas<\/li>\n<li>Construido con la optimizaci\u00f3n de motores de b\u00fasqueda en mente para ayudar a su sitio a clasificar m\u00e1s alto en los resultados de b\u00fasqueda.<\/li>\n<\/ul>\n","protected":false},"excerpt":{"rendered":"<p>Nuestro tema de WordPress de caridad y donaci\u00f3n de Asting es una herramienta din\u00e1mica y compasiva dise\u00f1ada para cualquier organizaci\u00f3n sin fines de lucro, caridad o recaudaci\u00f3n de fondos. Ofrece una interfaz f\u00e1cil de usar con caracter\u00edsticas robustas para ayudarlo a crear una presencia en l\u00ednea profesional y atractiva. El tema presenta un sistema de donaci\u00f3n, que permite a los visitantes hacer contribuciones directamente en su sitio. Est\u00e1 alimentado por la plataforma de WordPress m\u00e1s confiable, asegurando una navegaci\u00f3n sin problemas y un rendimiento \u00f3ptimo. El tema Asting viene con una variedad de plantillas personalizables para adaptarse a la marca y la misi\u00f3n de su organizaci\u00f3n. Tiene soporte para varias pasarelas de pago, permitiendo transacciones seguras y un f\u00e1cil procesamiento. La naturaleza del tema amigable con el SEO garantiza una mayor visibilidad en los motores de b\u00fasqueda, conduciendo m\u00e1s tr\u00e1fico a su sitio. Con su dise\u00f1o receptivo, el tema ofrece una experiencia de navegaci\u00f3n perfecta en todos los dispositivos. Comience a usar el tema de WordPress de caridad y donaci\u00f3n de Asting hoy, y lleve su organizaci\u00f3n de caridad a mayores alturas.<\/p>\n","protected":false},"featured_media":165402,"comment_status":"open","ping_status":"open","template":"","meta":[],"product_brand":[2337],"product_cat":[1267,1237,1238],"product_tag":[1391],"class_list":{"0":"post-113335","1":"product","2":"type-product","3":"status-publish","4":"has-post-thumbnail","6":"product_brand-themeforest","7":"product_cat-creativo","8":"product_cat-temas","9":"product_cat-wordpress-temas","10":"product_tag-themeforest","11":"member-discount","12":"discount-restricted","14":"first","15":"instock","16":"sale","17":"downloadable","18":"virtual","19":"sold-individually","20":"purchasable","21":"product-type-simple"},"_links":{"self":[{"href":"https:\/\/gpl-love.com\/es\/wp-json\/wp\/v2\/product\/113335","targetHints":{"allow":["GET"]}}],"collection":[{"href":"https:\/\/gpl-love.com\/es\/wp-json\/wp\/v2\/product"}],"about":[{"href":"https:\/\/gpl-love.com\/es\/wp-json\/wp\/v2\/types\/product"}],"replies":[{"embeddable":true,"href":"https:\/\/gpl-love.com\/es\/wp-json\/wp\/v2\/comments?post=113335"}],"wp:featuredmedia":[{"embeddable":true,"href":"https:\/\/gpl-love.com\/es\/wp-json\/wp\/v2\/media\/165402"}],"wp:attachment":[{"href":"https:\/\/gpl-love.com\/es\/wp-json\/wp\/v2\/media?parent=113335"}],"wp:term":[{"taxonomy":"product_brand","embeddable":true,"href":"https:\/\/gpl-love.com\/es\/wp-json\/wp\/v2\/product_brand?post=113335"},{"taxonomy":"product_cat","embeddable":true,"href":"https:\/\/gpl-love.com\/es\/wp-json\/wp\/v2\/product_cat?post=113335"},{"taxonomy":"product_tag","embeddable":true,"href":"https:\/\/gpl-love.com\/es\/wp-json\/wp\/v2\/product_tag?post=113335"}],"curies":[{"name":"wp","href":"https:\/\/api.w.org\/{rel}","templated":true}]}}