{"id":113333,"date":"2025-09-11T00:00:00","date_gmt":"2025-09-11T05:00:00","guid":{"rendered":"http:\/\/gpl-love.com\/es\/producto\/howdy-multipurpose-wordpress-theme\/"},"modified":"2026-03-13T17:22:21","modified_gmt":"2026-03-13T22:22:21","slug":"howdy-multipurpose-wordpress-theme","status":"publish","type":"product","link":"https:\/\/gpl-love.com\/es\/producto\/howdy-multipurpose-wordpress-theme\/","title":{"rendered":"Howdy Multipurpose WordPress Theme 1.1.8"},"content":{"rendered":"<h3>Howdy Multipurpose WordPress Theme Caracteristicas<\/h3>\n<p>El tema de WordPress multiprop\u00f3sito de Howdy, con su naturaleza poderosa y vers\u00e1til, demuestra ser una opci\u00f3n ideal para las personas que buscan desarrollar una amplia gama de sitios web, desde blogs hasta sitios comerciales. Su dise\u00f1o impecablemente limpio y moderno se complementa con una gran cantidad de opciones de personalizaci\u00f3n, que atiende a la necesidad de un sitio web distinto que se alinee perfectamente con la marca y el estilo personal. Adem\u00e1s, este tema cuenta con una naturaleza altamente receptiva, asegurando la visualizaci\u00f3n \u00f3ptima de su sitio web en varios dispositivos. Adem\u00e1s de estos atributos notables, el tema de WordPress multiprop\u00f3sito de Howdy est\u00e1 lleno de una gran cantidad de caracter\u00edsticas y funcionalidad, que abarca una variedad de demostraciones preconstruidas, m\u00faltiples opciones de encabezado y pie constructor. En consecuencia, si su intenci\u00f3n es establecer un blog personal, profundizar en el reino del comercio electr\u00f3nico o mostrar su cartera creativa, el tema de WordPress multiprop\u00f3sito de Howdy surge como una opci\u00f3n incre\u00edblemente vers\u00e1til y confiable.<\/p>\n<ul>\n<li>Tema multiprop\u00f3sito adecuado para una amplia gama de sitios web, desde blogs hasta sitios comerciales<\/li>\n<li>Dise\u00f1o moderno y limpio personalizable con muchas opciones de color diferentes<\/li>\n<li>El dise\u00f1o de respuesta m\u00f3vil asegura que su sitio se vea muy bien en cualquier dispositivo<\/li>\n<li>El panel de opciones de tema avanzado le permite personalizar f\u00e1cilmente el dise\u00f1o y la funcionalidad de su sitio<\/li>\n<li>Listo para la traducci\u00f3n, para que su sitio se pueda traducir f\u00e1cilmente a cualquier idioma<\/li>\n<li>Integraci\u00f3n con complementos populares como WooCommerce y el Formulario de contacto 7 para una funcionalidad adicional<\/li>\n<li>Numerosas demostraciones predise\u00f1adas para elegir, lo que facilita comenzar con el dise\u00f1o de su sitio web<\/li>\n<li>La herramienta de constructor de p\u00e1ginas f\u00e1cil de usar le permite crear dise\u00f1os y dise\u00f1os \u00fanicos sin codificar<\/li>\n<li>El c\u00f3digo r\u00e1pido y liviano garantiza las cargas de su sitio de manera r\u00e1pida y eficiente para una gran experiencia de usuario<\/li>\n<li>Equipo de apoyo dedicado y \u00fatil disponible para ayudar con cualquier pregunta o problema que pueda tener.<\/li>\n<\/ul>\n","protected":false},"excerpt":{"rendered":"<p>El tema de WordPress de Howdy MultipUrpose, reconocido por sus capacidades de versatilidad y personalizaci\u00f3n, surge como una opci\u00f3n excepcional y adaptable adecuada para una amplia gama de sitios web. Ofreciendo una gran cantidad de opciones de dise\u00f1o y una colecci\u00f3n de plantillas meticulosamente elaboradas, este tema facilita sin esfuerzo la creaci\u00f3n de un sitio web distintivo y premium adaptado a su marca o marca personal espec\u00edfica. Adem\u00e1s, su inclusi\u00f3n de la optimizaci\u00f3n de SEO incorporada y la capacidad de respuesta a diversos dispositivos garantiza una experiencia de visualizaci\u00f3n perfecta y optimizada. Aumente y eleve su presencia en l\u00ednea a nuevas alturas adoptando el poder transformador del tema de WordPress de Howdy Multipurpose.<\/p>\n","protected":false},"featured_media":166436,"comment_status":"open","ping_status":"open","template":"","meta":[],"product_brand":[2337],"product_cat":[1239,1237,1238],"product_tag":[1391],"class_list":{"0":"post-113333","1":"product","2":"type-product","3":"status-publish","4":"has-post-thumbnail","6":"product_brand-themeforest","7":"product_cat-de-multiples-fines","8":"product_cat-temas","9":"product_cat-wordpress-temas","10":"product_tag-themeforest","11":"member-discount","12":"discount-restricted","14":"first","15":"instock","16":"sale","17":"downloadable","18":"virtual","19":"sold-individually","20":"purchasable","21":"product-type-simple"},"_links":{"self":[{"href":"https:\/\/gpl-love.com\/es\/wp-json\/wp\/v2\/product\/113333","targetHints":{"allow":["GET"]}}],"collection":[{"href":"https:\/\/gpl-love.com\/es\/wp-json\/wp\/v2\/product"}],"about":[{"href":"https:\/\/gpl-love.com\/es\/wp-json\/wp\/v2\/types\/product"}],"replies":[{"embeddable":true,"href":"https:\/\/gpl-love.com\/es\/wp-json\/wp\/v2\/comments?post=113333"}],"wp:featuredmedia":[{"embeddable":true,"href":"https:\/\/gpl-love.com\/es\/wp-json\/wp\/v2\/media\/166436"}],"wp:attachment":[{"href":"https:\/\/gpl-love.com\/es\/wp-json\/wp\/v2\/media?parent=113333"}],"wp:term":[{"taxonomy":"product_brand","embeddable":true,"href":"https:\/\/gpl-love.com\/es\/wp-json\/wp\/v2\/product_brand?post=113333"},{"taxonomy":"product_cat","embeddable":true,"href":"https:\/\/gpl-love.com\/es\/wp-json\/wp\/v2\/product_cat?post=113333"},{"taxonomy":"product_tag","embeddable":true,"href":"https:\/\/gpl-love.com\/es\/wp-json\/wp\/v2\/product_tag?post=113333"}],"curies":[{"name":"wp","href":"https:\/\/api.w.org\/{rel}","templated":true}]}}