{"id":113331,"date":"2021-05-11T00:00:00","date_gmt":"2021-05-11T05:00:00","guid":{"rendered":"http:\/\/gpl-love.com\/es\/producto\/sitemap-plus-wordpress-plugin\/"},"modified":"2026-04-10T11:24:53","modified_gmt":"2026-04-10T16:24:53","slug":"sitemap-plus-wordpress-plugin","status":"publish","type":"product","link":"https:\/\/gpl-love.com\/es\/producto\/sitemap-plus-wordpress-plugin\/","title":{"rendered":"Sitemap Plus WordPress Plugin 3.2.4"},"content":{"rendered":"<h3>Sitemap Plus WordPress Plugin Caracteristicas<\/h3>\n<p>El complemento Sitemap Plus WordPress, una herramienta altamente indispensable, satisface las necesidades de los propietarios de sitios web que est\u00e1n interesados \u200b\u200ben aumentar el SEO de su sitio web. Este complemento notable sirve para generar sitios XML, que juegan un papel fundamental en la facilitaci\u00f3n de la capacidad de los motores de b\u00fasqueda para rastrear e indexar de manera efectiva las diversas p\u00e1ginas que constituyen su sitio web. Estos sitios de sitios meticulosamente elaborados, cortes\u00eda de este complemento, incorporan toda la informaci\u00f3n necesaria que los motores de b\u00fasqueda anhelan comprender la intrincada arquitectura y el contenido rico de su sitio. Adem\u00e1s, el proceso de instalaci\u00f3n y configuraci\u00f3n de este complemento es muy f\u00e1cil, asegurando un uso sin esfuerzo. En particular, actualiza sin problemas su mapa del sitio cada vez que agrega o elimina p\u00e1ginas. Aprovechar el poder del complemento Sitemap m\u00e1s WordPress mejora significativamente la descubribilidad de su sitio web mediante los motores de b\u00fasqueda, aumentando as\u00ed el tr\u00e1fico entrante y asegurando las clasificaciones envidiables de los motores de b\u00fasqueda.<\/p>\n<ul>\n<li>Genere y personalice f\u00e1cilmente los Sitemaps para su sitio web de WordPress<\/li>\n<li>Obtenga m\u00e1s control sobre c\u00f3mo su sitio web est\u00e1 rastreado por los motores de b\u00fasqueda<\/li>\n<li>Priorizar p\u00e1ginas y contenido para una mejor optimizaci\u00f3n de SEO<\/li>\n<li>Cree Sitemaps XML para una mejor indexaci\u00f3n de Google y otros motores de b\u00fasqueda<\/li>\n<li>Actualice autom\u00e1ticamente Sitemaps a medida que agrega contenido nuevo a su sitio web<\/li>\n<li>Ahorre tiempo y esfuerzo dejando que el complemento maneje la creaci\u00f3n y actualizaciones de la mapa del sitio<\/li>\n<li>Compatible con todos los principales temas y complementos de WordPress<\/li>\n<li>Documentaci\u00f3n detallada y soporte para ayudarlo a comenzar y solucionar cualquier problema.<\/li>\n<\/ul>\n","protected":false},"excerpt":{"rendered":"<p>El complemento Sitemap Plus WordPress sirve como una herramienta ingeniosa que tiene como objetivo agilizar el proceso de generaci\u00f3n de sitios sitios web. Al utilizar este complemento, los usuarios est\u00e1n facultados para producir sin esfuerzo y ampliamente los sitios XML y HTML para su sitio de WordPress, todo con un solo pu\u00f1ado de clics. El resultado final es un mapa del sitio visualmente atractivo que posee la capacidad de mejorar la comprensi\u00f3n y exploraci\u00f3n de su sitio web mediante los motores de b\u00fasqueda, lo que arroja resultados m\u00e1s favorables en t\u00e9rminos de SEO. Adem\u00e1s, este complemento cuenta con una interfaz intuitiva y f\u00e1cil de usar, lo que lo hace accesible y adaptable para personas de todos los niveles de competencia, ya sean novatos o veteranos.<\/p>\n","protected":false},"featured_media":167495,"comment_status":"open","ping_status":"open","template":"","meta":[],"product_brand":[2339],"product_cat":[1212,1206,1211],"product_tag":[1256],"class_list":{"0":"post-113331","1":"product","2":"type-product","3":"status-publish","4":"has-post-thumbnail","6":"product_brand-codecanyon","7":"product_cat-administracion-wordpress-plugins","8":"product_cat-plugins","9":"product_cat-wordpress-plugins","10":"product_tag-codecanyon","11":"member-discount","12":"discount-restricted","14":"first","15":"instock","16":"sale","17":"downloadable","18":"virtual","19":"sold-individually","20":"purchasable","21":"product-type-simple"},"_links":{"self":[{"href":"https:\/\/gpl-love.com\/es\/wp-json\/wp\/v2\/product\/113331","targetHints":{"allow":["GET"]}}],"collection":[{"href":"https:\/\/gpl-love.com\/es\/wp-json\/wp\/v2\/product"}],"about":[{"href":"https:\/\/gpl-love.com\/es\/wp-json\/wp\/v2\/types\/product"}],"replies":[{"embeddable":true,"href":"https:\/\/gpl-love.com\/es\/wp-json\/wp\/v2\/comments?post=113331"}],"wp:featuredmedia":[{"embeddable":true,"href":"https:\/\/gpl-love.com\/es\/wp-json\/wp\/v2\/media\/167495"}],"wp:attachment":[{"href":"https:\/\/gpl-love.com\/es\/wp-json\/wp\/v2\/media?parent=113331"}],"wp:term":[{"taxonomy":"product_brand","embeddable":true,"href":"https:\/\/gpl-love.com\/es\/wp-json\/wp\/v2\/product_brand?post=113331"},{"taxonomy":"product_cat","embeddable":true,"href":"https:\/\/gpl-love.com\/es\/wp-json\/wp\/v2\/product_cat?post=113331"},{"taxonomy":"product_tag","embeddable":true,"href":"https:\/\/gpl-love.com\/es\/wp-json\/wp\/v2\/product_tag?post=113331"}],"curies":[{"name":"wp","href":"https:\/\/api.w.org\/{rel}","templated":true}]}}