{"id":113329,"date":"2026-02-26T00:00:00","date_gmt":"2026-02-26T05:00:00","guid":{"rendered":"http:\/\/gpl-love.com\/es\/producto\/media-file-renamer-pro-wordpress-plugin\/"},"modified":"2026-03-09T07:49:19","modified_gmt":"2026-03-09T12:49:19","slug":"media-file-renamer-pro-wordpress-plugin","status":"publish","type":"product","link":"https:\/\/gpl-love.com\/es\/producto\/media-file-renamer-pro-wordpress-plugin\/","title":{"rendered":"Media File Renamer Pro WordPress Plugin 6.2.2"},"content":{"rendered":"<h3>Media File Renamer Pro WordPress Plugin Caracteristicas<\/h3>\n<p>El complemento Renamer Pro WordPress del archivo de medios es una herramienta excepcionalmente potente que ayuda a la organizaci\u00f3n eficiente y manejable y el cambio de nombre de los archivos multimedia. Al utilizar este complemento, uno puede cambiar el nombre de los archivos de imagen, pdf, video y audio de imagen sin esfuerzo de acuerdo con los criterios espec\u00edficos, como el t\u00edtulo, la fecha o las palabras clave. Adem\u00e1s, incluso proporciona caracter\u00edsticas avanzadas adicionales, que incluyen cambio de nombre autom\u00e1tico, cambio de nombre a granel y opciones de b\u00fasqueda y reemplazo. Con la ayuda de este complemento, uno puede ahorrar eficazmente un tiempo y un esfuerzo valiosos asegurando que los archivos multimedia tengan un nombre y convenientemente localizable. En consecuencia, es una herramienta indispensable para cualquier sitio web de WordPress que se basa en gran medida en el contenido de los medios.<\/p>\n<ul>\n<li>Renombra los archivos multimedia en WordPress para una organizaci\u00f3n e identificaci\u00f3n m\u00e1s f\u00e1cil<\/li>\n<li>Admite el cambio de nombre de lotes para m\u00faltiples archivos a la vez<\/li>\n<li>Convenciones de nomenclatura personalizables basadas en el tipo de archivo, fecha y m\u00e1s<\/li>\n<li>Opciones para agregar prefijos, sufijos y numeraci\u00f3n incremental a los nombres de los archivos<\/li>\n<li>Actualiza autom\u00e1ticamente las referencias a archivos renombrados en su sitio web<\/li>\n<li>Incluye una herramienta de b\u00fasqueda y filtrado de biblioteca de medios incorporada<\/li>\n<li>Ayuda a mejorar el SEO creando nombres de archivos m\u00e1s descriptivos<\/li>\n<li>Compatible con todos los principales temas y complementos de WordPress<\/li>\n<li>Instalaci\u00f3n y configuraci\u00f3n f\u00e1ciles sin codificaci\u00f3n requerida<\/li>\n<\/ul>\n","protected":false},"excerpt":{"rendered":"<p>El archivo de medios Renamer Pro es un complemento de WordPress notablemente potente que ha sido meticulosamente elaborado para optimizar la gesti\u00f3n de su biblioteca de medios. Este complemento excepcional le permite cambiar el nombre de sus archivos multimedia sin esfuerzo, ya sea a granel o individualmente, todo de acuerdo con su formato personalizado y hecho a medida. Al realizar este proceso de cambio de nombre, puede mejorar profundamente la organizaci\u00f3n y la lucidez de su sitio web, facilitando as\u00ed una experiencia de b\u00fasqueda sin esfuerzo para sus estimados usuarios que pueden estar buscando im\u00e1genes espec\u00edficas, videos o archivos de audio. Lo que establece el archivo multimedia Renamer Pro es su interfaz de uso de usuarios e intuitiva incomparable, lo que lo convierte en la herramienta por excelencia para blogueros, fot\u00f3grafos e individuos encargados de la responsabilidad de administrar eficientemente sus extensas bibliotecas de medios.<\/p>\n","protected":false},"featured_media":166719,"comment_status":"open","ping_status":"open","template":"","meta":[],"product_brand":[2339],"product_cat":[1212,1206,1211],"product_tag":[1256],"class_list":{"0":"post-113329","1":"product","2":"type-product","3":"status-publish","4":"has-post-thumbnail","6":"product_brand-codecanyon","7":"product_cat-administracion-wordpress-plugins","8":"product_cat-plugins","9":"product_cat-wordpress-plugins","10":"product_tag-codecanyon","11":"member-discount","12":"discount-restricted","14":"first","15":"instock","16":"sale","17":"downloadable","18":"virtual","19":"sold-individually","20":"purchasable","21":"product-type-simple"},"_links":{"self":[{"href":"https:\/\/gpl-love.com\/es\/wp-json\/wp\/v2\/product\/113329","targetHints":{"allow":["GET"]}}],"collection":[{"href":"https:\/\/gpl-love.com\/es\/wp-json\/wp\/v2\/product"}],"about":[{"href":"https:\/\/gpl-love.com\/es\/wp-json\/wp\/v2\/types\/product"}],"replies":[{"embeddable":true,"href":"https:\/\/gpl-love.com\/es\/wp-json\/wp\/v2\/comments?post=113329"}],"wp:featuredmedia":[{"embeddable":true,"href":"https:\/\/gpl-love.com\/es\/wp-json\/wp\/v2\/media\/166719"}],"wp:attachment":[{"href":"https:\/\/gpl-love.com\/es\/wp-json\/wp\/v2\/media?parent=113329"}],"wp:term":[{"taxonomy":"product_brand","embeddable":true,"href":"https:\/\/gpl-love.com\/es\/wp-json\/wp\/v2\/product_brand?post=113329"},{"taxonomy":"product_cat","embeddable":true,"href":"https:\/\/gpl-love.com\/es\/wp-json\/wp\/v2\/product_cat?post=113329"},{"taxonomy":"product_tag","embeddable":true,"href":"https:\/\/gpl-love.com\/es\/wp-json\/wp\/v2\/product_tag?post=113329"}],"curies":[{"name":"wp","href":"https:\/\/api.w.org\/{rel}","templated":true}]}}