{"id":113327,"date":"2026-03-23T00:00:00","date_gmt":"2026-03-23T05:00:00","guid":{"rendered":"http:\/\/gpl-love.com\/es\/producto\/media-grid-wordpress-responsive-portfolio\/"},"modified":"2026-03-23T17:15:48","modified_gmt":"2026-03-23T22:15:48","slug":"media-grid-wordpress-responsive-portfolio","status":"publish","type":"product","link":"https:\/\/gpl-love.com\/es\/producto\/media-grid-wordpress-responsive-portfolio\/","title":{"rendered":"Media Grid WordPress Responsive Portfolio 9.2.2"},"content":{"rendered":"<h3>Media Grid WordPress Responsive Portfolio Caracteristicas<\/h3>\n<p>Media Grid WordPress Responsive Portfolio es un complemento excepcional que ha obtenido las mejores calificaciones y est\u00e1 dise\u00f1ado espec\u00edficamente para ayudar a los propietarios de sitios web en la creaci\u00f3n de carteras visualmente impresionantes y altamente receptivas que muestran efectivamente sus diversos trabajos y proyectos de una manera realmente impresionante. Este notable complemento ofrece una amplia gama de opciones de dise\u00f1o, que incluyen, entre otros, mamposter\u00eda, red y estilos justificados, otorgando as\u00ed a los usuarios la libertad de seleccionar el dise\u00f1o m\u00e1s adecuado que se alinea armoniosamente con su marca individual y sus preferencias de estilo \u00fanicas. Adem\u00e1s, este complemento tambi\u00e9n cuenta con un sistema de filtrado muy robusto y eficiente que permite a los usuarios organizar y examinar sin esfuerzo a trav\u00e9s de sus carteras en funci\u00f3n de diversos criterios, como categor\u00edas, etiquetas y formatos postales, facilitando as\u00ed la facilidad de accesibilidad y la experiencia mejorada del usuario. Adem\u00e1s, es crucial enfatizar que los creadores de este complemento excepcional han dado gran importancia al garantizar que est\u00e9 completamente optimizado y compatible con dispositivos m\u00f3viles, lo que garantiza que su cartera meticulosamente dise\u00f1ada exhiba una apariencia visualmente cautivadora y est\u00e9ticamente agradable en todo tipo de tipos. de dispositivos. Al aprovechar las capacidades formidables de la cartera receptiva de WordPress de la cuadr\u00edcula de medios, puede elaborar sin esfuerzo una cartera pulida y sofisticada que sin duda le permitir\u00e1 escapar sin esfuerzo un nicho distintivo para usted dentro de su industria respectiva.<\/p>\n<ul>\n<li>Grid de cartera totalmente personalizable y receptiva para sitios web de WordPress<\/li>\n<li>Mostrar f\u00e1cilmente im\u00e1genes, videos y archivos de audio en el dise\u00f1o de la cuadr\u00edcula interactiva<\/li>\n<li>Opci\u00f3n para filtrar contenido por categor\u00edas o etiquetas para una organizaci\u00f3n mejorada<\/li>\n<li>La funci\u00f3n Lightbox permite una vista ampliada de elementos de medios individuales<\/li>\n<li>Compatible con temas y complementos populares de WordPress<\/li>\n<li>Admite varios formatos de medios que incluyen videos JPG, PNG, GIF, MP4 y YouTube<\/li>\n<li>El editor intuitivo de arrastrar y soltar para una f\u00e1cil personalizaci\u00f3n sin codificar el conocimiento<\/li>\n<li>El sistema de almacenamiento de almacenamiento incorporado mejora la velocidad de carga para una mejor experiencia del usuario<\/li>\n<li>SEO optimizado para mejorar la clasificaci\u00f3n del motor de b\u00fasqueda<\/li>\n<li>Actualizaciones regulares y atenci\u00f3n al cliente 24\/7 proporcionados por desarrolladores experimentados.<\/li>\n<\/ul>\n","protected":false},"excerpt":{"rendered":"<p>Media Grid es un complemento de cartera receptivo de WordPress altamente eficiente y exquisitamente dise\u00f1ado que le presenta la oportunidad de exhibir sus im\u00e1genes, videos y audio en un dise\u00f1o de cuadr\u00edcula visualmente llamativo que cautivar\u00e1 a su audiencia. Este notable complemento ofrece una variedad de opciones de personalizaci\u00f3n que le permiten adaptar su cartera a sus especificaciones exactas, incluido un creador de dise\u00f1o flexible que le brinda la libertad de organizar su contenido de una manera que mejor se adapte a su visi\u00f3n art\u00edstica. Adem\u00e1s, Media Grid le otorga dise\u00f1os de cuadr\u00edcula ilimitados, lo que le permite mostrar su trabajo en varios arreglos y configuraciones, asegurando que su cartera permanezca fresca e innovadora. Adem\u00e1s, este complemento excepcional cuenta con opciones de filtrado avanzadas que permiten a sus televidentes navegar f\u00e1cilmente a trav\u00e9s de su cartera y localizar el contenido que m\u00e1s les interesa. Adem\u00e1s, Media Grid lo equipa con cajas de luz personalizables, aumentando el atractivo visual de su trabajo y proporcionando a su audiencia una experiencia de visualizaci\u00f3n inmersiva. La versatilidad de este complemento se extiende m\u00e1s all\u00e1 de las im\u00e1genes y los videos, ya que tambi\u00e9n otorga soporte para plataformas de medios populares como YouTube, Vimeo y SoundCloud, lo que le permite integrar perfectamente su contenido multimedia en su cartera. Ya sea que sea un fot\u00f3grafo profesional, un dise\u00f1ador talentoso, un artista brillante o un blogger apasionado, Media Grid es una herramienta indispensable que le permitir\u00e1 crear un sitio web de cartera atractivo y din\u00e1mico que dejar\u00e1 una impresi\u00f3n duradera en sus visitantes.<\/p>\n","protected":false},"featured_media":166721,"comment_status":"open","ping_status":"open","template":"","meta":[],"product_brand":[2339],"product_cat":[1214,1206,1211],"product_tag":[1256],"class_list":{"0":"post-113327","1":"product","2":"type-product","3":"status-publish","4":"has-post-thumbnail","6":"product_brand-codecanyon","7":"product_cat-personalizacion","8":"product_cat-plugins","9":"product_cat-wordpress-plugins","10":"product_tag-codecanyon","11":"member-discount","12":"discount-restricted","14":"first","15":"instock","16":"sale","17":"downloadable","18":"virtual","19":"sold-individually","20":"purchasable","21":"product-type-simple"},"_links":{"self":[{"href":"https:\/\/gpl-love.com\/es\/wp-json\/wp\/v2\/product\/113327","targetHints":{"allow":["GET"]}}],"collection":[{"href":"https:\/\/gpl-love.com\/es\/wp-json\/wp\/v2\/product"}],"about":[{"href":"https:\/\/gpl-love.com\/es\/wp-json\/wp\/v2\/types\/product"}],"replies":[{"embeddable":true,"href":"https:\/\/gpl-love.com\/es\/wp-json\/wp\/v2\/comments?post=113327"}],"wp:featuredmedia":[{"embeddable":true,"href":"https:\/\/gpl-love.com\/es\/wp-json\/wp\/v2\/media\/166721"}],"wp:attachment":[{"href":"https:\/\/gpl-love.com\/es\/wp-json\/wp\/v2\/media?parent=113327"}],"wp:term":[{"taxonomy":"product_brand","embeddable":true,"href":"https:\/\/gpl-love.com\/es\/wp-json\/wp\/v2\/product_brand?post=113327"},{"taxonomy":"product_cat","embeddable":true,"href":"https:\/\/gpl-love.com\/es\/wp-json\/wp\/v2\/product_cat?post=113327"},{"taxonomy":"product_tag","embeddable":true,"href":"https:\/\/gpl-love.com\/es\/wp-json\/wp\/v2\/product_tag?post=113327"}],"curies":[{"name":"wp","href":"https:\/\/api.w.org\/{rel}","templated":true}]}}