{"id":113325,"date":"2023-11-04T00:00:00","date_gmt":"2023-11-04T05:00:00","guid":{"rendered":"http:\/\/gpl-love.com\/es\/producto\/negan-clean-minimal-woocommerce-theme\/"},"modified":"2026-04-10T11:18:40","modified_gmt":"2026-04-10T16:18:40","slug":"negan-clean-minimal-woocommerce-theme","status":"publish","type":"product","link":"https:\/\/gpl-love.com\/es\/producto\/negan-clean-minimal-woocommerce-theme\/","title":{"rendered":"Negan Clean Minimal WooCommerce Theme 1.6.1"},"content":{"rendered":"<h3>Negan Clean Minimal WooCommerce Theme Caracteristicas<\/h3>\n<p>El tema de WooCommerce de Negan Clean Minimal, un dise\u00f1o de sitios web de comercio electr\u00f3nico notablemente receptivo, adaptable y profesional, es una opci\u00f3n ideal para las empresas en l\u00ednea. Haciendo uso de la tecnolog\u00eda de vanguardia, este tema garantiza un sitio web distintivo y sobresaliente, que lo distingue de sus competidores. Adem\u00e1s, el tema de WooCommerce m\u00ednimo de Negan Clean ofrece una instalaci\u00f3n y usabilidad sin esfuerzo, proporcionando m\u00faltiples dise\u00f1os y widgets preconstruidos que aceleran la creaci\u00f3n de un sitio web de comercio electr\u00f3nico impresionante y completamente funcional. Con este tema a su disposici\u00f3n, no solo puede mostrar sus productos de una manera est\u00e9ticamente agradable, sino que tambi\u00e9n puede garantizar una f\u00e1cil navegaci\u00f3n para sus clientes, lo que finalmente resulta en un aumento exponencial en las ventas en l\u00ednea. Independientemente de si usted es un novato o un propietario de una tienda en l\u00ednea experimentado, el tema de WooCommerce m\u00ednimo de Negan Clean demuestra ser la mejor opci\u00f3n para su sitio web de comercio electr\u00f3nico.<\/p>\n<ul>\n<li>Perfecto para crear una tienda en l\u00ednea limpia y m\u00ednima<\/li>\n<li>Compatible con WooCommerce para una f\u00e1cil venta en l\u00ednea<\/li>\n<li>Dise\u00f1o totalmente receptivo para una experiencia de usuario perfecta en todos los dispositivos<\/li>\n<li>P\u00e1gina de inicio personalizable para exhibir sus productos y marca<\/li>\n<li>M\u00faltiples opciones de encabezado y pie de p\u00e1gina para elegir<\/li>\n<li>Incluye una variedad de plantillas de p\u00e1gina para una f\u00e1cil creaci\u00f3n de sitios<\/li>\n<li>Integraci\u00f3n de redes sociales incorporadas para una mayor visibilidad y compromiso<\/li>\n<li>SEO optimizado para mejorar la clasificaci\u00f3n de su motor de b\u00fasqueda<\/li>\n<li>Incluye un poderoso panel de administraci\u00f3n para una f\u00e1cil gesti\u00f3n del sitio<\/li>\n<li>Documentaci\u00f3n y soporte extenso para un proceso de configuraci\u00f3n sin problemas<\/li>\n<\/ul>\n","protected":false},"excerpt":{"rendered":"<p>Estamos encantados de presentarle el tema de WooCommerce m\u00ednimo de Negan Clean, una resoluci\u00f3n impecable para establecer una tienda en l\u00ednea elegante y refinada. Con su dise\u00f1o simplista y desenfrenado, este tema ofrece una plataforma donde sus productos pueden destacarse sin esfuerzo sin ning\u00fan elemento disruptivo. Adem\u00e1s, la interfaz f\u00e1cil de usar garantiza que sus estimados clientes puedan navegar convenientemente a trav\u00e9s de su tienda y localizar sin esfuerzo los art\u00edculos deseados. Adem\u00e1s, la integraci\u00f3n impecable con WooCommerce facilita la gesti\u00f3n de inventario eficiente y el procesamiento de pedidos sin problemas, simplificando as\u00ed sus operaciones comerciales. Adem\u00e1s, el dise\u00f1o receptivo garantiza que su tienda exhiba una apariencia impresionante en todos los dispositivos, mejorando a\u00fan m\u00e1s la experiencia general del usuario. \u00a1Eleve su tienda en l\u00ednea a nuevas alturas de excelencia adoptando el tema de WooCommerce m\u00ednimo de Negan Clean sin demora!<\/p>\n","protected":false},"featured_media":166955,"comment_status":"open","ping_status":"open","template":"","meta":[],"product_brand":[2337],"product_cat":[1263,1469,1237],"product_tag":[1391],"class_list":{"0":"post-113325","1":"product","2":"type-product","3":"status-publish","4":"has-post-thumbnail","6":"product_brand-themeforest","7":"product_cat-comercio-electronico-temas","8":"product_cat-creativo-comercio-electronico-temas","9":"product_cat-temas","10":"product_tag-themeforest","11":"member-discount","12":"discount-restricted","14":"first","15":"instock","16":"sale","17":"downloadable","18":"virtual","19":"sold-individually","20":"purchasable","21":"product-type-simple"},"_links":{"self":[{"href":"https:\/\/gpl-love.com\/es\/wp-json\/wp\/v2\/product\/113325","targetHints":{"allow":["GET"]}}],"collection":[{"href":"https:\/\/gpl-love.com\/es\/wp-json\/wp\/v2\/product"}],"about":[{"href":"https:\/\/gpl-love.com\/es\/wp-json\/wp\/v2\/types\/product"}],"replies":[{"embeddable":true,"href":"https:\/\/gpl-love.com\/es\/wp-json\/wp\/v2\/comments?post=113325"}],"wp:featuredmedia":[{"embeddable":true,"href":"https:\/\/gpl-love.com\/es\/wp-json\/wp\/v2\/media\/166955"}],"wp:attachment":[{"href":"https:\/\/gpl-love.com\/es\/wp-json\/wp\/v2\/media?parent=113325"}],"wp:term":[{"taxonomy":"product_brand","embeddable":true,"href":"https:\/\/gpl-love.com\/es\/wp-json\/wp\/v2\/product_brand?post=113325"},{"taxonomy":"product_cat","embeddable":true,"href":"https:\/\/gpl-love.com\/es\/wp-json\/wp\/v2\/product_cat?post=113325"},{"taxonomy":"product_tag","embeddable":true,"href":"https:\/\/gpl-love.com\/es\/wp-json\/wp\/v2\/product_tag?post=113325"}],"curies":[{"name":"wp","href":"https:\/\/api.w.org\/{rel}","templated":true}]}}