{"id":113323,"date":"2024-09-08T00:00:00","date_gmt":"2024-09-08T05:00:00","guid":{"rendered":"http:\/\/gpl-love.com\/es\/producto\/newsomatic-automatic-news-post-generator-plugin-para-wordpress\/"},"modified":"2026-04-10T11:18:56","modified_gmt":"2026-04-10T16:18:56","slug":"newsomatic-automatic-news-post-generator-plugin-para-wordpress","status":"publish","type":"product","link":"https:\/\/gpl-love.com\/es\/producto\/newsomatic-automatic-news-post-generator-plugin-para-wordpress\/","title":{"rendered":"Newsomatic Automatic News Post Generator Plugin para WordPress 3.3.3"},"content":{"rendered":"<h3>Newsomatic Automatic News Post Generator Plugin para WordPress Caracteristicas<\/h3>\n<p>El complemento de generador de noticias autom\u00e1tico de Newsomatic para WordPress es una herramienta incre\u00edblemente potente y eficiente que otorga a los usuarios la capacidad de producir contenido de alta calidad, pertinente y cautivador para sus sitios web de WordPress. Este complemento erradica la necesidad de que los usuarios ejerceran cualquier energ\u00eda o esfuerzo mental por escrito, ya que recupera de forma aut\u00f3noma contenido de noticias de una gran cantidad de fuentes, que abarca los alimentos RSS, los sitios web de noticias y las cuentas de redes sociales, que posteriormente generan una sola vez en su tipo. Publicaciones que son amigables y distintivas de optimizaci\u00f3n de motores de b\u00fasqueda (SEO). Adem\u00e1s, otorga a los usuarios la capacidad de programar publicaciones, seleccionar categor\u00edas particulares y personalizar las plantillas de publicaciones. En resumen, el complemento Newsomatic es una soluci\u00f3n excepcional adaptada a las necesidades de los propietarios de sitios web que buscan economizar el tiempo, minimizar el esfuerzo y sostener simult\u00e1neamente una afluencia ininterrumpida de contenido nuevo y actualizado en sus sitios web.<\/p>\n<ul>\n<li>Genera autom\u00e1ticamente publicaciones de noticias para su sitio de WordPress<\/li>\n<li>Le ahorra tiempo y esfuerzo en la creaci\u00f3n de contenido<\/li>\n<li>Incluye un sistema de palabras clave incorporado para garantizar temas de noticias relevantes<\/li>\n<li>Le permite establecer sus fuentes preferidas para art\u00edculos de noticias<\/li>\n<li>Plantillas de publicaci\u00f3n personalizables para una apariencia constante<\/li>\n<li>Admite m\u00faltiples idiomas para la cobertura global<\/li>\n<li>Interfaz f\u00e1cil de usar para una f\u00e1cil configuraci\u00f3n y personalizaci\u00f3n<\/li>\n<li>Compatible con la mayor\u00eda de los temas y complementos de WordPress<\/li>\n<li>Actualizaciones y soporte regulares para un rendimiento \u00f3ptimo<\/li>\n<li>Aumenta el tr\u00e1fico del sitio y la participaci\u00f3n con actualizaciones de noticias frecuentes.<\/li>\n<\/ul>\n","protected":false},"excerpt":{"rendered":"<p>El complemento de generador de noticias autom\u00e1ticas de Newsomatic para WordPress es una herramienta extremadamente innovadora y de vanguardia que ofrece a los usuarios la capacidad excepcional de generar y inventar publicaciones de inter\u00e9s period\u00edstico de manera r\u00e1pida y sin esfuerzo para sus sitios web en unos segundos. Este complemento, con su interfaz perfecta f\u00e1cil de usar y sus funcionalidades notablemente avanzadas, capacita a las personas para forjar y fabricar contenido de alta calidad de nivel superior que se deriva sistem\u00e1tica y autom\u00e1ticamente de una amplia gama de fuentes. No hace falta decir que este notable complemento es el ep\u00edtome de la perfecci\u00f3n para los bloggers, plataformas de noticias en l\u00ednea y entidades comerciales que anhelan para garantizar que sus valiosos lectores est\u00e9n informados de manera consistente y exhaustiva y se mantengan al tanto de las \u00faltimas noticias y actualizaciones. Con el complemento de NEWSOMATIC Automatic News Post Generator, uno puede ahorrar inequ\u00edvocamente una inmensa cantidad de tiempo y esfuerzo valiosos, todo el tiempo garantiza que su sitio web permanezca sin fondos actualizado con una afluencia constante de contenido fresco, cautivador y fascinante.<\/p>\n","protected":false},"featured_media":166979,"comment_status":"open","ping_status":"open","template":"","meta":[],"product_brand":[2339],"product_cat":[1214,1206,1211],"product_tag":[1256],"class_list":{"0":"post-113323","1":"product","2":"type-product","3":"status-publish","4":"has-post-thumbnail","6":"product_brand-codecanyon","7":"product_cat-personalizacion","8":"product_cat-plugins","9":"product_cat-wordpress-plugins","10":"product_tag-codecanyon","11":"member-discount","12":"discount-restricted","14":"first","15":"instock","16":"sale","17":"downloadable","18":"virtual","19":"sold-individually","20":"purchasable","21":"product-type-simple"},"_links":{"self":[{"href":"https:\/\/gpl-love.com\/es\/wp-json\/wp\/v2\/product\/113323","targetHints":{"allow":["GET"]}}],"collection":[{"href":"https:\/\/gpl-love.com\/es\/wp-json\/wp\/v2\/product"}],"about":[{"href":"https:\/\/gpl-love.com\/es\/wp-json\/wp\/v2\/types\/product"}],"replies":[{"embeddable":true,"href":"https:\/\/gpl-love.com\/es\/wp-json\/wp\/v2\/comments?post=113323"}],"wp:featuredmedia":[{"embeddable":true,"href":"https:\/\/gpl-love.com\/es\/wp-json\/wp\/v2\/media\/166979"}],"wp:attachment":[{"href":"https:\/\/gpl-love.com\/es\/wp-json\/wp\/v2\/media?parent=113323"}],"wp:term":[{"taxonomy":"product_brand","embeddable":true,"href":"https:\/\/gpl-love.com\/es\/wp-json\/wp\/v2\/product_brand?post=113323"},{"taxonomy":"product_cat","embeddable":true,"href":"https:\/\/gpl-love.com\/es\/wp-json\/wp\/v2\/product_cat?post=113323"},{"taxonomy":"product_tag","embeddable":true,"href":"https:\/\/gpl-love.com\/es\/wp-json\/wp\/v2\/product_tag?post=113323"}],"curies":[{"name":"wp","href":"https:\/\/api.w.org\/{rel}","templated":true}]}}