{"id":113321,"date":"2025-10-02T00:00:00","date_gmt":"2025-10-02T05:00:00","guid":{"rendered":"http:\/\/gpl-love.com\/es\/producto\/nyture-elementor-woocommerce-theme\/"},"modified":"2026-04-10T11:19:59","modified_gmt":"2026-04-10T16:19:59","slug":"nyture-elementor-woocommerce-theme","status":"publish","type":"product","link":"https:\/\/gpl-love.com\/es\/producto\/nyture-elementor-woocommerce-theme\/","title":{"rendered":"Nyture Elementor WooCommerce Theme 2.1.1"},"content":{"rendered":"<h3>Nyture Elementor WooCommerce Theme Caracteristicas<\/h3>\n<p>El tema de Nyture Elementor WooCommerce, que es un tema de WordPress de alta gama atento a los sitios web de comercio electr\u00f3nico, cuenta con una multitud de caracter\u00edsticas excepcionales. Una de esas caracter\u00edsticas es su integraci\u00f3n con el Elementor Page Builder, una herramienta inmensamente eficiente que permite a los usuarios curar los dise\u00f1os y dise\u00f1os personalizados sin esfuerzo, todo sin requerir ninguna competencia t\u00e9cnica en la codificaci\u00f3n. Adem\u00e1s, este tema se integra perfectamente con WooCommerce, el complemento de comercio electr\u00f3nico m\u00e1s reconocido para WordPress, lo que permite a los usuarios establecer sin esfuerzo una tienda en l\u00ednea y comenzar sus esfuerzos de venta de productos. Entre la variedad de beneficios que ofrece este tema, proporciona una extensa colecci\u00f3n de plantillas y widgets predise\u00f1ados, incluidas, entre otros, p\u00e1ginas de productos, carros de compras y p\u00e1ginas de pago, todas las cuales sirven para facilitar la creaci\u00f3n de una est\u00e9ticamente agradable y agradable y agradable. Tienda en l\u00ednea completamente funcional. Adem\u00e1s, el tema de Nyture Elementor WooCommerce es totalmente receptivo y est\u00e1 completamente optimizado para tiempos de carga r\u00e1pidos, lo que garantiza que su sitio web no solo funcionar\u00e1 sin problemas, sino que tambi\u00e9n conserva su atractivo visual en todos los dispositivos. En conclusi\u00f3n, el tema de Nyture Elementor WooCommerce posee un nivel excepcional de potencia y versatilidad, lo que lo convierte en un activo invaluable para aquellos que buscan construir un sitio web de comercio electr\u00f3nico profesional y altamente efectivo.<\/p>\n<ul>\n<li>Dise\u00f1o elegante y moderno que mejora la experiencia del usuario<\/li>\n<li>Construido espec\u00edficamente para WooCommerce, lo que facilita la exhibici\u00f3n y la venta de productos<\/li>\n<li>Plantillas y dise\u00f1os de p\u00e1gina personalizables, lo que permite una apariencia \u00fanica<\/li>\n<li>Responsable m\u00f3vil, asegurando que el sitio se vea muy bien en todos los dispositivos<\/li>\n<li>Velocidades de carga r\u00e1pida para un rendimiento \u00f3ptimo<\/li>\n<li>Tipograf\u00eda avanzada y fuentes de Google incluidos para la personalizaci\u00f3n de la tipograf\u00eda<\/li>\n<li>Caracter\u00edstica de vista r\u00e1pida del producto incorporado para compras r\u00e1pidas y f\u00e1ciles<\/li>\n<li>Opciones de filtrado de productos para una mejor experiencia de navegaci\u00f3n<\/li>\n<li>Optimizaci\u00f3n de SEO para una mejor clasificaci\u00f3n de motores de b\u00fasqueda<\/li>\n<li>Compatible con complementos populares de WordPress para una funcionalidad adicional.<\/li>\n<\/ul>\n","protected":false},"excerpt":{"rendered":"<p>Si est\u00e1 buscando un medio para construir sin esfuerzo un impresionante sitio web de comercio electr\u00f3nico, entonces no hay necesidad de buscar m\u00e1s all\u00e1 del tema de Nyture Elementor WooCommerce. Este tema en particular es incre\u00edblemente vers\u00e1til y f\u00e1cil de usar, con una variedad de plantillas personalizables y una funcionalidad intuitiva de arrastrar y soltar. Adem\u00e1s, se integra sin problemas con WooCommerce, lo que permite una experiencia de ventas en l\u00ednea sin problemas y sin problemas. Con el tema de Nyture a su disposici\u00f3n, no solo podr\u00e1 presentar con estilo sus productos, sino que tambi\u00e9n podr\u00e1 establecer sin esfuerzo una pr\u00f3spera tienda en l\u00ednea.<\/p>\n","protected":false},"featured_media":167071,"comment_status":"open","ping_status":"open","template":"","meta":[],"product_brand":[2337],"product_cat":[1263,1469,1237],"product_tag":[1391],"class_list":{"0":"post-113321","1":"product","2":"type-product","3":"status-publish","4":"has-post-thumbnail","6":"product_brand-themeforest","7":"product_cat-comercio-electronico-temas","8":"product_cat-creativo-comercio-electronico-temas","9":"product_cat-temas","10":"product_tag-themeforest","11":"member-discount","12":"discount-restricted","14":"first","15":"instock","16":"sale","17":"downloadable","18":"virtual","19":"sold-individually","20":"purchasable","21":"product-type-simple"},"_links":{"self":[{"href":"https:\/\/gpl-love.com\/es\/wp-json\/wp\/v2\/product\/113321","targetHints":{"allow":["GET"]}}],"collection":[{"href":"https:\/\/gpl-love.com\/es\/wp-json\/wp\/v2\/product"}],"about":[{"href":"https:\/\/gpl-love.com\/es\/wp-json\/wp\/v2\/types\/product"}],"replies":[{"embeddable":true,"href":"https:\/\/gpl-love.com\/es\/wp-json\/wp\/v2\/comments?post=113321"}],"wp:featuredmedia":[{"embeddable":true,"href":"https:\/\/gpl-love.com\/es\/wp-json\/wp\/v2\/media\/167071"}],"wp:attachment":[{"href":"https:\/\/gpl-love.com\/es\/wp-json\/wp\/v2\/media?parent=113321"}],"wp:term":[{"taxonomy":"product_brand","embeddable":true,"href":"https:\/\/gpl-love.com\/es\/wp-json\/wp\/v2\/product_brand?post=113321"},{"taxonomy":"product_cat","embeddable":true,"href":"https:\/\/gpl-love.com\/es\/wp-json\/wp\/v2\/product_cat?post=113321"},{"taxonomy":"product_tag","embeddable":true,"href":"https:\/\/gpl-love.com\/es\/wp-json\/wp\/v2\/product_tag?post=113321"}],"curies":[{"name":"wp","href":"https:\/\/api.w.org\/{rel}","templated":true}]}}