{"id":113319,"date":"2021-05-11T00:00:00","date_gmt":"2021-05-11T05:00:00","guid":{"rendered":"http:\/\/gpl-love.com\/es\/producto\/ottro-portfolio-y-multipurpose-wordpress\/"},"modified":"2026-04-10T11:20:30","modified_gmt":"2026-04-10T16:20:30","slug":"ottro-portfolio-y-multipurpose-wordpress","status":"publish","type":"product","link":"https:\/\/gpl-love.com\/es\/producto\/ottro-portfolio-y-multipurpose-wordpress\/","title":{"rendered":"Ottro Portfolio y MultiPurpose WordPress 1.0.6"},"content":{"rendered":"<h3>Ottro Portfolio y MultiPurpose WordPress Caracteristicas<\/h3>\n<p>OTTRO Portfolio y MultipurSose WordPress, una plataforma notablemente vers\u00e1til y personalizable, proporciona a los usuarios la capacidad de crear sitios web impresionantes sin esfuerzo. Esta herramienta, conocida por su ingenio, muestra una variedad de caracter\u00edsticas que la convierten en una selecci\u00f3n excepcional para individuos y empresas ansiosas por establecer una presencia en l\u00ednea dominante. A trav\u00e9s de su interfaz f\u00e1cil de usar, los usuarios pueden generar y administrar sin esfuerzo sus sitios web, blogs y carteras. Adem\u00e1s, la cartera de Ottro y WordPress multiprop\u00f3sito cuenta con opciones de dise\u00f1o sofisticadas, incluida una multitud de plantillas personalizables y dise\u00f1os imaginativos, asegurando que los sitios web producidos usando esta plataforma sean distintos del resto. Adem\u00e1s, esta plataforma est\u00e1 equipada con herramientas de SEO robustas y elementos de dise\u00f1o receptivos, lo que garantiza que los sitios web no solo se vean notables sino que tambi\u00e9n funcionen admirablemente en cualquier dispositivo. En \u00faltima instancia, la cartera de ottro y WordPress multiprop\u00f3sito sirven como la soluci\u00f3n ideal para aquellos en busca de una plataforma confiable y extremadamente adaptable para construir su huella en l\u00ednea.<\/p>\n<ul>\n<li>Un tema de WordPress potente pero f\u00e1cil de usar que se puede utilizar para crear carteras, blogs, sitios web corporativos y muchos otros tipos de sitios<\/li>\n<li>Constructor de p\u00e1gina de arrastrar y soltar incorporado que le permite construir dise\u00f1os complejos f\u00e1cilmente<\/li>\n<li>Viene con una variedad de dise\u00f1os y dise\u00f1os prefabricados para usar como punto de partida o inspiraci\u00f3n para sus propios dise\u00f1os<\/li>\n<li>Totalmente receptivo y optimizado para todos los dispositivos, asegurando que su sitio se vea muy bien en escritorios, computadoras port\u00e1tiles, tabletas y tel\u00e9fonos inteligentes.<\/li>\n<li>Opciones personalizables de encabezado y pie de p\u00e1gina para que pueda personalizar su sitio y hacer que se destaque entre la multitud<\/li>\n<li>M\u00faltiples dise\u00f1os de cartera que incluyen opciones de cuadr\u00edcula, mamposter\u00eda y carrusel, as\u00ed como filtros y categor\u00edas de cartera para ayudar a sus visitantes a navegar y encontrar lo que est\u00e1n buscando<\/li>\n<li>Secci\u00f3n de blog f\u00e1cil de usar con m\u00faltiples opciones de dise\u00f1o y botones de intercambio social incorporados para que pueda hacer crecer f\u00e1cilmente a su audiencia en las plataformas de redes sociales<\/li>\n<li>Desmontaje de SEO y optimizado para tiempos de carga r\u00e1pidos para mejorar la clasificaci\u00f3n y la experiencia del usuario de su sitio<\/li>\n<li>Instalaci\u00f3n de contenido de demostraci\u00f3n de un solo clic que le permite replicar sitios de demostraci\u00f3n en un Jiffy<\/li>\n<li>M\u00faltiples opciones de personalizaci\u00f3n, incluidos esquemas de color, fuentes, fondos y m\u00e1s, que le permiten hacer coincidir el dise\u00f1o de su sitio con su marca o preferencias personales.<\/li>\n<\/ul>\n","protected":false},"excerpt":{"rendered":"<p>La cartera de Ottro y el tema de WordPress multiprop\u00f3sito, reconocido por su versatilidad y robustez, sirve como una soluci\u00f3n de sitio web excepcional adecuada para personas creativas y empresas. Este extraordinario tema cuenta con una variedad de caracter\u00edsticas, que presenta un dise\u00f1o elegante y altamente personalizable, acompa\u00f1ado de una mir\u00edada de dise\u00f1os de la p\u00e1gina de inicio, widgets personalizables y plantillas de p\u00e1gina que permiten una exposici\u00f3n perfecta de su trabajo o mercanc\u00eda. Adem\u00e1s, el tema OTTRO se integra perfectamente con complementos populares como WooCommerce y Contact Form 7, lo que lo convierte en la plataforma definitiva para elaborar un sitio web contempor\u00e1neo y pulido. Ya sea que se encuentre en el \u00e1mbito del trabajo independiente o encabezando una peque\u00f1a empresa, Ottro sirve como una herramienta invaluable para establecer una presencia sofisticada en l\u00ednea que no solo encarna la identidad de su marca, sino que tambi\u00e9n lo impulsa hacia sus aspiraciones empresariales.<\/p>\n","protected":false},"featured_media":167116,"comment_status":"open","ping_status":"open","template":"","meta":[],"product_brand":[2337],"product_cat":[1239,1237,1238],"product_tag":[1391],"class_list":{"0":"post-113319","1":"product","2":"type-product","3":"status-publish","4":"has-post-thumbnail","6":"product_brand-themeforest","7":"product_cat-de-multiples-fines","8":"product_cat-temas","9":"product_cat-wordpress-temas","10":"product_tag-themeforest","11":"member-discount","12":"discount-restricted","14":"first","15":"instock","16":"sale","17":"downloadable","18":"virtual","19":"sold-individually","20":"purchasable","21":"product-type-simple"},"_links":{"self":[{"href":"https:\/\/gpl-love.com\/es\/wp-json\/wp\/v2\/product\/113319","targetHints":{"allow":["GET"]}}],"collection":[{"href":"https:\/\/gpl-love.com\/es\/wp-json\/wp\/v2\/product"}],"about":[{"href":"https:\/\/gpl-love.com\/es\/wp-json\/wp\/v2\/types\/product"}],"replies":[{"embeddable":true,"href":"https:\/\/gpl-love.com\/es\/wp-json\/wp\/v2\/comments?post=113319"}],"wp:featuredmedia":[{"embeddable":true,"href":"https:\/\/gpl-love.com\/es\/wp-json\/wp\/v2\/media\/167116"}],"wp:attachment":[{"href":"https:\/\/gpl-love.com\/es\/wp-json\/wp\/v2\/media?parent=113319"}],"wp:term":[{"taxonomy":"product_brand","embeddable":true,"href":"https:\/\/gpl-love.com\/es\/wp-json\/wp\/v2\/product_brand?post=113319"},{"taxonomy":"product_cat","embeddable":true,"href":"https:\/\/gpl-love.com\/es\/wp-json\/wp\/v2\/product_cat?post=113319"},{"taxonomy":"product_tag","embeddable":true,"href":"https:\/\/gpl-love.com\/es\/wp-json\/wp\/v2\/product_tag?post=113319"}],"curies":[{"name":"wp","href":"https:\/\/api.w.org\/{rel}","templated":true}]}}