{"id":113317,"date":"2025-08-07T00:00:00","date_gmt":"2025-08-07T05:00:00","guid":{"rendered":"http:\/\/gpl-love.com\/es\/producto\/rakon-creative-multi-purpose-wordpress-theme\/"},"modified":"2026-04-10T11:22:48","modified_gmt":"2026-04-10T16:22:48","slug":"rakon-creative-multi-purpose-wordpress-theme","status":"publish","type":"product","link":"https:\/\/gpl-love.com\/es\/producto\/rakon-creative-multi-purpose-wordpress-theme\/","title":{"rendered":"Rakon Creative Multi-Purpose WordPress Theme 2.2.8"},"content":{"rendered":"<h3>Rakon Creative Multi-Purpose WordPress Theme Caracteristicas<\/h3>\n<p>El tema de WordPress multiprop\u00f3sito Rakon Creative es un tema altamente vers\u00e1til y personalizable que ha sido dise\u00f1ado espec\u00edficamente para satisfacer las diversas necesidades de profesionales creativos y empresas por igual. Este tema cuenta con un dise\u00f1o moderno e intuitivo, que sirve como el tel\u00f3n de fondo perfecto para mostrar su impresionante cartera, servicios y productos de una manera est\u00e9ticamente agradable. Adem\u00e1s, el tema ofrece una extensa variedad de plantillas y dise\u00f1os preconstruidos que se pueden adaptar sin esfuerzo para reflejar el aspecto \u00fanico de su marca. Adem\u00e1s, los usuarios pueden aprovechar las caracter\u00edsticas avanzadas del tema, que incluyen constructores de p\u00e1ginas de arrastrar y soltar, capacidades de dise\u00f1o receptivas, un panel de administraci\u00f3n robusto y funcionalidades de optimizaci\u00f3n de motores de b\u00fasqueda. Estos elementos sofisticados se combinan para garantizar que incluso aquellos sin ning\u00fan conocimiento de codificaci\u00f3n puedan crear sin esfuerzo un sitio web visualmente impresionante y profesional. Independientemente de si usted es un profesional independiente, una agencia o un propietario de un negocio, el tema de WordPress multiprop\u00f3sito Rakon Creative le proporciona una plataforma incre\u00edblemente flexible y poderosa para mostrar sus esfuerzos creativos y expandir su presencia en l\u00ednea.<\/p>\n<ul>\n<li>Dise\u00f1o vers\u00e1til y llamativo<\/li>\n<li>Totalmente receptivo y amigable para m\u00f3viles<\/li>\n<li>Construido sobre la \u00faltima tecnolog\u00eda de WordPress<\/li>\n<li>F\u00e1cil de personalizar con la interfaz de arrastrar y soltar<\/li>\n<li>Compatible con complementos populares como WooCommerce y el Formulario de contacto 7<\/li>\n<li>Incluye m\u00faltiples p\u00e1ginas de inicio y dise\u00f1os de p\u00e1gina interno<\/li>\n<li>Utiliza tendencias modernas de dise\u00f1o web para el m\u00e1ximo impacto<\/li>\n<li>SEO optimizado para una mayor visibilidad del motor de b\u00fasqueda<\/li>\n<li>Incluye una amplia documentaci\u00f3n y soporte para los usuarios<\/li>\n<\/ul>\n","protected":false},"excerpt":{"rendered":"<p>El tema de WordPress multiprop\u00f3sito Rakon Creative se presenta como una opci\u00f3n integral e inclusiva para individuos y empresas que buscan construir un sitio web impresionante. Con una variedad diversa de caracter\u00edsticas y m\u00f3dulos personalizables, este tema atiende a los requisitos \u00fanicos y espec\u00edficos de cualquier empresa o individuo determinado. Su versatilidad es evidente en la amplia gama de dise\u00f1os y estilos disponibles, lo que garantiza que pueda adaptarse y acomodar sin problemas cualquier proyecto o preferencia de dise\u00f1o. Si el objetivo de uno es establecer un blog personal o una plataforma de negocios profesional, Rakon inequ\u00edvocamente ofrece las herramientas y recursos necesarios para cumplir con estas ambiciones. Adem\u00e1s, con su interfaz f\u00e1cil de usar y su dise\u00f1o receptivo, los usuarios pueden estar seguros de que este tema brindar\u00e1 una experiencia del usuario incomparable y excepcional, comprometiendo y cautivando efectivamente la atenci\u00f3n de sus visitantes.<\/p>\n","protected":false},"featured_media":167309,"comment_status":"open","ping_status":"open","template":"","meta":[],"product_brand":[2337],"product_cat":[1239,1237,1238],"product_tag":[1391],"class_list":{"0":"post-113317","1":"product","2":"type-product","3":"status-publish","4":"has-post-thumbnail","6":"product_brand-themeforest","7":"product_cat-de-multiples-fines","8":"product_cat-temas","9":"product_cat-wordpress-temas","10":"product_tag-themeforest","11":"member-discount","12":"discount-restricted","14":"first","15":"instock","16":"sale","17":"downloadable","18":"virtual","19":"sold-individually","20":"purchasable","21":"product-type-simple"},"_links":{"self":[{"href":"https:\/\/gpl-love.com\/es\/wp-json\/wp\/v2\/product\/113317","targetHints":{"allow":["GET"]}}],"collection":[{"href":"https:\/\/gpl-love.com\/es\/wp-json\/wp\/v2\/product"}],"about":[{"href":"https:\/\/gpl-love.com\/es\/wp-json\/wp\/v2\/types\/product"}],"replies":[{"embeddable":true,"href":"https:\/\/gpl-love.com\/es\/wp-json\/wp\/v2\/comments?post=113317"}],"wp:featuredmedia":[{"embeddable":true,"href":"https:\/\/gpl-love.com\/es\/wp-json\/wp\/v2\/media\/167309"}],"wp:attachment":[{"href":"https:\/\/gpl-love.com\/es\/wp-json\/wp\/v2\/media?parent=113317"}],"wp:term":[{"taxonomy":"product_brand","embeddable":true,"href":"https:\/\/gpl-love.com\/es\/wp-json\/wp\/v2\/product_brand?post=113317"},{"taxonomy":"product_cat","embeddable":true,"href":"https:\/\/gpl-love.com\/es\/wp-json\/wp\/v2\/product_cat?post=113317"},{"taxonomy":"product_tag","embeddable":true,"href":"https:\/\/gpl-love.com\/es\/wp-json\/wp\/v2\/product_tag?post=113317"}],"curies":[{"name":"wp","href":"https:\/\/api.w.org\/{rel}","templated":true}]}}