{"id":113315,"date":"2025-04-14T00:00:00","date_gmt":"2025-04-14T05:00:00","guid":{"rendered":"http:\/\/gpl-love.com\/es\/producto\/simple-weather-wordpress-shortcode-y-widget\/"},"modified":"2026-04-10T11:24:52","modified_gmt":"2026-04-10T16:24:52","slug":"simple-weather-wordpress-shortcode-y-widget","status":"publish","type":"product","link":"https:\/\/gpl-love.com\/es\/producto\/simple-weather-wordpress-shortcode-y-widget\/","title":{"rendered":"Simple Weather WordPress Shortcode y Widget 4.5.1"},"content":{"rendered":"<h3>Simple Weather WordPress Shortcode y Widget Caracteristicas<\/h3>\n<p>El simple shortcode y el widget de WordPress del clima es una herramienta altamente f\u00e1cil de usar y navegable sin esfuerzo que otorga a los usuarios la capacidad de presentar informaci\u00f3n meteorol\u00f3gica integral sin esfuerzo en su sitio web. Con solo un solo pu\u00f1ado de clics, los usuarios pueden incorporar a la perfecci\u00f3n un widget meteorol\u00f3gico completamente personalizado en su p\u00e1gina web o publicaci\u00f3n de blog utilizando un c\u00f3digo corto sencillo. Este widget excepcional proporciona a los usuarios los datos meteorol\u00f3gicos m\u00e1s actualizados y meticulosamente precisos, que abarcan detalles cr\u00edticos como la temperatura, la velocidad del viento y la precipitaci\u00f3n, para pr\u00e1cticamente cualquier ubicaci\u00f3n deseada en todo el mundo. Adem\u00e1s, a los usuarios se les otorga la libertad de seleccionar de una extensa gama de preferencias de visualizaci\u00f3n, incluidas unidades de temperatura y colores de fondo, facilitando as\u00ed la integraci\u00f3n armoniosa del widget con el tema general de su sitio web. Esta herramienta invaluable demuestra indiscutiblemente ser un activo indispensable para un grupo demogr\u00e1fico diverso, que abarca los blogueros, los propietarios astutos de las peque\u00f1as empresas y todas las personas que se esfuerzan por aumentar el valor de su sitio web a trav\u00e9s de la implementaci\u00f3n de contenido invaluable y cautivador.<\/p>\n<ul>\n<li>C\u00f3digo de clima y widget de clima f\u00e1cil de usar para sitios web de WordPress<\/li>\n<li>Proporciona informaci\u00f3n meteorol\u00f3gica precisa y actualizada<\/li>\n<li>Personalizable para que coincida con el dise\u00f1o y el esquema de color de su sitio web<\/li>\n<li>Funciona con cualquier tema de WordPress y es sensible a los dispositivos m\u00f3viles<\/li>\n<li>Admite m\u00faltiples ubicaciones, por lo que puede mostrar informaci\u00f3n meteorol\u00f3gica para diferentes ciudades o regiones<\/li>\n<li>Detecta autom\u00e1ticamente la ubicaci\u00f3n del usuario y muestra el clima local<\/li>\n<li>Incluye un pron\u00f3stico del tiempo detallado para los pr\u00f3ximos d\u00edas<\/li>\n<li>Viene con excelente atenci\u00f3n al cliente y actualizaciones frecuentes<\/li>\n<li>Compatible con la \u00faltima versi\u00f3n de WordPress<\/li>\n<li>Ayuda a mejorar la experiencia del usuario y mantener a los visitantes comprometidos en su sitio web.<\/li>\n<\/ul>\n","protected":false},"excerpt":{"rendered":"<p>El simple complemento de WordPress WordPress WordPress es una herramienta incre\u00edblemente conveniente que le brinda la capacidad de mostrar los datos meteorol\u00f3gicos sin problemas en su sitio web. Simplemente ejecutando algunos clics sin esfuerzo, puede incorporar sin esfuerzo un sorprendente widget meteorol\u00f3gico en su barra lateral o utilizar alternativamente el c\u00f3digo corto para insertar la informaci\u00f3n meteorol\u00f3gica sin problemas en cualquiera de sus publicaciones o p\u00e1ginas. El complemento en cuesti\u00f3n abarca una gran cantidad de opciones de personalizaci\u00f3n, lo que le brinda la oportunidad de seleccionar la ubicaci\u00f3n, las unidades de medici\u00f3n y el estilo que idealmente se alinean con sus requisitos \u00fanicos. Ya sea que sea el propietario de un blog de viajes vibrante o simplemente se esfuerce por asegurarse de que sus lectores permanezcan debidamente informados sobre las condiciones clim\u00e1ticas en sus alrededores, este ingenioso complemento sirve como un activo invaluable para incorporar informaci\u00f3n indispensable en su estimado sitio.<\/p>\n","protected":false},"featured_media":167493,"comment_status":"open","ping_status":"open","template":"","meta":[],"product_brand":[2339],"product_cat":[1214,1206,1211],"product_tag":[1256],"class_list":{"0":"post-113315","1":"product","2":"type-product","3":"status-publish","4":"has-post-thumbnail","6":"product_brand-codecanyon","7":"product_cat-personalizacion","8":"product_cat-plugins","9":"product_cat-wordpress-plugins","10":"product_tag-codecanyon","11":"member-discount","12":"discount-restricted","14":"first","15":"instock","16":"sale","17":"downloadable","18":"virtual","19":"sold-individually","20":"purchasable","21":"product-type-simple"},"_links":{"self":[{"href":"https:\/\/gpl-love.com\/es\/wp-json\/wp\/v2\/product\/113315","targetHints":{"allow":["GET"]}}],"collection":[{"href":"https:\/\/gpl-love.com\/es\/wp-json\/wp\/v2\/product"}],"about":[{"href":"https:\/\/gpl-love.com\/es\/wp-json\/wp\/v2\/types\/product"}],"replies":[{"embeddable":true,"href":"https:\/\/gpl-love.com\/es\/wp-json\/wp\/v2\/comments?post=113315"}],"wp:featuredmedia":[{"embeddable":true,"href":"https:\/\/gpl-love.com\/es\/wp-json\/wp\/v2\/media\/167493"}],"wp:attachment":[{"href":"https:\/\/gpl-love.com\/es\/wp-json\/wp\/v2\/media?parent=113315"}],"wp:term":[{"taxonomy":"product_brand","embeddable":true,"href":"https:\/\/gpl-love.com\/es\/wp-json\/wp\/v2\/product_brand?post=113315"},{"taxonomy":"product_cat","embeddable":true,"href":"https:\/\/gpl-love.com\/es\/wp-json\/wp\/v2\/product_cat?post=113315"},{"taxonomy":"product_tag","embeddable":true,"href":"https:\/\/gpl-love.com\/es\/wp-json\/wp\/v2\/product_tag?post=113315"}],"curies":[{"name":"wp","href":"https:\/\/api.w.org\/{rel}","templated":true}]}}