{"id":113238,"date":"2022-06-07T00:00:00","date_gmt":"2022-06-07T05:00:00","guid":{"rendered":"http:\/\/gpl-love.com\/es\/?post_type=product&#038;p=113238"},"modified":"2026-03-09T08:27:43","modified_gmt":"2026-03-09T13:27:43","slug":"wp-ai-assistant","status":"publish","type":"product","link":"https:\/\/gpl-love.com\/es\/producto\/wp-ai-assistant\/","title":{"rendered":"WP A.I. Assistant 2.911"},"content":{"rendered":"<h3>WP A.I. Assistant Caracteristicas<\/h3>\n<p>El WP A.I. Asistente es una herramienta incre\u00edblemente potente e indispensable dise\u00f1ada espec\u00edficamente para propietarios y gerentes de sitios web. Con su amplia gama de caracter\u00edsticas y capacidades, este asistente inteligente ofrece un medio perfecto y eficiente para acceder y administrar datos y tareas cr\u00edticas, simplificando as\u00ed el proceso de supervisi\u00f3n de m\u00faltiples sitios web. Aprovechando la tecnolog\u00eda de inteligencia artificial de vanguardia, esta herramienta tiene la capacidad de proporcionar ideas y recomendaciones invaluables destinadas a optimizar el rendimiento del sitio web, mejorar la experiencia del usuario y elevar las clasificaciones de motores de b\u00fasqueda. Ya sea que uno sea propietario de un sitio web experimentado o un novato que reci\u00e9n comience su viaje en l\u00ednea, el WP A.I. El asistente indudablemente representa una inversi\u00f3n esencial para cualquier negocio en l\u00ednea exigente.<\/p>\n<ul>\n<li>Rimensiva del flujo de trabajo y aumenta la eficiencia al automatizar tareas mundanas<\/li>\n<li>Mejora la productividad al proporcionar informaci\u00f3n y an\u00e1lisis de datos precisos en tiempo real<\/li>\n<li>Reduce los errores y mejora la precisi\u00f3n con el procesamiento y el an\u00e1lisis de datos inteligentes<\/li>\n<li>Optimiza la asignaci\u00f3n y programaci\u00f3n de recursos con capacidades de planificaci\u00f3n avanzada<\/li>\n<li>Ayuda a garantizar el cumplimiento regulatorio al monitorear e informar autom\u00e1ticamente sobre los datos relevantes<\/li>\n<li>Proporciona experiencias y recomendaciones personalizadas de los usuarios basados \u200b\u200ben preferencias y comportamientos individuales.<\/li>\n<li>Se integra f\u00e1cilmente con el software y los sistemas existentes, minimizando la interrupci\u00f3n y la maximizaci\u00f3n del ROI<\/li>\n<li>Ofrece una escalabilidad y flexibilidad perfecta para adaptarse a las necesidades y requisitos comerciales en evoluci\u00f3n<\/li>\n<li>Ofrece resultados medibles y ROI a trav\u00e9s de una mejor eficiencia, productividad y rendimiento.<\/li>\n<\/ul>\n","protected":false},"excerpt":{"rendered":"<p>El WP A.I. El asistente, un complemento altamente sofisticado, se ha desarrollado meticulosamente para optimizar las complejidades de la administraci\u00f3n del sitio web y elevar el encuentro general del usuario. Aprovechando sus habilidades de inteligencia artificial de \u00faltima generaci\u00f3n, aborda las consultas de manera r\u00e1pida y precisa, automatiza diversas tareas relacionadas con el sitio y extiende recomendaciones personalizadas para mantener un grado elevado de productividad. Esta herramienta ejemplar sirve como ep\u00edtome para empresas e individuos que buscan optimizar eficientemente su sitio web de WordPress.<\/p>\n","protected":false},"featured_media":168364,"comment_status":"open","ping_status":"open","template":"","meta":[],"product_brand":[2339],"product_cat":[1232,1206,1211],"product_tag":[1256],"class_list":{"0":"post-113238","1":"product","2":"type-product","3":"status-publish","4":"has-post-thumbnail","6":"product_brand-codecanyon","7":"product_cat-marketing-wordpress-plugins","8":"product_cat-plugins","9":"product_cat-wordpress-plugins","10":"product_tag-codecanyon","11":"member-discount","12":"discount-restricted","14":"first","15":"instock","16":"sale","17":"downloadable","18":"virtual","19":"sold-individually","20":"purchasable","21":"product-type-simple"},"_links":{"self":[{"href":"https:\/\/gpl-love.com\/es\/wp-json\/wp\/v2\/product\/113238","targetHints":{"allow":["GET"]}}],"collection":[{"href":"https:\/\/gpl-love.com\/es\/wp-json\/wp\/v2\/product"}],"about":[{"href":"https:\/\/gpl-love.com\/es\/wp-json\/wp\/v2\/types\/product"}],"replies":[{"embeddable":true,"href":"https:\/\/gpl-love.com\/es\/wp-json\/wp\/v2\/comments?post=113238"}],"wp:featuredmedia":[{"embeddable":true,"href":"https:\/\/gpl-love.com\/es\/wp-json\/wp\/v2\/media\/168364"}],"wp:attachment":[{"href":"https:\/\/gpl-love.com\/es\/wp-json\/wp\/v2\/media?parent=113238"}],"wp:term":[{"taxonomy":"product_brand","embeddable":true,"href":"https:\/\/gpl-love.com\/es\/wp-json\/wp\/v2\/product_brand?post=113238"},{"taxonomy":"product_cat","embeddable":true,"href":"https:\/\/gpl-love.com\/es\/wp-json\/wp\/v2\/product_cat?post=113238"},{"taxonomy":"product_tag","embeddable":true,"href":"https:\/\/gpl-love.com\/es\/wp-json\/wp\/v2\/product_tag?post=113238"}],"curies":[{"name":"wp","href":"https:\/\/api.w.org\/{rel}","templated":true}]}}